{"id":6240,"date":"2025-02-27T08:37:43","date_gmt":"2025-02-27T07:37:43","guid":{"rendered":"https:\/\/federacja.bialystok.pl\/?page_id=6240"},"modified":"2025-02-27T08:45:17","modified_gmt":"2025-02-27T07:45:17","slug":"koszyk-uslug-spolecznych","status":"publish","type":"page","link":"https:\/\/federacja.bialystok.pl\/index.php\/inne-dzialania\/koszyk-uslug-spolecznych\/","title":{"rendered":"Koszyk Us\u0142ug Spo\u0142ecznych"},"content":{"rendered":"<p data-start=\"0\" data-end=\"425\">Zapraszamy do odwiedzenia strony <a href=\"https:\/\/www.koszykuslugspolecznych.pl\" target=\"_new\" rel=\"noopener\" data-start=\"33\" data-end=\"103\">www.koszykuslugspolecznych.pl<\/a>, kt\u00f3ra zosta\u0142a stworzona, aby zintegrowa\u0107 r\u00f3\u017cnorodne formy wsparcia i u\u0142atwi\u0107 mieszka\u0144com dost\u0119p do niezb\u0119dnych us\u0142ug spo\u0142ecznych.<\/p>\n<div class=\"relative inline-flex items-center\">Dzi\u0119ki tej platformie mo\u017cesz \u0142atwo znale\u017a\u0107 informacje o dost\u0119pnych us\u0142ugach w Twoim regionie, co pozwoli Ci szybko i skutecznie uzyska\u0107 potrzebn\u0105 pomoc.<\/div>\n<p data-start=\"427\" data-end=\"781\">Strona oferuje uporz\u0105dkowan\u0105 baz\u0119 danych, kt\u00f3ra jest regularnie aktualizowana, aby zapewni\u0107 najbardziej aktualne informacje o dost\u0119pnych us\u0142ugach spo\u0142ecznych. Niezale\u017cnie od tego, czy szukasz wsparcia dla siebie, swojej rodziny czy spo\u0142eczno\u015bci, <a href=\"https:\/\/www.koszykuslugspolecznych.pl\" target=\"_new\" rel=\"noopener\" data-start=\"673\" data-end=\"743\">www.koszykuslugspolecznych.pl<\/a> jest miejscem, kt\u00f3re warto odwiedzi\u0107.<\/p>\n<p data-start=\"783\" data-end=\"865\">Nie czekaj \u2013 skorzystaj z dost\u0119pnych zasob\u00f3w i znajd\u017a potrzebne wsparcie ju\u017c dzi\u015b!<\/p>\n<p data-start=\"783\" data-end=\"865\"><strong>Partnerem Strategicznym Koszyka Us\u0142ug Spo\u0142ecznych jest Wojew\u00f3dztwo Podlaskie.<\/strong><\/p>\n<p data-start=\"783\" data-end=\"865\"><img loading=\"lazy\" decoding=\"async\" class=\"alignnone size-medium wp-image-6226\" src=\"https:\/\/federacja.bialystok.pl\/wp-content\/uploads\/2025\/02\/1296x600-300x139.jpg\" alt=\"\" width=\"300\" height=\"139\" srcset=\"https:\/\/federacja.bialystok.pl\/wp-content\/uploads\/2025\/02\/1296x600-300x139.jpg 300w, https:\/\/federacja.bialystok.pl\/wp-content\/uploads\/2025\/02\/1296x600-1024x474.jpg 1024w, https:\/\/federacja.bialystok.pl\/wp-content\/uploads\/2025\/02\/1296x600-430x199.jpg 430w, https:\/\/federacja.bialystok.pl\/wp-content\/uploads\/2025\/02\/1296x600-860x398.jpg 860w, https:\/\/federacja.bialystok.pl\/wp-content\/uploads\/2025\/02\/1296x600-600x278.jpg 600w, https:\/\/federacja.bialystok.pl\/wp-content\/uploads\/2025\/02\/1296x600.jpg 1296w\" sizes=\"auto, (max-width: 300px) 100vw, 300px\" \/><\/p>\n","protected":false},"excerpt":{"rendered":"<p>Zapraszamy do odwiedzenia strony www.koszykuslugspolecznych.pl, kt\u00f3ra zosta\u0142a stworzona, aby zintegrowa\u0107 r\u00f3\u017cnorodne formy wsparcia i u\u0142atwi\u0107 mieszka\u0144com dost\u0119p do niezb\u0119dnych us\u0142ug spo\u0142ecznych. Dzi\u0119ki tej platformie mo\u017cesz \u0142atwo znale\u017a\u0107 informacje o dost\u0119pnych us\u0142ugach w Twoim regionie, co pozwoli Ci szybko i skutecznie uzyska\u0107 potrzebn\u0105 pomoc. Strona oferuje uporz\u0105dkowan\u0105 baz\u0119 danych, kt\u00f3ra jest [&hellip;]<\/p>\n","protected":false},"author":3,"featured_media":0,"parent":5709,"menu_order":0,"comment_status":"closed","ping_status":"closed","template":"","meta":{"om_disable_all_campaigns":false,"_monsterinsights_skip_tracking":false,"_monsterinsights_sitenote_active":false,"_monsterinsights_sitenote_note":"","_monsterinsights_sitenote_category":0,"footnotes":""},"class_list":["post-6240","page","type-page","status-publish","hentry"],"yoast_head":"<!-- This site is optimized with the Yoast SEO plugin v24.5 - https:\/\/yoast.com\/wordpress\/plugins\/seo\/ -->\n<title>Koszyk Us\u0142ug Spo\u0142ecznych - Federacja Organizacji Pozarz\u0105dowych Miasta Bia\u0142ystok<\/title>\n<meta name=\"robots\" content=\"index, follow, max-snippet:-1, max-image-preview:large, max-video-preview:-1\" \/>\n<link rel=\"canonical\" href=\"https:\/\/federacja.bialystok.pl\/index.php\/inne-dzialania\/koszyk-uslug-spolecznych\/\" \/>\n<meta property=\"og:locale\" content=\"pl_PL\" \/>\n<meta property=\"og:type\" content=\"article\" \/>\n<meta property=\"og:title\" content=\"Koszyk Us\u0142ug Spo\u0142ecznych - Federacja Organizacji Pozarz\u0105dowych Miasta Bia\u0142ystok\" \/>\n<meta property=\"og:description\" content=\"Zapraszamy do odwiedzenia strony www.koszykuslugspolecznych.pl, kt\u00f3ra zosta\u0142a stworzona, aby zintegrowa\u0107 r\u00f3\u017cnorodne formy wsparcia i u\u0142atwi\u0107 mieszka\u0144com dost\u0119p do niezb\u0119dnych us\u0142ug spo\u0142ecznych. Dzi\u0119ki tej platformie mo\u017cesz \u0142atwo znale\u017a\u0107 informacje o dost\u0119pnych us\u0142ugach w Twoim regionie, co pozwoli Ci szybko i skutecznie uzyska\u0107 potrzebn\u0105 pomoc. Strona oferuje uporz\u0105dkowan\u0105 baz\u0119 danych, kt\u00f3ra jest [&hellip;]\" \/>\n<meta property=\"og:url\" content=\"https:\/\/federacja.bialystok.pl\/index.php\/inne-dzialania\/koszyk-uslug-spolecznych\/\" \/>\n<meta property=\"og:site_name\" content=\"Federacja Organizacji Pozarz\u0105dowych Miasta Bia\u0142ystok\" \/>\n<meta property=\"article:modified_time\" content=\"2025-02-27T07:45:17+00:00\" \/>\n<meta property=\"og:image\" content=\"https:\/\/federacja.bialystok.pl\/wp-content\/uploads\/2025\/02\/1296x600.jpg\" \/>\n\t<meta property=\"og:image:width\" content=\"1296\" \/>\n\t<meta property=\"og:image:height\" content=\"600\" \/>\n\t<meta property=\"og:image:type\" content=\"image\/jpeg\" \/>\n<meta name=\"twitter:card\" content=\"summary_large_image\" \/>\n<meta name=\"twitter:label1\" content=\"Szacowany czas czytania\" \/>\n\t<meta name=\"twitter:data1\" content=\"1 minuta\" \/>\n<script type=\"application\/ld+json\" class=\"yoast-schema-graph\">{\"@context\":\"https:\/\/schema.org\",\"@graph\":[{\"@type\":\"WebPage\",\"@id\":\"https:\/\/federacja.bialystok.pl\/index.php\/inne-dzialania\/koszyk-uslug-spolecznych\/\",\"url\":\"https:\/\/federacja.bialystok.pl\/index.php\/inne-dzialania\/koszyk-uslug-spolecznych\/\",\"name\":\"Koszyk Us\u0142ug Spo\u0142ecznych - Federacja Organizacji Pozarz\u0105dowych Miasta Bia\u0142ystok\",\"isPartOf\":{\"@id\":\"https:\/\/federacja.bialystok.pl\/#website\"},\"primaryImageOfPage\":{\"@id\":\"https:\/\/federacja.bialystok.pl\/index.php\/inne-dzialania\/koszyk-uslug-spolecznych\/#primaryimage\"},\"image\":{\"@id\":\"https:\/\/federacja.bialystok.pl\/index.php\/inne-dzialania\/koszyk-uslug-spolecznych\/#primaryimage\"},\"thumbnailUrl\":\"https:\/\/federacja.bialystok.pl\/wp-content\/uploads\/2025\/02\/1296x600-300x139.jpg\",\"datePublished\":\"2025-02-27T07:37:43+00:00\",\"dateModified\":\"2025-02-27T07:45:17+00:00\",\"breadcrumb\":{\"@id\":\"https:\/\/federacja.bialystok.pl\/index.php\/inne-dzialania\/koszyk-uslug-spolecznych\/#breadcrumb\"},\"inLanguage\":\"pl-PL\",\"potentialAction\":[{\"@type\":\"ReadAction\",\"target\":[\"https:\/\/federacja.bialystok.pl\/index.php\/inne-dzialania\/koszyk-uslug-spolecznych\/\"]}]},{\"@type\":\"ImageObject\",\"inLanguage\":\"pl-PL\",\"@id\":\"https:\/\/federacja.bialystok.pl\/index.php\/inne-dzialania\/koszyk-uslug-spolecznych\/#primaryimage\",\"url\":\"https:\/\/federacja.bialystok.pl\/wp-content\/uploads\/2025\/02\/1296x600.jpg\",\"contentUrl\":\"https:\/\/federacja.bialystok.pl\/wp-content\/uploads\/2025\/02\/1296x600.jpg\",\"width\":1296,\"height\":600},{\"@type\":\"BreadcrumbList\",\"@id\":\"https:\/\/federacja.bialystok.pl\/index.php\/inne-dzialania\/koszyk-uslug-spolecznych\/#breadcrumb\",\"itemListElement\":[{\"@type\":\"ListItem\",\"position\":1,\"name\":\"Strona g\u0142\u00f3wna\",\"item\":\"https:\/\/federacja.bialystok.pl\/\"},{\"@type\":\"ListItem\",\"position\":2,\"name\":\"Inne dzia\u0142ania\",\"item\":\"https:\/\/federacja.bialystok.pl\/index.php\/inne-dzialania\/\"},{\"@type\":\"ListItem\",\"position\":3,\"name\":\"Koszyk Us\u0142ug Spo\u0142ecznych\"}]},{\"@type\":\"WebSite\",\"@id\":\"https:\/\/federacja.bialystok.pl\/#website\",\"url\":\"https:\/\/federacja.bialystok.pl\/\",\"name\":\"Federacja Organizacji Pozarz\u0105dowych Miasta Bia\u0142ystok\",\"description\":\"\",\"publisher\":{\"@id\":\"https:\/\/federacja.bialystok.pl\/#organization\"},\"potentialAction\":[{\"@type\":\"SearchAction\",\"target\":{\"@type\":\"EntryPoint\",\"urlTemplate\":\"https:\/\/federacja.bialystok.pl\/?s={search_term_string}\"},\"query-input\":{\"@type\":\"PropertyValueSpecification\",\"valueRequired\":true,\"valueName\":\"search_term_string\"}}],\"inLanguage\":\"pl-PL\"},{\"@type\":\"Organization\",\"@id\":\"https:\/\/federacja.bialystok.pl\/#organization\",\"name\":\"Federacja Organizacji Pozarz\u0105dowych Miasta Bia\u0142ystok\",\"url\":\"https:\/\/federacja.bialystok.pl\/\",\"logo\":{\"@type\":\"ImageObject\",\"inLanguage\":\"pl-PL\",\"@id\":\"https:\/\/federacja.bialystok.pl\/#\/schema\/logo\/image\/\",\"url\":\"https:\/\/federacja.bialystok.pl\/wp-content\/uploads\/2017\/11\/cropped-logo_federacja.png\",\"contentUrl\":\"https:\/\/federacja.bialystok.pl\/wp-content\/uploads\/2017\/11\/cropped-logo_federacja.png\",\"width\":428,\"height\":147,\"caption\":\"Federacja Organizacji Pozarz\u0105dowych Miasta Bia\u0142ystok\"},\"image\":{\"@id\":\"https:\/\/federacja.bialystok.pl\/#\/schema\/logo\/image\/\"}}]}<\/script>\n<!-- \/ Yoast SEO plugin. -->","yoast_head_json":{"title":"Koszyk Us\u0142ug Spo\u0142ecznych - Federacja Organizacji Pozarz\u0105dowych Miasta Bia\u0142ystok","robots":{"index":"index","follow":"follow","max-snippet":"max-snippet:-1","max-image-preview":"max-image-preview:large","max-video-preview":"max-video-preview:-1"},"canonical":"https:\/\/federacja.bialystok.pl\/index.php\/inne-dzialania\/koszyk-uslug-spolecznych\/","og_locale":"pl_PL","og_type":"article","og_title":"Koszyk Us\u0142ug Spo\u0142ecznych - Federacja Organizacji Pozarz\u0105dowych Miasta Bia\u0142ystok","og_description":"Zapraszamy do odwiedzenia strony www.koszykuslugspolecznych.pl, kt\u00f3ra zosta\u0142a stworzona, aby zintegrowa\u0107 r\u00f3\u017cnorodne formy wsparcia i u\u0142atwi\u0107 mieszka\u0144com dost\u0119p do niezb\u0119dnych us\u0142ug spo\u0142ecznych. Dzi\u0119ki tej platformie mo\u017cesz \u0142atwo znale\u017a\u0107 informacje o dost\u0119pnych us\u0142ugach w Twoim regionie, co pozwoli Ci szybko i skutecznie uzyska\u0107 potrzebn\u0105 pomoc. Strona oferuje uporz\u0105dkowan\u0105 baz\u0119 danych, kt\u00f3ra jest [&hellip;]","og_url":"https:\/\/federacja.bialystok.pl\/index.php\/inne-dzialania\/koszyk-uslug-spolecznych\/","og_site_name":"Federacja Organizacji Pozarz\u0105dowych Miasta Bia\u0142ystok","article_modified_time":"2025-02-27T07:45:17+00:00","og_image":[{"width":1296,"height":600,"url":"https:\/\/federacja.bialystok.pl\/wp-content\/uploads\/2025\/02\/1296x600.jpg","type":"image\/jpeg"}],"twitter_card":"summary_large_image","twitter_misc":{"Szacowany czas czytania":"1 minuta"},"schema":{"@context":"https:\/\/schema.org","@graph":[{"@type":"WebPage","@id":"https:\/\/federacja.bialystok.pl\/index.php\/inne-dzialania\/koszyk-uslug-spolecznych\/","url":"https:\/\/federacja.bialystok.pl\/index.php\/inne-dzialania\/koszyk-uslug-spolecznych\/","name":"Koszyk Us\u0142ug Spo\u0142ecznych - Federacja Organizacji Pozarz\u0105dowych Miasta Bia\u0142ystok","isPartOf":{"@id":"https:\/\/federacja.bialystok.pl\/#website"},"primaryImageOfPage":{"@id":"https:\/\/federacja.bialystok.pl\/index.php\/inne-dzialania\/koszyk-uslug-spolecznych\/#primaryimage"},"image":{"@id":"https:\/\/federacja.bialystok.pl\/index.php\/inne-dzialania\/koszyk-uslug-spolecznych\/#primaryimage"},"thumbnailUrl":"https:\/\/federacja.bialystok.pl\/wp-content\/uploads\/2025\/02\/1296x600-300x139.jpg","datePublished":"2025-02-27T07:37:43+00:00","dateModified":"2025-02-27T07:45:17+00:00","breadcrumb":{"@id":"https:\/\/federacja.bialystok.pl\/index.php\/inne-dzialania\/koszyk-uslug-spolecznych\/#breadcrumb"},"inLanguage":"pl-PL","potentialAction":[{"@type":"ReadAction","target":["https:\/\/federacja.bialystok.pl\/index.php\/inne-dzialania\/koszyk-uslug-spolecznych\/"]}]},{"@type":"ImageObject","inLanguage":"pl-PL","@id":"https:\/\/federacja.bialystok.pl\/index.php\/inne-dzialania\/koszyk-uslug-spolecznych\/#primaryimage","url":"https:\/\/federacja.bialystok.pl\/wp-content\/uploads\/2025\/02\/1296x600.jpg","contentUrl":"https:\/\/federacja.bialystok.pl\/wp-content\/uploads\/2025\/02\/1296x600.jpg","width":1296,"height":600},{"@type":"BreadcrumbList","@id":"https:\/\/federacja.bialystok.pl\/index.php\/inne-dzialania\/koszyk-uslug-spolecznych\/#breadcrumb","itemListElement":[{"@type":"ListItem","position":1,"name":"Strona g\u0142\u00f3wna","item":"https:\/\/federacja.bialystok.pl\/"},{"@type":"ListItem","position":2,"name":"Inne dzia\u0142ania","item":"https:\/\/federacja.bialystok.pl\/index.php\/inne-dzialania\/"},{"@type":"ListItem","position":3,"name":"Koszyk Us\u0142ug Spo\u0142ecznych"}]},{"@type":"WebSite","@id":"https:\/\/federacja.bialystok.pl\/#website","url":"https:\/\/federacja.bialystok.pl\/","name":"Federacja Organizacji Pozarz\u0105dowych Miasta Bia\u0142ystok","description":"","publisher":{"@id":"https:\/\/federacja.bialystok.pl\/#organization"},"potentialAction":[{"@type":"SearchAction","target":{"@type":"EntryPoint","urlTemplate":"https:\/\/federacja.bialystok.pl\/?s={search_term_string}"},"query-input":{"@type":"PropertyValueSpecification","valueRequired":true,"valueName":"search_term_string"}}],"inLanguage":"pl-PL"},{"@type":"Organization","@id":"https:\/\/federacja.bialystok.pl\/#organization","name":"Federacja Organizacji Pozarz\u0105dowych Miasta Bia\u0142ystok","url":"https:\/\/federacja.bialystok.pl\/","logo":{"@type":"ImageObject","inLanguage":"pl-PL","@id":"https:\/\/federacja.bialystok.pl\/#\/schema\/logo\/image\/","url":"https:\/\/federacja.bialystok.pl\/wp-content\/uploads\/2017\/11\/cropped-logo_federacja.png","contentUrl":"https:\/\/federacja.bialystok.pl\/wp-content\/uploads\/2017\/11\/cropped-logo_federacja.png","width":428,"height":147,"caption":"Federacja Organizacji Pozarz\u0105dowych Miasta Bia\u0142ystok"},"image":{"@id":"https:\/\/federacja.bialystok.pl\/#\/schema\/logo\/image\/"}}]}},"_links":{"self":[{"href":"https:\/\/federacja.bialystok.pl\/index.php\/wp-json\/wp\/v2\/pages\/6240","targetHints":{"allow":["GET"]}}],"collection":[{"href":"https:\/\/federacja.bialystok.pl\/index.php\/wp-json\/wp\/v2\/pages"}],"about":[{"href":"https:\/\/federacja.bialystok.pl\/index.php\/wp-json\/wp\/v2\/types\/page"}],"author":[{"embeddable":true,"href":"https:\/\/federacja.bialystok.pl\/index.php\/wp-json\/wp\/v2\/users\/3"}],"replies":[{"embeddable":true,"href":"https:\/\/federacja.bialystok.pl\/index.php\/wp-json\/wp\/v2\/comments?post=6240"}],"version-history":[{"count":2,"href":"https:\/\/federacja.bialystok.pl\/index.php\/wp-json\/wp\/v2\/pages\/6240\/revisions"}],"predecessor-version":[{"id":6244,"href":"https:\/\/federacja.bialystok.pl\/index.php\/wp-json\/wp\/v2\/pages\/6240\/revisions\/6244"}],"up":[{"embeddable":true,"href":"https:\/\/federacja.bialystok.pl\/index.php\/wp-json\/wp\/v2\/pages\/5709"}],"wp:attachment":[{"href":"https:\/\/federacja.bialystok.pl\/index.php\/wp-json\/wp\/v2\/media?parent=6240"}],"curies":[{"name":"wp","href":"https:\/\/api.w.org\/{rel}","templated":true}]}}