{"id":6215,"date":"2025-02-03T11:04:20","date_gmt":"2025-02-03T10:04:20","guid":{"rendered":"https:\/\/federacja.bialystok.pl\/?page_id=6215"},"modified":"2025-02-03T18:57:05","modified_gmt":"2025-02-03T17:57:05","slug":"aktualizacja-koszyka-uslug-spolecznych-dla-miasta-bialystok","status":"publish","type":"page","link":"https:\/\/federacja.bialystok.pl\/index.php\/projekty\/aktualizacja-koszyka-uslug-spolecznych-dla-miasta-bialystok\/","title":{"rendered":"Aktualizacja Koszyka Us\u0142ug Spo\u0142ecznych dla miasta Bia\u0142ystok"},"content":{"rendered":"<p><img loading=\"lazy\" decoding=\"async\" class=\"alignnone size-medium wp-image-6208\" src=\"https:\/\/federacja.bialystok.pl\/wp-content\/uploads\/2025\/02\/Miasto-Bialystok-300x195.png\" alt=\"\" width=\"300\" height=\"195\" srcset=\"https:\/\/federacja.bialystok.pl\/wp-content\/uploads\/2025\/02\/Miasto-Bialystok-300x195.png 300w, https:\/\/federacja.bialystok.pl\/wp-content\/uploads\/2025\/02\/Miasto-Bialystok-1024x665.png 1024w, https:\/\/federacja.bialystok.pl\/wp-content\/uploads\/2025\/02\/Miasto-Bialystok-1536x998.png 1536w, https:\/\/federacja.bialystok.pl\/wp-content\/uploads\/2025\/02\/Miasto-Bialystok-430x279.png 430w, https:\/\/federacja.bialystok.pl\/wp-content\/uploads\/2025\/02\/Miasto-Bialystok-860x559.png 860w, https:\/\/federacja.bialystok.pl\/wp-content\/uploads\/2025\/02\/Miasto-Bialystok-600x390.png 600w, https:\/\/federacja.bialystok.pl\/wp-content\/uploads\/2025\/02\/Miasto-Bialystok.png 1920w\" sizes=\"auto, (max-width: 300px) 100vw, 300px\" \/><\/p>\n<p><strong>\u00a0\u00a0\u00a0\u00a0\u00a0\u00a0\u00a0 Federacja Organizacji Pozarz\u0105dowych Miasta Bia\u0142ystok<\/strong> w okresie 15.11.2024- 31.12.2024 zrealizowa\u0142a projekt &#8222;<strong>Aktualizacja Koszyka Us\u0142ug Spo\u0142ecznych dla miasta Bia\u0142ystok&#8221;, <\/strong>kt\u00f3ry dofinansowany by\u0142 ze \u015brodk\u00f3w <strong>bud\u017cetu Miasta Bia\u0142ystok<\/strong>.<\/p>\n<p>Aktualizacja Koszyka Us\u0142ug Spo\u0142ecznych dla miasta Bia\u0142ystok to zadanie, dzi\u0119ki kt\u00f3remu w zbudowanej i dost\u0119pnej w sieci aplikacji i stronie web \u2013 Koszyk Us\u0142ug Spo\u0142ecznych, <a href=\"https:\/\/koszykuslugspolecznych.pl\/\">https:\/\/koszykuslugspolecznych.pl <\/a>zostan\u0105 uzupe\u0142nione i zweryfikowane us\u0142ugi spo\u0142eczne w mie\u015bcie Bia\u0142ystok na 2024 rok.<\/p>\n<p>Aplikacja powsta\u0142a podczas realizacji projektu Federacja, wsp\u00f3finansowanego przez Fundusz Inicjatyw Obywatelskich: Skoordynowane Us\u0142ugi Spo\u0142eczne, kt\u00f3rego celem by\u0142o przygotowanie organizacji do wsp\u00f3\u0142zarz\u0105dzania us\u0142ugami spo\u0142ecznymi, \u015bwiadczonymi lokalnie w mie\u015bcie Bia\u0142ystok i ca\u0142ym wojew\u00f3dztwie podlaskim.\u00a0 Odby\u0142y si\u0119 szkolenia z zakresu us\u0142ug spo\u0142ecznych, zawi\u0105zano partnerstwa, utworzono dokumenty &#8211; Koszyki Us\u0142ug oraz wypracowano rekomendacje dla narz\u0119dzia w sieci Koszyk Us\u0142ug Spo\u0142ecznych, na podstawie kt\u00f3rych opracowano i wdro\u017cono aplikacj\u0119.<\/p>\n<p>Zadnie b\u0119dzie polega\u0142o na sprawdzeniu, czy wszystkie us\u0142ugi \u015bwiadczone przez ngo, instytucje publiczne i niepubliczne w mie\u015bcie Bia\u0142ystok w 2024 roku, zgodnie z 14 obszarami dzia\u0142alno\u015bci us\u0142ug s\u0105 aktualne. Uzupe\u0142nimy te\u017c Koszyk o us\u0142ugi, kt\u00f3re rozpocz\u0119\u0142y si\u0119 w mie\u015bcie Bia\u0142ystok w roku 2024 i nie zosta\u0142y wprowadzone do Koszyka w 2023 roku. Dzi\u0119ki temu odbiorcy nieodp\u0142atnej aplikacji w mie\u015bcie Bia\u0142ystok otrzymaj\u0105 kompetentn\u0105 i rzeteln\u0105 informacje.<\/p>\n<p>Zapraszamy wszystkie zainteresowane osoby\/podmioty do odwiedzenia Koszyka Us\u0142ug Spo\u0142ecznych &#8211; <a href=\"http:\/\/www.koszykuslugspolecznych.pl\">www.koszykuslugspolecznych.pl<\/a><\/p>\n<p>&nbsp;<\/p>\n","protected":false},"excerpt":{"rendered":"<p>\u00a0\u00a0\u00a0\u00a0\u00a0\u00a0\u00a0 Federacja Organizacji Pozarz\u0105dowych Miasta Bia\u0142ystok w okresie 15.11.2024- 31.12.2024 zrealizowa\u0142a projekt &#8222;Aktualizacja Koszyka Us\u0142ug Spo\u0142ecznych dla miasta Bia\u0142ystok&#8221;, kt\u00f3ry dofinansowany by\u0142 ze \u015brodk\u00f3w bud\u017cetu Miasta Bia\u0142ystok. Aktualizacja Koszyka Us\u0142ug Spo\u0142ecznych dla miasta Bia\u0142ystok to zadanie, dzi\u0119ki kt\u00f3remu w zbudowanej i dost\u0119pnej w sieci aplikacji i stronie web \u2013 Koszyk [&hellip;]<\/p>\n","protected":false},"author":3,"featured_media":0,"parent":5701,"menu_order":0,"comment_status":"closed","ping_status":"closed","template":"","meta":{"om_disable_all_campaigns":false,"_monsterinsights_skip_tracking":false,"_monsterinsights_sitenote_active":false,"_monsterinsights_sitenote_note":"","_monsterinsights_sitenote_category":0,"footnotes":""},"class_list":["post-6215","page","type-page","status-publish","hentry"],"yoast_head":"<!-- This site is optimized with the Yoast SEO plugin v24.5 - https:\/\/yoast.com\/wordpress\/plugins\/seo\/ -->\n<title>Aktualizacja Koszyka Us\u0142ug Spo\u0142ecznych dla miasta Bia\u0142ystok - Federacja Organizacji Pozarz\u0105dowych Miasta Bia\u0142ystok<\/title>\n<meta name=\"robots\" content=\"index, follow, max-snippet:-1, max-image-preview:large, max-video-preview:-1\" \/>\n<link rel=\"canonical\" href=\"https:\/\/federacja.bialystok.pl\/index.php\/projekty\/aktualizacja-koszyka-uslug-spolecznych-dla-miasta-bialystok\/\" \/>\n<meta property=\"og:locale\" content=\"pl_PL\" \/>\n<meta property=\"og:type\" content=\"article\" \/>\n<meta property=\"og:title\" content=\"Aktualizacja Koszyka Us\u0142ug Spo\u0142ecznych dla miasta Bia\u0142ystok - Federacja Organizacji Pozarz\u0105dowych Miasta Bia\u0142ystok\" \/>\n<meta property=\"og:description\" content=\"\u00a0\u00a0\u00a0\u00a0\u00a0\u00a0\u00a0 Federacja Organizacji Pozarz\u0105dowych Miasta Bia\u0142ystok w okresie 15.11.2024- 31.12.2024 zrealizowa\u0142a projekt &#8222;Aktualizacja Koszyka Us\u0142ug Spo\u0142ecznych dla miasta Bia\u0142ystok&#8221;, kt\u00f3ry dofinansowany by\u0142 ze \u015brodk\u00f3w bud\u017cetu Miasta Bia\u0142ystok. Aktualizacja Koszyka Us\u0142ug Spo\u0142ecznych dla miasta Bia\u0142ystok to zadanie, dzi\u0119ki kt\u00f3remu w zbudowanej i dost\u0119pnej w sieci aplikacji i stronie web \u2013 Koszyk [&hellip;]\" \/>\n<meta property=\"og:url\" content=\"https:\/\/federacja.bialystok.pl\/index.php\/projekty\/aktualizacja-koszyka-uslug-spolecznych-dla-miasta-bialystok\/\" \/>\n<meta property=\"og:site_name\" content=\"Federacja Organizacji Pozarz\u0105dowych Miasta Bia\u0142ystok\" \/>\n<meta property=\"article:modified_time\" content=\"2025-02-03T17:57:05+00:00\" \/>\n<meta property=\"og:image\" content=\"https:\/\/federacja.bialystok.pl\/wp-content\/uploads\/2025\/02\/Miasto-Bialystok.png\" \/>\n\t<meta property=\"og:image:width\" content=\"1920\" \/>\n\t<meta property=\"og:image:height\" content=\"1247\" \/>\n\t<meta property=\"og:image:type\" content=\"image\/png\" \/>\n<meta name=\"twitter:card\" content=\"summary_large_image\" \/>\n<meta name=\"twitter:label1\" content=\"Szacowany czas czytania\" \/>\n\t<meta name=\"twitter:data1\" content=\"1 minuta\" \/>\n<script type=\"application\/ld+json\" class=\"yoast-schema-graph\">{\"@context\":\"https:\/\/schema.org\",\"@graph\":[{\"@type\":\"WebPage\",\"@id\":\"https:\/\/federacja.bialystok.pl\/index.php\/projekty\/aktualizacja-koszyka-uslug-spolecznych-dla-miasta-bialystok\/\",\"url\":\"https:\/\/federacja.bialystok.pl\/index.php\/projekty\/aktualizacja-koszyka-uslug-spolecznych-dla-miasta-bialystok\/\",\"name\":\"Aktualizacja Koszyka Us\u0142ug Spo\u0142ecznych dla miasta Bia\u0142ystok - Federacja Organizacji Pozarz\u0105dowych Miasta Bia\u0142ystok\",\"isPartOf\":{\"@id\":\"https:\/\/federacja.bialystok.pl\/#website\"},\"primaryImageOfPage\":{\"@id\":\"https:\/\/federacja.bialystok.pl\/index.php\/projekty\/aktualizacja-koszyka-uslug-spolecznych-dla-miasta-bialystok\/#primaryimage\"},\"image\":{\"@id\":\"https:\/\/federacja.bialystok.pl\/index.php\/projekty\/aktualizacja-koszyka-uslug-spolecznych-dla-miasta-bialystok\/#primaryimage\"},\"thumbnailUrl\":\"https:\/\/federacja.bialystok.pl\/wp-content\/uploads\/2025\/02\/Miasto-Bialystok-300x195.png\",\"datePublished\":\"2025-02-03T10:04:20+00:00\",\"dateModified\":\"2025-02-03T17:57:05+00:00\",\"breadcrumb\":{\"@id\":\"https:\/\/federacja.bialystok.pl\/index.php\/projekty\/aktualizacja-koszyka-uslug-spolecznych-dla-miasta-bialystok\/#breadcrumb\"},\"inLanguage\":\"pl-PL\",\"potentialAction\":[{\"@type\":\"ReadAction\",\"target\":[\"https:\/\/federacja.bialystok.pl\/index.php\/projekty\/aktualizacja-koszyka-uslug-spolecznych-dla-miasta-bialystok\/\"]}]},{\"@type\":\"ImageObject\",\"inLanguage\":\"pl-PL\",\"@id\":\"https:\/\/federacja.bialystok.pl\/index.php\/projekty\/aktualizacja-koszyka-uslug-spolecznych-dla-miasta-bialystok\/#primaryimage\",\"url\":\"https:\/\/federacja.bialystok.pl\/wp-content\/uploads\/2025\/02\/Miasto-Bialystok.png\",\"contentUrl\":\"https:\/\/federacja.bialystok.pl\/wp-content\/uploads\/2025\/02\/Miasto-Bialystok.png\",\"width\":1920,\"height\":1247},{\"@type\":\"BreadcrumbList\",\"@id\":\"https:\/\/federacja.bialystok.pl\/index.php\/projekty\/aktualizacja-koszyka-uslug-spolecznych-dla-miasta-bialystok\/#breadcrumb\",\"itemListElement\":[{\"@type\":\"ListItem\",\"position\":1,\"name\":\"Strona g\u0142\u00f3wna\",\"item\":\"https:\/\/federacja.bialystok.pl\/\"},{\"@type\":\"ListItem\",\"position\":2,\"name\":\"Projekty\",\"item\":\"https:\/\/federacja.bialystok.pl\/index.php\/projekty\/\"},{\"@type\":\"ListItem\",\"position\":3,\"name\":\"Aktualizacja Koszyka Us\u0142ug Spo\u0142ecznych dla miasta Bia\u0142ystok\"}]},{\"@type\":\"WebSite\",\"@id\":\"https:\/\/federacja.bialystok.pl\/#website\",\"url\":\"https:\/\/federacja.bialystok.pl\/\",\"name\":\"Federacja Organizacji Pozarz\u0105dowych Miasta Bia\u0142ystok\",\"description\":\"\",\"publisher\":{\"@id\":\"https:\/\/federacja.bialystok.pl\/#organization\"},\"potentialAction\":[{\"@type\":\"SearchAction\",\"target\":{\"@type\":\"EntryPoint\",\"urlTemplate\":\"https:\/\/federacja.bialystok.pl\/?s={search_term_string}\"},\"query-input\":{\"@type\":\"PropertyValueSpecification\",\"valueRequired\":true,\"valueName\":\"search_term_string\"}}],\"inLanguage\":\"pl-PL\"},{\"@type\":\"Organization\",\"@id\":\"https:\/\/federacja.bialystok.pl\/#organization\",\"name\":\"Federacja Organizacji Pozarz\u0105dowych Miasta Bia\u0142ystok\",\"url\":\"https:\/\/federacja.bialystok.pl\/\",\"logo\":{\"@type\":\"ImageObject\",\"inLanguage\":\"pl-PL\",\"@id\":\"https:\/\/federacja.bialystok.pl\/#\/schema\/logo\/image\/\",\"url\":\"https:\/\/federacja.bialystok.pl\/wp-content\/uploads\/2017\/11\/cropped-logo_federacja.png\",\"contentUrl\":\"https:\/\/federacja.bialystok.pl\/wp-content\/uploads\/2017\/11\/cropped-logo_federacja.png\",\"width\":428,\"height\":147,\"caption\":\"Federacja Organizacji Pozarz\u0105dowych Miasta Bia\u0142ystok\"},\"image\":{\"@id\":\"https:\/\/federacja.bialystok.pl\/#\/schema\/logo\/image\/\"}}]}<\/script>\n<!-- \/ Yoast SEO plugin. -->","yoast_head_json":{"title":"Aktualizacja Koszyka Us\u0142ug Spo\u0142ecznych dla miasta Bia\u0142ystok - Federacja Organizacji Pozarz\u0105dowych Miasta Bia\u0142ystok","robots":{"index":"index","follow":"follow","max-snippet":"max-snippet:-1","max-image-preview":"max-image-preview:large","max-video-preview":"max-video-preview:-1"},"canonical":"https:\/\/federacja.bialystok.pl\/index.php\/projekty\/aktualizacja-koszyka-uslug-spolecznych-dla-miasta-bialystok\/","og_locale":"pl_PL","og_type":"article","og_title":"Aktualizacja Koszyka Us\u0142ug Spo\u0142ecznych dla miasta Bia\u0142ystok - Federacja Organizacji Pozarz\u0105dowych Miasta Bia\u0142ystok","og_description":"\u00a0\u00a0\u00a0\u00a0\u00a0\u00a0\u00a0 Federacja Organizacji Pozarz\u0105dowych Miasta Bia\u0142ystok w okresie 15.11.2024- 31.12.2024 zrealizowa\u0142a projekt &#8222;Aktualizacja Koszyka Us\u0142ug Spo\u0142ecznych dla miasta Bia\u0142ystok&#8221;, kt\u00f3ry dofinansowany by\u0142 ze \u015brodk\u00f3w bud\u017cetu Miasta Bia\u0142ystok. Aktualizacja Koszyka Us\u0142ug Spo\u0142ecznych dla miasta Bia\u0142ystok to zadanie, dzi\u0119ki kt\u00f3remu w zbudowanej i dost\u0119pnej w sieci aplikacji i stronie web \u2013 Koszyk [&hellip;]","og_url":"https:\/\/federacja.bialystok.pl\/index.php\/projekty\/aktualizacja-koszyka-uslug-spolecznych-dla-miasta-bialystok\/","og_site_name":"Federacja Organizacji Pozarz\u0105dowych Miasta Bia\u0142ystok","article_modified_time":"2025-02-03T17:57:05+00:00","og_image":[{"width":1920,"height":1247,"url":"https:\/\/federacja.bialystok.pl\/wp-content\/uploads\/2025\/02\/Miasto-Bialystok.png","type":"image\/png"}],"twitter_card":"summary_large_image","twitter_misc":{"Szacowany czas czytania":"1 minuta"},"schema":{"@context":"https:\/\/schema.org","@graph":[{"@type":"WebPage","@id":"https:\/\/federacja.bialystok.pl\/index.php\/projekty\/aktualizacja-koszyka-uslug-spolecznych-dla-miasta-bialystok\/","url":"https:\/\/federacja.bialystok.pl\/index.php\/projekty\/aktualizacja-koszyka-uslug-spolecznych-dla-miasta-bialystok\/","name":"Aktualizacja Koszyka Us\u0142ug Spo\u0142ecznych dla miasta Bia\u0142ystok - Federacja Organizacji Pozarz\u0105dowych Miasta Bia\u0142ystok","isPartOf":{"@id":"https:\/\/federacja.bialystok.pl\/#website"},"primaryImageOfPage":{"@id":"https:\/\/federacja.bialystok.pl\/index.php\/projekty\/aktualizacja-koszyka-uslug-spolecznych-dla-miasta-bialystok\/#primaryimage"},"image":{"@id":"https:\/\/federacja.bialystok.pl\/index.php\/projekty\/aktualizacja-koszyka-uslug-spolecznych-dla-miasta-bialystok\/#primaryimage"},"thumbnailUrl":"https:\/\/federacja.bialystok.pl\/wp-content\/uploads\/2025\/02\/Miasto-Bialystok-300x195.png","datePublished":"2025-02-03T10:04:20+00:00","dateModified":"2025-02-03T17:57:05+00:00","breadcrumb":{"@id":"https:\/\/federacja.bialystok.pl\/index.php\/projekty\/aktualizacja-koszyka-uslug-spolecznych-dla-miasta-bialystok\/#breadcrumb"},"inLanguage":"pl-PL","potentialAction":[{"@type":"ReadAction","target":["https:\/\/federacja.bialystok.pl\/index.php\/projekty\/aktualizacja-koszyka-uslug-spolecznych-dla-miasta-bialystok\/"]}]},{"@type":"ImageObject","inLanguage":"pl-PL","@id":"https:\/\/federacja.bialystok.pl\/index.php\/projekty\/aktualizacja-koszyka-uslug-spolecznych-dla-miasta-bialystok\/#primaryimage","url":"https:\/\/federacja.bialystok.pl\/wp-content\/uploads\/2025\/02\/Miasto-Bialystok.png","contentUrl":"https:\/\/federacja.bialystok.pl\/wp-content\/uploads\/2025\/02\/Miasto-Bialystok.png","width":1920,"height":1247},{"@type":"BreadcrumbList","@id":"https:\/\/federacja.bialystok.pl\/index.php\/projekty\/aktualizacja-koszyka-uslug-spolecznych-dla-miasta-bialystok\/#breadcrumb","itemListElement":[{"@type":"ListItem","position":1,"name":"Strona g\u0142\u00f3wna","item":"https:\/\/federacja.bialystok.pl\/"},{"@type":"ListItem","position":2,"name":"Projekty","item":"https:\/\/federacja.bialystok.pl\/index.php\/projekty\/"},{"@type":"ListItem","position":3,"name":"Aktualizacja Koszyka Us\u0142ug Spo\u0142ecznych dla miasta Bia\u0142ystok"}]},{"@type":"WebSite","@id":"https:\/\/federacja.bialystok.pl\/#website","url":"https:\/\/federacja.bialystok.pl\/","name":"Federacja Organizacji Pozarz\u0105dowych Miasta Bia\u0142ystok","description":"","publisher":{"@id":"https:\/\/federacja.bialystok.pl\/#organization"},"potentialAction":[{"@type":"SearchAction","target":{"@type":"EntryPoint","urlTemplate":"https:\/\/federacja.bialystok.pl\/?s={search_term_string}"},"query-input":{"@type":"PropertyValueSpecification","valueRequired":true,"valueName":"search_term_string"}}],"inLanguage":"pl-PL"},{"@type":"Organization","@id":"https:\/\/federacja.bialystok.pl\/#organization","name":"Federacja Organizacji Pozarz\u0105dowych Miasta Bia\u0142ystok","url":"https:\/\/federacja.bialystok.pl\/","logo":{"@type":"ImageObject","inLanguage":"pl-PL","@id":"https:\/\/federacja.bialystok.pl\/#\/schema\/logo\/image\/","url":"https:\/\/federacja.bialystok.pl\/wp-content\/uploads\/2017\/11\/cropped-logo_federacja.png","contentUrl":"https:\/\/federacja.bialystok.pl\/wp-content\/uploads\/2017\/11\/cropped-logo_federacja.png","width":428,"height":147,"caption":"Federacja Organizacji Pozarz\u0105dowych Miasta Bia\u0142ystok"},"image":{"@id":"https:\/\/federacja.bialystok.pl\/#\/schema\/logo\/image\/"}}]}},"_links":{"self":[{"href":"https:\/\/federacja.bialystok.pl\/index.php\/wp-json\/wp\/v2\/pages\/6215","targetHints":{"allow":["GET"]}}],"collection":[{"href":"https:\/\/federacja.bialystok.pl\/index.php\/wp-json\/wp\/v2\/pages"}],"about":[{"href":"https:\/\/federacja.bialystok.pl\/index.php\/wp-json\/wp\/v2\/types\/page"}],"author":[{"embeddable":true,"href":"https:\/\/federacja.bialystok.pl\/index.php\/wp-json\/wp\/v2\/users\/3"}],"replies":[{"embeddable":true,"href":"https:\/\/federacja.bialystok.pl\/index.php\/wp-json\/wp\/v2\/comments?post=6215"}],"version-history":[{"count":2,"href":"https:\/\/federacja.bialystok.pl\/index.php\/wp-json\/wp\/v2\/pages\/6215\/revisions"}],"predecessor-version":[{"id":6222,"href":"https:\/\/federacja.bialystok.pl\/index.php\/wp-json\/wp\/v2\/pages\/6215\/revisions\/6222"}],"up":[{"embeddable":true,"href":"https:\/\/federacja.bialystok.pl\/index.php\/wp-json\/wp\/v2\/pages\/5701"}],"wp:attachment":[{"href":"https:\/\/federacja.bialystok.pl\/index.php\/wp-json\/wp\/v2\/media?parent=6215"}],"curies":[{"name":"wp","href":"https:\/\/api.w.org\/{rel}","templated":true}]}}