{"id":6144,"date":"2022-10-24T13:59:46","date_gmt":"2022-10-24T11:59:46","guid":{"rendered":"https:\/\/federacja.dfirma.pl\/?page_id=6144"},"modified":"2024-06-05T09:33:04","modified_gmt":"2024-06-05T07:33:04","slug":"sus","status":"publish","type":"page","link":"https:\/\/federacja.bialystok.pl\/index.php\/projekty\/sus\/","title":{"rendered":"Skoordynowane Us\u0142ugi Spo\u0142eczne"},"content":{"rendered":"<p><img loading=\"lazy\" decoding=\"async\" class=\"alignnone wp-image-6145 size-full\" src=\"https:\/\/federacja.dfirma.pl\/wp-content\/uploads\/2022\/10\/NOWE_FIO_zestawienie_1_KOLOR-scaled.jpg\" alt=\"\" width=\"2560\" height=\"372\" srcset=\"https:\/\/federacja.bialystok.pl\/wp-content\/uploads\/2022\/10\/NOWE_FIO_zestawienie_1_KOLOR-scaled.jpg 2560w, https:\/\/federacja.bialystok.pl\/wp-content\/uploads\/2022\/10\/NOWE_FIO_zestawienie_1_KOLOR-300x44.jpg 300w, https:\/\/federacja.bialystok.pl\/wp-content\/uploads\/2022\/10\/NOWE_FIO_zestawienie_1_KOLOR-1024x149.jpg 1024w, https:\/\/federacja.bialystok.pl\/wp-content\/uploads\/2022\/10\/NOWE_FIO_zestawienie_1_KOLOR-1536x223.jpg 1536w, https:\/\/federacja.bialystok.pl\/wp-content\/uploads\/2022\/10\/NOWE_FIO_zestawienie_1_KOLOR-2048x298.jpg 2048w, https:\/\/federacja.bialystok.pl\/wp-content\/uploads\/2022\/10\/NOWE_FIO_zestawienie_1_KOLOR-430x63.jpg 430w, https:\/\/federacja.bialystok.pl\/wp-content\/uploads\/2022\/10\/NOWE_FIO_zestawienie_1_KOLOR-860x125.jpg 860w, https:\/\/federacja.bialystok.pl\/wp-content\/uploads\/2022\/10\/NOWE_FIO_zestawienie_1_KOLOR-600x87.jpg 600w\" sizes=\"auto, (max-width: 2560px) 100vw, 2560px\" \/><\/p>\n<p style=\"text-align: center;\"><strong>SKOORDYNOWANE US\u0141UGI SPO\u0141ECZNE<\/strong><\/p>\n<p style=\"text-align: justify;\">projekt realizowany jest przez Federacj\u0119 Organizacji Pozarz\u0105dowych Miasta Bia\u0142ystok, finansowany w ramach programu Fundusz Inicjatyw Obywatelskich na lata 2021-2030 NOWEFIO \u2013 edycja 2022<\/p>\n<p style=\"text-align: justify;\">G\u0142\u00f3wnym celem projektu jest wypracowanie i wdro\u017cenie zarz\u0105dzania (narz\u0119dzi, metodyki i menager\u00f3w) skoordynowanych us\u0142ug spo\u0142ecznych przez Federacj\u0119 we wsp\u00f3\u0142pracy z instytucjami publicznymi<br \/>\ni prywatnymi w mie\u015bcie Bia\u0142ystok oraz 14 powiatach woj. podlaskiego. Dzi\u0119ki temu programowanie, planowanie i dostarczanie us\u0142ug b\u0119dzie si\u0119 odbywa\u0107 w odpowiedzi na adekwatne potrzeby lokalnych spo\u0142eczno\u015bciach: miasta Bia\u0142ystok i powiatowo-gminnych.<\/p>\n<p style=\"text-align: justify;\">Projekt ma na celu:<\/p>\n<p style=\"text-align: justify;\">&#8211; <strong><u>opracowanie i wdro\u017cenie narz\u0119dzia<\/u><\/strong> \u201eKOSZYK US\u0141UG\u201d, w kt\u00f3rym znajd\u0105 si\u0119 zebrane<br \/>\ni skatalogowane us\u0142ugi spo\u0142eczne realizowane przez m.in.: instytucje publiczne i organizacje spo\u0142eczne z terenu wojew\u00f3dztwa podlaskiego (powstanie 15 baz danych \u2013 dla miasta Bia\u0142egostoku, 14 powiatowo-gminnych)<\/p>\n<p style=\"text-align: justify;\">&#8211; <strong><u>dwudniowe szkolenia realizowane w 14 powiatach <\/u><\/strong>\u2013 w zakresie budowania bazy danych us\u0142ug realizowanych w powiatach oraz zagadnienia Centra Us\u0142ug Spo\u0142ecznych<\/p>\n<p style=\"text-align: justify;\"><strong><u>&#8211; zarz\u0105dzanie us\u0142ugami lokalnie<\/u><\/strong> (prowadzenie i aktualizowanie KOSZYKA US\u0141UG, spotkania aktualizacyjne bazy danych, kt\u00f3ra powstanie do Koszyka Us\u0142ug &#8211; FORA US\u0141UG, programowanie us\u0142ug, standaryzacja e-us\u0142ug spo\u0142ecznych);<\/p>\n<p style=\"text-align: justify;\">&#8211; <strong><u>zbudowanie\/podpisanie 14 porozumie\u0144 powiatowych<\/u><\/strong> pomi\u0119dzy Federacj\u0105 Organizacji Pozarz\u0105dowych Miasta Bia\u0142egostoku a organizacjami spo\u0142ecznymi z poszczeg\u00f3lnych powiat\u00f3w;<\/p>\n<p style=\"text-align: justify;\">&#8211; \u00a0<strong><u>doradztwo i wsparcie<\/u><\/strong> dla organizacji spo\u0142ecznych i menager\u00f3w powiatowych w zakresie<\/p>\n<p style=\"text-align: justify;\">&#8211; <strong><u>organizacj\u0119 Krajowego Forum Us\u0142ug Spo\u0142ecznych<\/u><\/strong> upowszechniaj\u0105cego efekty i trudno\u015bci wsp\u00f3\u0142zarz\u0105dzania.<\/p>\n<p>&nbsp;<\/p>\n<p><span style=\"color: #ff0000;\"><strong>Partnerzy projektu:<\/strong><\/span><\/p>\n<p><strong>1. <em>Regionalny O\u015brodek Polityki Spo\u0142ecznej w Bia\u0142ymstoku<\/em><\/strong><\/p>\n<p><img loading=\"lazy\" decoding=\"async\" class=\"alignnone size-full wp-image-6155\" src=\"https:\/\/federacja.dfirma.pl\/wp-content\/uploads\/2024\/06\/logo-rops.png\" alt=\"\" width=\"131\" height=\"167\" \/>\u00a0 \u00a0 <img loading=\"lazy\" decoding=\"async\" class=\"alignnone size-medium wp-image-6157\" src=\"https:\/\/federacja.dfirma.pl\/wp-content\/uploads\/2024\/06\/logo-pd.png\" alt=\"\" width=\"153\" height=\"62\" srcset=\"https:\/\/federacja.bialystok.pl\/wp-content\/uploads\/2024\/06\/logo-pd.png 153w, https:\/\/federacja.bialystok.pl\/wp-content\/uploads\/2024\/06\/logo-pd-150x62.png 150w\" sizes=\"auto, (max-width: 153px) 100vw, 153px\" \/><\/p>\n<p>Zadania: Wsparcie dzia\u0142a\u0144 projektu w zakresie rozbudowy narz\u0119dzia Koszyk Us\u0142ug oraz udzia\u0142 w Krajowym Forum Us\u0142ug Spo\u0142ecznych<\/p>\n<p><strong>2. <\/strong><em><strong>Og\u00f3lnopolskie Stowarzyszenie Asystent\u00f3w Rodziny<\/strong><\/em><\/p>\n<p><img loading=\"lazy\" decoding=\"async\" class=\"alignnone  wp-image-6156\" src=\"https:\/\/federacja.dfirma.pl\/wp-content\/uploads\/2024\/06\/logo-OSAR.png\" alt=\"\" width=\"161\" height=\"161\" srcset=\"https:\/\/federacja.bialystok.pl\/wp-content\/uploads\/2024\/06\/logo-OSAR.png 200w, https:\/\/federacja.bialystok.pl\/wp-content\/uploads\/2024\/06\/logo-OSAR-150x150.png 150w, https:\/\/federacja.bialystok.pl\/wp-content\/uploads\/2024\/06\/logo-OSAR-100x100.png 100w\" sizes=\"auto, (max-width: 161px) 100vw, 161px\" \/><\/p>\n<p>Zadania: Przedstawiciele OSAR zaprezentuj\u0105 pakiety us\u0142ug dla rodzin na 15 FORACH US\u0141UG. Przeka\u017c\u0105 te\u017c rekomendacje dla wdra\u017canego przez FB KOSZYKA US\u0141UG w wojew\u00f3dztwie, b\u0119d\u0105 uczestnikami Krajowego Forum, kt\u00f3re zostanie po\u0142\u0105czone z Og\u00f3lnopolskim Zlotem Asystent\u00f3w Rodziny w 2024 r.<\/p>\n<p>&nbsp;<\/p>\n<p><strong>Biuro projektu:<\/strong><br \/>\nFederacja Organizacji Pozarz\u0105dowych Miasta Bia\u0142ystok<br \/>\nul. Ksi\u0119dza Adama Abramowicza 1, 15-872 Bia\u0142ystok<br \/>\ne-mail: bialystokfederacja@gmail.com<\/p>\n<p>Koordynator projektu Marta Siemieniuk &#8211; 604 251 994<\/p>\n<p>Doradca do wsparcia NGO w budowaniu us\u0142ug Anna Tomulewicz &#8211; 609 606 669<\/p>\n","protected":false},"excerpt":{"rendered":"<p>SKOORDYNOWANE US\u0141UGI SPO\u0141ECZNE projekt realizowany jest przez Federacj\u0119 Organizacji Pozarz\u0105dowych Miasta Bia\u0142ystok, finansowany w ramach programu Fundusz Inicjatyw Obywatelskich na lata 2021-2030 NOWEFIO \u2013 edycja 2022 G\u0142\u00f3wnym celem projektu jest wypracowanie i wdro\u017cenie zarz\u0105dzania (narz\u0119dzi, metodyki i menager\u00f3w) skoordynowanych us\u0142ug spo\u0142ecznych przez Federacj\u0119 we wsp\u00f3\u0142pracy z instytucjami publicznymi i prywatnymi [&hellip;]<\/p>\n","protected":false},"author":3,"featured_media":0,"parent":5701,"menu_order":0,"comment_status":"closed","ping_status":"closed","template":"","meta":{"om_disable_all_campaigns":false,"_monsterinsights_skip_tracking":false,"_monsterinsights_sitenote_active":false,"_monsterinsights_sitenote_note":"","_monsterinsights_sitenote_category":0,"footnotes":""},"class_list":["post-6144","page","type-page","status-publish","hentry"],"yoast_head":"<!-- This site is optimized with the Yoast SEO plugin v24.5 - https:\/\/yoast.com\/wordpress\/plugins\/seo\/ -->\n<title>Skoordynowane Us\u0142ugi Spo\u0142eczne - Federacja Organizacji Pozarz\u0105dowych Miasta Bia\u0142ystok<\/title>\n<meta name=\"robots\" content=\"index, follow, max-snippet:-1, max-image-preview:large, max-video-preview:-1\" \/>\n<link rel=\"canonical\" href=\"https:\/\/federacja.bialystok.pl\/index.php\/projekty\/sus\/\" \/>\n<meta property=\"og:locale\" content=\"pl_PL\" \/>\n<meta property=\"og:type\" content=\"article\" \/>\n<meta property=\"og:title\" content=\"Skoordynowane Us\u0142ugi Spo\u0142eczne - Federacja Organizacji Pozarz\u0105dowych Miasta Bia\u0142ystok\" \/>\n<meta property=\"og:description\" content=\"SKOORDYNOWANE US\u0141UGI SPO\u0141ECZNE projekt realizowany jest przez Federacj\u0119 Organizacji Pozarz\u0105dowych Miasta Bia\u0142ystok, finansowany w ramach programu Fundusz Inicjatyw Obywatelskich na lata 2021-2030 NOWEFIO \u2013 edycja 2022 G\u0142\u00f3wnym celem projektu jest wypracowanie i wdro\u017cenie zarz\u0105dzania (narz\u0119dzi, metodyki i menager\u00f3w) skoordynowanych us\u0142ug spo\u0142ecznych przez Federacj\u0119 we wsp\u00f3\u0142pracy z instytucjami publicznymi i prywatnymi [&hellip;]\" \/>\n<meta property=\"og:url\" content=\"https:\/\/federacja.bialystok.pl\/index.php\/projekty\/sus\/\" \/>\n<meta property=\"og:site_name\" content=\"Federacja Organizacji Pozarz\u0105dowych Miasta Bia\u0142ystok\" \/>\n<meta property=\"article:modified_time\" content=\"2024-06-05T07:33:04+00:00\" \/>\n<meta property=\"og:image\" content=\"https:\/\/federacja.bialystok.pl\/wp-content\/uploads\/2022\/10\/NOWE_FIO_zestawienie_1_KOLOR-scaled.jpg\" \/>\n\t<meta property=\"og:image:width\" content=\"2560\" \/>\n\t<meta property=\"og:image:height\" content=\"372\" \/>\n\t<meta property=\"og:image:type\" content=\"image\/jpeg\" \/>\n<meta name=\"twitter:card\" content=\"summary_large_image\" \/>\n<meta name=\"twitter:label1\" content=\"Szacowany czas czytania\" \/>\n\t<meta name=\"twitter:data1\" content=\"2 minuty\" \/>\n<script type=\"application\/ld+json\" class=\"yoast-schema-graph\">{\"@context\":\"https:\/\/schema.org\",\"@graph\":[{\"@type\":\"WebPage\",\"@id\":\"https:\/\/federacja.bialystok.pl\/index.php\/projekty\/sus\/\",\"url\":\"https:\/\/federacja.bialystok.pl\/index.php\/projekty\/sus\/\",\"name\":\"Skoordynowane Us\u0142ugi Spo\u0142eczne - Federacja Organizacji Pozarz\u0105dowych Miasta Bia\u0142ystok\",\"isPartOf\":{\"@id\":\"https:\/\/federacja.bialystok.pl\/#website\"},\"primaryImageOfPage\":{\"@id\":\"https:\/\/federacja.bialystok.pl\/index.php\/projekty\/sus\/#primaryimage\"},\"image\":{\"@id\":\"https:\/\/federacja.bialystok.pl\/index.php\/projekty\/sus\/#primaryimage\"},\"thumbnailUrl\":\"https:\/\/federacja.dfirma.pl\/wp-content\/uploads\/2022\/10\/NOWE_FIO_zestawienie_1_KOLOR-scaled.jpg\",\"datePublished\":\"2022-10-24T11:59:46+00:00\",\"dateModified\":\"2024-06-05T07:33:04+00:00\",\"breadcrumb\":{\"@id\":\"https:\/\/federacja.bialystok.pl\/index.php\/projekty\/sus\/#breadcrumb\"},\"inLanguage\":\"pl-PL\",\"potentialAction\":[{\"@type\":\"ReadAction\",\"target\":[\"https:\/\/federacja.bialystok.pl\/index.php\/projekty\/sus\/\"]}]},{\"@type\":\"ImageObject\",\"inLanguage\":\"pl-PL\",\"@id\":\"https:\/\/federacja.bialystok.pl\/index.php\/projekty\/sus\/#primaryimage\",\"url\":\"https:\/\/federacja.dfirma.pl\/wp-content\/uploads\/2022\/10\/NOWE_FIO_zestawienie_1_KOLOR-scaled.jpg\",\"contentUrl\":\"https:\/\/federacja.dfirma.pl\/wp-content\/uploads\/2022\/10\/NOWE_FIO_zestawienie_1_KOLOR-scaled.jpg\"},{\"@type\":\"BreadcrumbList\",\"@id\":\"https:\/\/federacja.bialystok.pl\/index.php\/projekty\/sus\/#breadcrumb\",\"itemListElement\":[{\"@type\":\"ListItem\",\"position\":1,\"name\":\"Strona g\u0142\u00f3wna\",\"item\":\"https:\/\/federacja.bialystok.pl\/\"},{\"@type\":\"ListItem\",\"position\":2,\"name\":\"Projekty\",\"item\":\"https:\/\/federacja.bialystok.pl\/index.php\/projekty\/\"},{\"@type\":\"ListItem\",\"position\":3,\"name\":\"Skoordynowane Us\u0142ugi Spo\u0142eczne\"}]},{\"@type\":\"WebSite\",\"@id\":\"https:\/\/federacja.bialystok.pl\/#website\",\"url\":\"https:\/\/federacja.bialystok.pl\/\",\"name\":\"Federacja Organizacji Pozarz\u0105dowych Miasta Bia\u0142ystok\",\"description\":\"\",\"publisher\":{\"@id\":\"https:\/\/federacja.bialystok.pl\/#organization\"},\"potentialAction\":[{\"@type\":\"SearchAction\",\"target\":{\"@type\":\"EntryPoint\",\"urlTemplate\":\"https:\/\/federacja.bialystok.pl\/?s={search_term_string}\"},\"query-input\":{\"@type\":\"PropertyValueSpecification\",\"valueRequired\":true,\"valueName\":\"search_term_string\"}}],\"inLanguage\":\"pl-PL\"},{\"@type\":\"Organization\",\"@id\":\"https:\/\/federacja.bialystok.pl\/#organization\",\"name\":\"Federacja Organizacji Pozarz\u0105dowych Miasta Bia\u0142ystok\",\"url\":\"https:\/\/federacja.bialystok.pl\/\",\"logo\":{\"@type\":\"ImageObject\",\"inLanguage\":\"pl-PL\",\"@id\":\"https:\/\/federacja.bialystok.pl\/#\/schema\/logo\/image\/\",\"url\":\"https:\/\/federacja.bialystok.pl\/wp-content\/uploads\/2017\/11\/cropped-logo_federacja.png\",\"contentUrl\":\"https:\/\/federacja.bialystok.pl\/wp-content\/uploads\/2017\/11\/cropped-logo_federacja.png\",\"width\":428,\"height\":147,\"caption\":\"Federacja Organizacji Pozarz\u0105dowych Miasta Bia\u0142ystok\"},\"image\":{\"@id\":\"https:\/\/federacja.bialystok.pl\/#\/schema\/logo\/image\/\"}}]}<\/script>\n<!-- \/ Yoast SEO plugin. -->","yoast_head_json":{"title":"Skoordynowane Us\u0142ugi Spo\u0142eczne - Federacja Organizacji Pozarz\u0105dowych Miasta Bia\u0142ystok","robots":{"index":"index","follow":"follow","max-snippet":"max-snippet:-1","max-image-preview":"max-image-preview:large","max-video-preview":"max-video-preview:-1"},"canonical":"https:\/\/federacja.bialystok.pl\/index.php\/projekty\/sus\/","og_locale":"pl_PL","og_type":"article","og_title":"Skoordynowane Us\u0142ugi Spo\u0142eczne - Federacja Organizacji Pozarz\u0105dowych Miasta Bia\u0142ystok","og_description":"SKOORDYNOWANE US\u0141UGI SPO\u0141ECZNE projekt realizowany jest przez Federacj\u0119 Organizacji Pozarz\u0105dowych Miasta Bia\u0142ystok, finansowany w ramach programu Fundusz Inicjatyw Obywatelskich na lata 2021-2030 NOWEFIO \u2013 edycja 2022 G\u0142\u00f3wnym celem projektu jest wypracowanie i wdro\u017cenie zarz\u0105dzania (narz\u0119dzi, metodyki i menager\u00f3w) skoordynowanych us\u0142ug spo\u0142ecznych przez Federacj\u0119 we wsp\u00f3\u0142pracy z instytucjami publicznymi i prywatnymi [&hellip;]","og_url":"https:\/\/federacja.bialystok.pl\/index.php\/projekty\/sus\/","og_site_name":"Federacja Organizacji Pozarz\u0105dowych Miasta Bia\u0142ystok","article_modified_time":"2024-06-05T07:33:04+00:00","og_image":[{"width":2560,"height":372,"url":"https:\/\/federacja.bialystok.pl\/wp-content\/uploads\/2022\/10\/NOWE_FIO_zestawienie_1_KOLOR-scaled.jpg","type":"image\/jpeg"}],"twitter_card":"summary_large_image","twitter_misc":{"Szacowany czas czytania":"2 minuty"},"schema":{"@context":"https:\/\/schema.org","@graph":[{"@type":"WebPage","@id":"https:\/\/federacja.bialystok.pl\/index.php\/projekty\/sus\/","url":"https:\/\/federacja.bialystok.pl\/index.php\/projekty\/sus\/","name":"Skoordynowane Us\u0142ugi Spo\u0142eczne - Federacja Organizacji Pozarz\u0105dowych Miasta Bia\u0142ystok","isPartOf":{"@id":"https:\/\/federacja.bialystok.pl\/#website"},"primaryImageOfPage":{"@id":"https:\/\/federacja.bialystok.pl\/index.php\/projekty\/sus\/#primaryimage"},"image":{"@id":"https:\/\/federacja.bialystok.pl\/index.php\/projekty\/sus\/#primaryimage"},"thumbnailUrl":"https:\/\/federacja.dfirma.pl\/wp-content\/uploads\/2022\/10\/NOWE_FIO_zestawienie_1_KOLOR-scaled.jpg","datePublished":"2022-10-24T11:59:46+00:00","dateModified":"2024-06-05T07:33:04+00:00","breadcrumb":{"@id":"https:\/\/federacja.bialystok.pl\/index.php\/projekty\/sus\/#breadcrumb"},"inLanguage":"pl-PL","potentialAction":[{"@type":"ReadAction","target":["https:\/\/federacja.bialystok.pl\/index.php\/projekty\/sus\/"]}]},{"@type":"ImageObject","inLanguage":"pl-PL","@id":"https:\/\/federacja.bialystok.pl\/index.php\/projekty\/sus\/#primaryimage","url":"https:\/\/federacja.dfirma.pl\/wp-content\/uploads\/2022\/10\/NOWE_FIO_zestawienie_1_KOLOR-scaled.jpg","contentUrl":"https:\/\/federacja.dfirma.pl\/wp-content\/uploads\/2022\/10\/NOWE_FIO_zestawienie_1_KOLOR-scaled.jpg"},{"@type":"BreadcrumbList","@id":"https:\/\/federacja.bialystok.pl\/index.php\/projekty\/sus\/#breadcrumb","itemListElement":[{"@type":"ListItem","position":1,"name":"Strona g\u0142\u00f3wna","item":"https:\/\/federacja.bialystok.pl\/"},{"@type":"ListItem","position":2,"name":"Projekty","item":"https:\/\/federacja.bialystok.pl\/index.php\/projekty\/"},{"@type":"ListItem","position":3,"name":"Skoordynowane Us\u0142ugi Spo\u0142eczne"}]},{"@type":"WebSite","@id":"https:\/\/federacja.bialystok.pl\/#website","url":"https:\/\/federacja.bialystok.pl\/","name":"Federacja Organizacji Pozarz\u0105dowych Miasta Bia\u0142ystok","description":"","publisher":{"@id":"https:\/\/federacja.bialystok.pl\/#organization"},"potentialAction":[{"@type":"SearchAction","target":{"@type":"EntryPoint","urlTemplate":"https:\/\/federacja.bialystok.pl\/?s={search_term_string}"},"query-input":{"@type":"PropertyValueSpecification","valueRequired":true,"valueName":"search_term_string"}}],"inLanguage":"pl-PL"},{"@type":"Organization","@id":"https:\/\/federacja.bialystok.pl\/#organization","name":"Federacja Organizacji Pozarz\u0105dowych Miasta Bia\u0142ystok","url":"https:\/\/federacja.bialystok.pl\/","logo":{"@type":"ImageObject","inLanguage":"pl-PL","@id":"https:\/\/federacja.bialystok.pl\/#\/schema\/logo\/image\/","url":"https:\/\/federacja.bialystok.pl\/wp-content\/uploads\/2017\/11\/cropped-logo_federacja.png","contentUrl":"https:\/\/federacja.bialystok.pl\/wp-content\/uploads\/2017\/11\/cropped-logo_federacja.png","width":428,"height":147,"caption":"Federacja Organizacji Pozarz\u0105dowych Miasta Bia\u0142ystok"},"image":{"@id":"https:\/\/federacja.bialystok.pl\/#\/schema\/logo\/image\/"}}]}},"_links":{"self":[{"href":"https:\/\/federacja.bialystok.pl\/index.php\/wp-json\/wp\/v2\/pages\/6144","targetHints":{"allow":["GET"]}}],"collection":[{"href":"https:\/\/federacja.bialystok.pl\/index.php\/wp-json\/wp\/v2\/pages"}],"about":[{"href":"https:\/\/federacja.bialystok.pl\/index.php\/wp-json\/wp\/v2\/types\/page"}],"author":[{"embeddable":true,"href":"https:\/\/federacja.bialystok.pl\/index.php\/wp-json\/wp\/v2\/users\/3"}],"replies":[{"embeddable":true,"href":"https:\/\/federacja.bialystok.pl\/index.php\/wp-json\/wp\/v2\/comments?post=6144"}],"version-history":[{"count":3,"href":"https:\/\/federacja.bialystok.pl\/index.php\/wp-json\/wp\/v2\/pages\/6144\/revisions"}],"predecessor-version":[{"id":6154,"href":"https:\/\/federacja.bialystok.pl\/index.php\/wp-json\/wp\/v2\/pages\/6144\/revisions\/6154"}],"up":[{"embeddable":true,"href":"https:\/\/federacja.bialystok.pl\/index.php\/wp-json\/wp\/v2\/pages\/5701"}],"wp:attachment":[{"href":"https:\/\/federacja.bialystok.pl\/index.php\/wp-json\/wp\/v2\/media?parent=6144"}],"curies":[{"name":"wp","href":"https:\/\/api.w.org\/{rel}","templated":true}]}}