{"id":5764,"date":"2017-11-16T15:03:41","date_gmt":"2017-11-16T14:03:41","guid":{"rendered":"http:\/\/federacja.bialystok.pl\/?page_id=5764"},"modified":"2020-04-21T12:47:51","modified_gmt":"2020-04-21T10:47:51","slug":"wsparcie","status":"publish","type":"page","link":"https:\/\/federacja.bialystok.pl\/index.php\/wsparcie\/","title":{"rendered":"Wsparcie"},"content":{"rendered":"<p style=\"font-weight: 400;\">Drogie\/Drodzy.<br \/>\nTo, co si\u0119 wydarzy\u0142o w zwi\u0105zku z epidemi\u0105 zaskoczy\u0142o nas. Nie byli\u015bmy na to przygotowani. Wy pewnie te\u017c nie. Wszyscy jednak jako\u015b staramy si\u0119 w tej nowej rzeczywisto\u015bci odnale\u017a\u0107. Widzimy, jak wielu z Was organizuje pomoc, podejmuje dzia\u0142ania i dba o swoich podopiecznych mimo tej niecodziennej sytuacji. Dzi\u0119kujemy Wam za to.<\/p>\n<p>Jako Zarz\u0105d Federacji zastanawiamy si\u0119 nad r\u00f3\u017cnymi mo\u017cliwo\u015bciami wsparcia dla Was. Wiemy, \u017ce przed Wami teraz wiele nowych wyzwa\u0144 w Waszych organizacjach, ale te\u017c w zwi\u0105zku z realizacj\u0105 przez Was zada\u0144 publicznych. Chcemy \u017ceby\u015bcie pami\u0119tali, \u017ce jeste\u015bmy!<\/p>\n<p><strong>W ramach dzia\u0142a\u0144 statutowych Federacji, oraz w zwi\u0105zku z realizacj\u0105 projektu \u201eBia\u0142ostocka Akademia Pozarz\u0105dowa\u201d w ramach \u015brodk\u00f3w FIO chcemy zaoferowa\u0107 Wam wsparcie\u00a0<\/strong>informacyjne, doradcze, ksi\u0119gowe, prawne oraz webinaryjne.<\/p>\n<p>\u00d8\u00a0\u00a0<strong>W ramach Pogotowia Federacji macie do dyspozycji ekspert\u00f3w, kt\u00f3rzy mog\u0105 Was wesprze\u0107 w kwestiach prawnych i ksi\u0119gowych zwi\u0105zanych z obecn\u0105\u00a0trudn\u0105 sytuacj\u0105.<\/strong>\u00a0Do czasu zako\u0144czenia stanu epidemii porady b\u0119d\u0105 si\u0119\u00a0odbywa\u0107 w spos\u00f3b zdalny.<\/p>\n<p>\u00d8\u00a0\u00a0Je\u017celi w ramach swoich dzia\u0142a\u0144 mo\u017cecie jako\u015b pom\u00f3c innym organizacjom lub mieszka\u0144com, mieszkankom, albo je\u017celi ju\u017c podejmujecie takie dzia\u0142ania pomocowe &#8211; dajce zna\u0107, b\u0119dziemy o Was pisa\u0107, wspiera\u0107, szuka\u0107 tych kt\u00f3rzy tej pomocy potrzebuj\u0105.<\/p>\n<p>\u00d8\u00a0\u00a0Je\u017celi w ramach swoich dzia\u0142a\u0144 potrzebujecie dzi\u015b wsparcia, albo konkretnych rzeczy niezb\u0119dnych do realizacji zada\u0144 i zaspokajania potrzeb podopiecznych &#8211; dajce zna\u0107, b\u0119dziemy o Was pisa\u0107, wspiera\u0107, szuka\u0107 tych, kt\u00f3rzy mog\u0105 Wam pom\u00f3c.<\/p>\n<p>\u00d8\u00a0\u00a0Na fanpagu Federacji b\u0119dziemy na bie\u017c\u0105co zamieszcza\u0107 informacje najwa\u017cniejsze dla organizacji pozarz\u0105dowych, tak by w nat\u0142oku wiadomo\u015bci zalewaj\u0105cych nas z ka\u017cdej strony uporz\u0105dkowa\u0107 i wyja\u015bnia\u0107 to, co realnie nas dotyczy, zorganizujemy kr\u00f3tkie spotkanie online z mo\u017cliwo\u015bci\u0105 zadawania pyta\u0144 &#8211; najbli\u017csze ju\u017c w przysz\u0142ym tygodniu.<\/p>\n<p>Pami\u0119tajcie, \u017ce mo\u017cecie do nas pisa\u0107, dzwoni\u0107.<\/p>\n<p>E-mail:\u00a0<a href=\"mailto:bialystokfederacja@gmail.com\">bialystokfederacja@gmail.com<\/a>; Telefon: 507694466 (Izabela Hryszko)<\/p>\n<p>Je\u015bli macie jakie\u015b szczeg\u00f3lne potrzeby, na kt\u00f3re jest szansa, \u017ce jeste\u015bmy w stanie odpowiedzie\u0107 \u2013 dajcie nam zna\u0107.\u00a0Mamy nadziej\u0119, \u017ce jeste\u015bcie zdrowi i trzymacie si\u0119 pomimo izolacji, w kt\u00f3rej teraz wszyscy si\u0119 znajdujemy.<\/p>\n<p>\u015aciskamy Was wszystkich z bezpiecznej odleg\u0142o\u015bci<\/p>\n<p>Wasz Zarz\u0105d<\/p>\n<p>Pismo, kt\u00f3re wystosowali\u015bmy do Prezydenta Bia\u0142egostoku &#8211; <a href=\"https:\/\/federacja.bialystok.pl\/wp-content\/uploads\/2020\/04\/Pismo-Federacja.pdf\">pobierz<\/a><\/p>\n<p>Odpowied\u017a zast\u0119pcy Prezydenta Miasta Bia\u0142egostoku na apel Federacji &#8211; <a href=\"https:\/\/federacja.bialystok.pl\/wp-content\/uploads\/2020\/04\/Federacja-Covid-19.pdf\">pobierz<\/a><\/p>\n","protected":false},"excerpt":{"rendered":"<p>Drogie\/Drodzy. To, co si\u0119 wydarzy\u0142o w zwi\u0105zku z epidemi\u0105 zaskoczy\u0142o nas. Nie byli\u015bmy na to przygotowani. Wy pewnie te\u017c nie. Wszyscy jednak jako\u015b staramy si\u0119 w tej nowej rzeczywisto\u015bci odnale\u017a\u0107. Widzimy, jak wielu z Was organizuje pomoc, podejmuje dzia\u0142ania i dba o swoich podopiecznych mimo tej niecodziennej sytuacji. Dzi\u0119kujemy Wam [&hellip;]<\/p>\n","protected":false},"author":1,"featured_media":0,"parent":0,"menu_order":0,"comment_status":"closed","ping_status":"closed","template":"","meta":{"om_disable_all_campaigns":false,"_monsterinsights_skip_tracking":false,"_monsterinsights_sitenote_active":false,"_monsterinsights_sitenote_note":"","_monsterinsights_sitenote_category":0,"footnotes":""},"class_list":["post-5764","page","type-page","status-publish","hentry"],"yoast_head":"<!-- This site is optimized with the Yoast SEO plugin v24.5 - https:\/\/yoast.com\/wordpress\/plugins\/seo\/ -->\n<title>Wsparcie - Federacja Organizacji Pozarz\u0105dowych Miasta Bia\u0142ystok<\/title>\n<meta name=\"robots\" content=\"index, follow, max-snippet:-1, max-image-preview:large, max-video-preview:-1\" \/>\n<link rel=\"canonical\" href=\"https:\/\/federacja.bialystok.pl\/index.php\/wsparcie\/\" \/>\n<meta property=\"og:locale\" content=\"pl_PL\" \/>\n<meta property=\"og:type\" content=\"article\" \/>\n<meta property=\"og:title\" content=\"Wsparcie - Federacja Organizacji Pozarz\u0105dowych Miasta Bia\u0142ystok\" \/>\n<meta property=\"og:description\" content=\"Drogie\/Drodzy. To, co si\u0119 wydarzy\u0142o w zwi\u0105zku z epidemi\u0105 zaskoczy\u0142o nas. Nie byli\u015bmy na to przygotowani. Wy pewnie te\u017c nie. Wszyscy jednak jako\u015b staramy si\u0119 w tej nowej rzeczywisto\u015bci odnale\u017a\u0107. Widzimy, jak wielu z Was organizuje pomoc, podejmuje dzia\u0142ania i dba o swoich podopiecznych mimo tej niecodziennej sytuacji. Dzi\u0119kujemy Wam [&hellip;]\" \/>\n<meta property=\"og:url\" content=\"https:\/\/federacja.bialystok.pl\/index.php\/wsparcie\/\" \/>\n<meta property=\"og:site_name\" content=\"Federacja Organizacji Pozarz\u0105dowych Miasta Bia\u0142ystok\" \/>\n<meta property=\"article:modified_time\" content=\"2020-04-21T10:47:51+00:00\" \/>\n<meta name=\"twitter:card\" content=\"summary_large_image\" \/>\n<meta name=\"twitter:label1\" content=\"Szacowany czas czytania\" \/>\n\t<meta name=\"twitter:data1\" content=\"2 minuty\" \/>\n<script type=\"application\/ld+json\" class=\"yoast-schema-graph\">{\"@context\":\"https:\/\/schema.org\",\"@graph\":[{\"@type\":\"WebPage\",\"@id\":\"https:\/\/federacja.bialystok.pl\/index.php\/wsparcie\/\",\"url\":\"https:\/\/federacja.bialystok.pl\/index.php\/wsparcie\/\",\"name\":\"Wsparcie - Federacja Organizacji Pozarz\u0105dowych Miasta Bia\u0142ystok\",\"isPartOf\":{\"@id\":\"https:\/\/federacja.bialystok.pl\/#website\"},\"datePublished\":\"2017-11-16T14:03:41+00:00\",\"dateModified\":\"2020-04-21T10:47:51+00:00\",\"breadcrumb\":{\"@id\":\"https:\/\/federacja.bialystok.pl\/index.php\/wsparcie\/#breadcrumb\"},\"inLanguage\":\"pl-PL\",\"potentialAction\":[{\"@type\":\"ReadAction\",\"target\":[\"https:\/\/federacja.bialystok.pl\/index.php\/wsparcie\/\"]}]},{\"@type\":\"BreadcrumbList\",\"@id\":\"https:\/\/federacja.bialystok.pl\/index.php\/wsparcie\/#breadcrumb\",\"itemListElement\":[{\"@type\":\"ListItem\",\"position\":1,\"name\":\"Strona g\u0142\u00f3wna\",\"item\":\"https:\/\/federacja.bialystok.pl\/\"},{\"@type\":\"ListItem\",\"position\":2,\"name\":\"Wsparcie\"}]},{\"@type\":\"WebSite\",\"@id\":\"https:\/\/federacja.bialystok.pl\/#website\",\"url\":\"https:\/\/federacja.bialystok.pl\/\",\"name\":\"Federacja Organizacji Pozarz\u0105dowych Miasta Bia\u0142ystok\",\"description\":\"\",\"publisher\":{\"@id\":\"https:\/\/federacja.bialystok.pl\/#organization\"},\"potentialAction\":[{\"@type\":\"SearchAction\",\"target\":{\"@type\":\"EntryPoint\",\"urlTemplate\":\"https:\/\/federacja.bialystok.pl\/?s={search_term_string}\"},\"query-input\":{\"@type\":\"PropertyValueSpecification\",\"valueRequired\":true,\"valueName\":\"search_term_string\"}}],\"inLanguage\":\"pl-PL\"},{\"@type\":\"Organization\",\"@id\":\"https:\/\/federacja.bialystok.pl\/#organization\",\"name\":\"Federacja Organizacji Pozarz\u0105dowych Miasta Bia\u0142ystok\",\"url\":\"https:\/\/federacja.bialystok.pl\/\",\"logo\":{\"@type\":\"ImageObject\",\"inLanguage\":\"pl-PL\",\"@id\":\"https:\/\/federacja.bialystok.pl\/#\/schema\/logo\/image\/\",\"url\":\"https:\/\/federacja.bialystok.pl\/wp-content\/uploads\/2017\/11\/cropped-logo_federacja.png\",\"contentUrl\":\"https:\/\/federacja.bialystok.pl\/wp-content\/uploads\/2017\/11\/cropped-logo_federacja.png\",\"width\":428,\"height\":147,\"caption\":\"Federacja Organizacji Pozarz\u0105dowych Miasta Bia\u0142ystok\"},\"image\":{\"@id\":\"https:\/\/federacja.bialystok.pl\/#\/schema\/logo\/image\/\"}}]}<\/script>\n<!-- \/ Yoast SEO plugin. -->","yoast_head_json":{"title":"Wsparcie - Federacja Organizacji Pozarz\u0105dowych Miasta Bia\u0142ystok","robots":{"index":"index","follow":"follow","max-snippet":"max-snippet:-1","max-image-preview":"max-image-preview:large","max-video-preview":"max-video-preview:-1"},"canonical":"https:\/\/federacja.bialystok.pl\/index.php\/wsparcie\/","og_locale":"pl_PL","og_type":"article","og_title":"Wsparcie - Federacja Organizacji Pozarz\u0105dowych Miasta Bia\u0142ystok","og_description":"Drogie\/Drodzy. To, co si\u0119 wydarzy\u0142o w zwi\u0105zku z epidemi\u0105 zaskoczy\u0142o nas. Nie byli\u015bmy na to przygotowani. Wy pewnie te\u017c nie. Wszyscy jednak jako\u015b staramy si\u0119 w tej nowej rzeczywisto\u015bci odnale\u017a\u0107. Widzimy, jak wielu z Was organizuje pomoc, podejmuje dzia\u0142ania i dba o swoich podopiecznych mimo tej niecodziennej sytuacji. Dzi\u0119kujemy Wam [&hellip;]","og_url":"https:\/\/federacja.bialystok.pl\/index.php\/wsparcie\/","og_site_name":"Federacja Organizacji Pozarz\u0105dowych Miasta Bia\u0142ystok","article_modified_time":"2020-04-21T10:47:51+00:00","twitter_card":"summary_large_image","twitter_misc":{"Szacowany czas czytania":"2 minuty"},"schema":{"@context":"https:\/\/schema.org","@graph":[{"@type":"WebPage","@id":"https:\/\/federacja.bialystok.pl\/index.php\/wsparcie\/","url":"https:\/\/federacja.bialystok.pl\/index.php\/wsparcie\/","name":"Wsparcie - Federacja Organizacji Pozarz\u0105dowych Miasta Bia\u0142ystok","isPartOf":{"@id":"https:\/\/federacja.bialystok.pl\/#website"},"datePublished":"2017-11-16T14:03:41+00:00","dateModified":"2020-04-21T10:47:51+00:00","breadcrumb":{"@id":"https:\/\/federacja.bialystok.pl\/index.php\/wsparcie\/#breadcrumb"},"inLanguage":"pl-PL","potentialAction":[{"@type":"ReadAction","target":["https:\/\/federacja.bialystok.pl\/index.php\/wsparcie\/"]}]},{"@type":"BreadcrumbList","@id":"https:\/\/federacja.bialystok.pl\/index.php\/wsparcie\/#breadcrumb","itemListElement":[{"@type":"ListItem","position":1,"name":"Strona g\u0142\u00f3wna","item":"https:\/\/federacja.bialystok.pl\/"},{"@type":"ListItem","position":2,"name":"Wsparcie"}]},{"@type":"WebSite","@id":"https:\/\/federacja.bialystok.pl\/#website","url":"https:\/\/federacja.bialystok.pl\/","name":"Federacja Organizacji Pozarz\u0105dowych Miasta Bia\u0142ystok","description":"","publisher":{"@id":"https:\/\/federacja.bialystok.pl\/#organization"},"potentialAction":[{"@type":"SearchAction","target":{"@type":"EntryPoint","urlTemplate":"https:\/\/federacja.bialystok.pl\/?s={search_term_string}"},"query-input":{"@type":"PropertyValueSpecification","valueRequired":true,"valueName":"search_term_string"}}],"inLanguage":"pl-PL"},{"@type":"Organization","@id":"https:\/\/federacja.bialystok.pl\/#organization","name":"Federacja Organizacji Pozarz\u0105dowych Miasta Bia\u0142ystok","url":"https:\/\/federacja.bialystok.pl\/","logo":{"@type":"ImageObject","inLanguage":"pl-PL","@id":"https:\/\/federacja.bialystok.pl\/#\/schema\/logo\/image\/","url":"https:\/\/federacja.bialystok.pl\/wp-content\/uploads\/2017\/11\/cropped-logo_federacja.png","contentUrl":"https:\/\/federacja.bialystok.pl\/wp-content\/uploads\/2017\/11\/cropped-logo_federacja.png","width":428,"height":147,"caption":"Federacja Organizacji Pozarz\u0105dowych Miasta Bia\u0142ystok"},"image":{"@id":"https:\/\/federacja.bialystok.pl\/#\/schema\/logo\/image\/"}}]}},"_links":{"self":[{"href":"https:\/\/federacja.bialystok.pl\/index.php\/wp-json\/wp\/v2\/pages\/5764","targetHints":{"allow":["GET"]}}],"collection":[{"href":"https:\/\/federacja.bialystok.pl\/index.php\/wp-json\/wp\/v2\/pages"}],"about":[{"href":"https:\/\/federacja.bialystok.pl\/index.php\/wp-json\/wp\/v2\/types\/page"}],"author":[{"embeddable":true,"href":"https:\/\/federacja.bialystok.pl\/index.php\/wp-json\/wp\/v2\/users\/1"}],"replies":[{"embeddable":true,"href":"https:\/\/federacja.bialystok.pl\/index.php\/wp-json\/wp\/v2\/comments?post=5764"}],"version-history":[{"count":6,"href":"https:\/\/federacja.bialystok.pl\/index.php\/wp-json\/wp\/v2\/pages\/5764\/revisions"}],"predecessor-version":[{"id":6015,"href":"https:\/\/federacja.bialystok.pl\/index.php\/wp-json\/wp\/v2\/pages\/5764\/revisions\/6015"}],"wp:attachment":[{"href":"https:\/\/federacja.bialystok.pl\/index.php\/wp-json\/wp\/v2\/media?parent=5764"}],"curies":[{"name":"wp","href":"https:\/\/api.w.org\/{rel}","templated":true}]}}