{"id":5715,"date":"2017-11-16T13:46:58","date_gmt":"2017-11-16T12:46:58","guid":{"rendered":"http:\/\/serwer1307830.home.pl\/federacja\/?page_id=5715"},"modified":"2017-11-16T14:57:26","modified_gmt":"2017-11-16T13:57:26","slug":"kawiarenki-obywatelskie","status":"publish","type":"page","link":"https:\/\/federacja.bialystok.pl\/index.php\/inne-dzialania\/kawiarenki-obywatelskie\/","title":{"rendered":"Kawiarenki obywatelskie"},"content":{"rendered":"<p style=\"text-align: justify;\">Federacja Organizacji Pozarz\u0105dowych jest organizatorem wielu\u00a0 Kawiarenek Obywatelskich. Odbywaj\u0105 si\u0119 one w ramach wielu projekt\u00f3w, w tym mi\u0119dzy innymi \u201eWsp\u00f3lnym g\u0142osem\u201d (lider: \u00a0O\u015brodek\u00a0 Wspierania Organizacji Pozarz\u0105dowych w Bia\u0142ymstoku, partnerzy: FOPMB \u00a0oraz Miasto Bia\u0142ystok), dwie by\u0142y zorganizowane przez nieformaln\u0105 grup\u0119 zwi\u0105zan\u0105 z Federacj\u0105 pod nazw\u0105 \u201eBia\u0142ostocki Klub Debaty Publicznej\u201d w ramach \u00a0\u201e Podlaskiego\u00a0 Pozarz\u0105dowy Fundusz Mikrodotacji\u201d finansowanego z Funduszu Inicjatyw Obywatelskich (operator Fundacja\u00a0 Forum Inicjatyw Rozwojowych w Bia\u0142ymstoku). W kawiarenkach zorganizowanych w ramach projektu \u201eWsp\u00f3lnym g\u0142osem\u201d uczestniczy\u0142o 85 os\u00f3b, w kawiarenkach zorganizowanych przez \u201eBia\u0142ostocki Klub Debaty Publicznej\u201d uczestniczy\u0142o 90 os\u00f3b, co by\u0142o du\u017cym sukcesem.<\/p>\n<ol style=\"text-align: justify;\">\n<li>Pierwsza Kawiarenka pt. <strong>&#8222;Bia\u0142ostoczanie jako odbiorcy kultury&#8221;<\/strong> odby\u0142a si\u0119 27 lutego 2014 r. w Kawiarnio-Ksi\u0119garni \u201eSp\u00f3\u0142dzielnia\u201d przy ul. M.C. Sk\u0142odowskiej w Bia\u0142ymstoku. Moderatorami kawiarenki byli Marcin Kruhlej i Anna \u017bebrowska. Tematem Kawiarenki by\u0142 problem zaanga\u017cowania mieszka\u0144c\u00f3w Bia\u0142egostoku w wydarzenia kulturalne oraz edukacj\u0119 z zakresu kultury i sztuki. By\u0142a\u00a0 to te\u017c okazja do porozmawiania o obywatelach Bia\u0142egostoku zar\u00f3wno jako aktywnych tw\u00f3rcach, jak i odbiorcach dzia\u0142a\u0144 kulturalnych w naszym mie\u015bcie. Podczas spotkania starali\u015bmy si\u0119 znale\u017a\u0107 odpowied\u017a na pytania: <em>Jakimi odbiorcami kultury s\u0105 Bia\u0142ostoczanie? Do kogo skierowane s\u0105 dzia\u0142ania kulturalne w naszym mie\u015bcie? Jaka mo\u017ce by\u0107 rola samorz\u0105du lokalnego w edukacji kulturalnej mieszka\u0144c\u00f3w?\u00a0\u00a0\u00a0 <\/em><\/li>\n<li>Podczas drugiej Kawiarenki przeprowadzonej w formie debaty oksfordzkiej, zastanawiali\u015bmy si\u0119 nad tez\u0105: \u201e<strong>Bia\u0142ystok to dobre miejsce do \u017cycia dla os\u00f3b z niepe\u0142nosprawno\u015bci\u0105\u201d<\/strong>.\u00a0 Marsza\u0142kiem debaty by\u0142a Anna Drabarz, a sekretarzem Rafa\u0142 Gawkowski. Do udzia\u0142u zaproszeni zostali M\u00f3wc\u00f3w \u201eZa\u201d i \u201ePrzeciw\u201d tezie oraz szerokie grono os\u00f3b, kt\u00f3rym problematyka debaty by\u0142a bliska &#8211; czy to z racji niepe\u0142nosprawno\u015bci w\u0142asnej, czy te\u017c z powodu zainteresowania tematem barier, z jakimi osoby z niepe\u0142nosprawno\u015bci\u0105 czy te\u017c osoby starsze maj\u0105 do czynienia w przestrzeni naszego miasta. Kawiarenka odby\u0142a si\u0119 29 maja 2014 r.\u00a0 w Kawiarnio-Ksi\u0119garni \u201eSp\u00f3\u0142dzielnia\u201d w Bia\u0142ymstoku przy ul. Sk\u0142odowskiej 8\/1.<\/li>\n<li>Kawiarenka <strong>\u201eInicjatywa Lokalna w Bia\u0142ymstoku\u201d <\/strong>odby\u0142a si\u0119 22.09.2014 a dotyczy\u0142a inicjatywy lokalnej w Bia\u0142ymstoku, mechanizmu rzadko wykorzystywanego przez mieszka\u0144c\u00f3w i samorz\u0105d lokalny. Tematem Kawiarenki by\u0142a inicjatywa lokalna. Zastanawiano si\u0119, jak wykorzysta\u0107 energi\u0119 mieszka\u0144c\u00f3w Bia\u0142egostoku, grup osiedlowych, aby pomys\u0142y mieszka\u0144c\u00f3w i organizacji pozarz\u0105dowych spotka\u0142y si\u0119 w po\u0142owie drogi z zainteresowaniem i zrozumieniem samorz\u0105du i aby\u00a0 co\u015b dobrego z tego wynik\u0142o.\u00a0 Moderatorem spotkania by\u0142a Agnieszka Olender z O\u015brodka Wspierania Organizacji Pozarz\u0105dowych w Bia\u0142ymstoku, kt\u00f3ra opowiada\u0142a o istniej\u0105cych ju\u017c inicjatywach lokalnych w Polsce. Om\u00f3wi\u0142a r\u00f3\u017cnego rodzaju przyk\u0142ady wykorzystania tego mechanizmu, a przede wszystkim jego dzia\u0142anie w spo\u0142eczno\u015bciach lokalnych. W Bia\u0142ymstoku powsta\u0142 dopiero zarys projektu regulaminu inicjatywy lokalnej, nie zosta\u0142 on jeszcze nawet skonsultowany.<\/li>\n<\/ol>\n<p style=\"text-align: justify;\">Kawiarenka Obywatelska: <strong>\u201eSytuacja i perspektywy m\u0142odych w Bia\u0142ymstoku\u201d <\/strong>odby\u0142a si\u0119 22.10.2014 i dotyczy\u0142a sytuacji os\u00f3b m\u0142odych w Bia\u0142ymstoku. W projekcie wykorzystano r\u00f3wnie\u017c badania spo\u0142eczno\u015bciowe. Sonda w formie ankiety bada\u0142a sytuacj\u0119 os\u00f3b m\u0142odych w Bia\u0142ymstoku \u2013 postrzegan\u0105 zar\u00f3wno przez ludzi m\u0142odych, jak te\u017c mieszka\u0144c\u00f3w w ro\u017cnym wieku. W przeprowadzeniu ankiety pomagali dwaj wolontariusze.\u00a0 Ankiet\u0119 wype\u0142ni\u0142y 63 osoby w przedziale wiekowym od 20 do 70 lat. Uczestnicy kawiarenki zaproponowali, aby stworzy\u0107 forum do kontynuacji dyskusji nt. sytuacji i perspektyw m\u0142odych w Bia\u0142ymstoku, aby powstrzyma\u0107 exodus m\u0142odych z Bia\u0142egostoku do innych miast w Polsce lub za granic\u0119.<\/p>\n<p style=\"text-align: justify;\">Z inicjatywy FOPMB zorganizowano <strong>debat\u0119 \u201eIII sektor dla Miasta, Miasto dla III sektora\u201d.<\/strong> By\u0142o to spotkanie siedmiu\u00a0 kandydat\u00f3w na Prezydenta z organizacjami pozarz\u0105dowymi Bia\u0142egostoku. Podczas debaty kandydaci na Prezydenta Miasta Bia\u0142egostoku ustosunkowali si\u0119 m.in. do najwa\u017cniejszych kwestii wyartyku\u0142owanych przez III sektor. By\u0142a mo\u017cliwo\u015b\u0107 przes\u0142ania pyta\u0144 kandydatom i zebranie opinii od organizacji FOPMB (komunikacja mailowa).<br \/>\nNa zaproszenie do udzia\u0142u w debacie odpowiedzieli wszyscy kandydaci. W spotkaniu udzia\u0142 wzi\u0119li\u00a0 Jan Dobrzy\u0144ski (kandydat PiS), Krzysztof Bil-Jaruzelski (kandydat SLD), Tomasz Szeweluk (kandydat Kongresu Nowej Prawicy), Artur Milewski (Komitet \u201eWsp\u00f3\u0142praca i Zaufanie\u201d), Robert \u017byli\u0144ski (Komitet \u201eRozbud\u017amy Bia\u0142ystok\u201d) oraz Kamil \u017bebrowski (Komitet Podlaski Ruch Samorz\u0105dowy \u201ePraca i Rozw\u00f3j\u201d). Na zadane wcze\u015bniej pytania swoje odpowiedzi nagra\u0142 r\u00f3wnie\u017c przebywaj\u0105cy s\u0142u\u017cbowo w Brukseli Tadeusz Truskolaski (startuj\u0105cy z w\u0142asnego komitetu).<\/p>\n<p style=\"text-align: justify;\">Kandydat\u00f3w mogli ustosunkowa\u0107 si\u0119 do sze\u015bciu kwestii wa\u017cnych dla bia\u0142ostockiego III sektora, kt\u00f3re sformu\u0142owali\u015bmy z pyta\u0144 zaproponowanych przez NGO i nades\u0142anych do Federacji:<\/p>\n<ol style=\"text-align: justify;\">\n<li>Jak zatrzyma\u0107 m\u0142odych przed exodusem z Bia\u0142egostoku?<\/li>\n<li>Wizja wsp\u00f3\u0142pracy z bia\u0142ostockim organizacjami pozarz\u0105dowymi \u2013 formy i narz\u0119dzia wsp\u00f3\u0142pracy.<\/li>\n<li>Jako\u015b\u0107 partycypacji, dialogu spo\u0142ecznego i konsultacji spo\u0142ecznych w Bia\u0142ymstoku.<\/li>\n<li>Bud\u017cet partycypacyjny w Bia\u0142ymstoku.<\/li>\n<li>Budynek dla organizacji pozarz\u0105dowych przy ul. \u015aw. Rocha w Bia\u0142ymstoku \u2013 propozycje wyj\u015bcia z impasu.<\/li>\n<li>Pe\u0142nomocnik prezydenta ds. organizacji pozarz\u0105dowych \u2013 jego rola i miejsce w strukturze organizacyjnej Urz\u0119du Miasta.<\/li>\n<\/ol>\n<p style=\"text-align: justify;\">Na odniesienie si\u0119 do ka\u017cdej z wy\u017cej wymienionych kwestii kandydaci mieli dwie i p\u00f3\u0142 minuty. Na koniec debaty do dyspozycji kandydata zosta\u0142o jeszcze p\u00f3\u0142torej minuty na podsumowanie. Spotkani by\u0142o okazj\u0105 do spotkania z kandydatami i us\u0142yszenia ich propozycji dotycz\u0105cych trzeciego sektora. Ca\u0142e spotkanie zosta\u0142o zarejestrowane i mo\u017cna je obejrze\u0107 w internecie. Zapis ca\u0142ej debaty zosta\u0142 nagrany i jest ca\u0142y czas dost\u0119pny na stronie federacjabialystok.pl.<\/p>\n","protected":false},"excerpt":{"rendered":"<p>Federacja Organizacji Pozarz\u0105dowych jest organizatorem wielu\u00a0 Kawiarenek Obywatelskich. Odbywaj\u0105 si\u0119 one w ramach wielu projekt\u00f3w, w tym mi\u0119dzy innymi \u201eWsp\u00f3lnym g\u0142osem\u201d (lider: \u00a0O\u015brodek\u00a0 Wspierania Organizacji Pozarz\u0105dowych w Bia\u0142ymstoku, partnerzy: FOPMB \u00a0oraz Miasto Bia\u0142ystok), dwie by\u0142y zorganizowane przez nieformaln\u0105 grup\u0119 zwi\u0105zan\u0105 z Federacj\u0105 pod nazw\u0105 \u201eBia\u0142ostocki Klub Debaty Publicznej\u201d w ramach [&hellip;]<\/p>\n","protected":false},"author":1,"featured_media":5604,"parent":5709,"menu_order":0,"comment_status":"closed","ping_status":"closed","template":"","meta":{"om_disable_all_campaigns":false,"_monsterinsights_skip_tracking":false,"_monsterinsights_sitenote_active":false,"_monsterinsights_sitenote_note":"","_monsterinsights_sitenote_category":0,"footnotes":""},"class_list":["post-5715","page","type-page","status-publish","has-post-thumbnail","hentry"],"yoast_head":"<!-- This site is optimized with the Yoast SEO plugin v24.5 - https:\/\/yoast.com\/wordpress\/plugins\/seo\/ -->\n<title>Kawiarenki obywatelskie - Federacja Organizacji Pozarz\u0105dowych Miasta Bia\u0142ystok<\/title>\n<meta name=\"robots\" content=\"index, follow, max-snippet:-1, max-image-preview:large, max-video-preview:-1\" \/>\n<link rel=\"canonical\" href=\"https:\/\/federacja.bialystok.pl\/index.php\/inne-dzialania\/kawiarenki-obywatelskie\/\" \/>\n<meta property=\"og:locale\" content=\"pl_PL\" \/>\n<meta property=\"og:type\" content=\"article\" \/>\n<meta property=\"og:title\" content=\"Kawiarenki obywatelskie - Federacja Organizacji Pozarz\u0105dowych Miasta Bia\u0142ystok\" \/>\n<meta property=\"og:description\" content=\"Federacja Organizacji Pozarz\u0105dowych jest organizatorem wielu\u00a0 Kawiarenek Obywatelskich. Odbywaj\u0105 si\u0119 one w ramach wielu projekt\u00f3w, w tym mi\u0119dzy innymi \u201eWsp\u00f3lnym g\u0142osem\u201d (lider: \u00a0O\u015brodek\u00a0 Wspierania Organizacji Pozarz\u0105dowych w Bia\u0142ymstoku, partnerzy: FOPMB \u00a0oraz Miasto Bia\u0142ystok), dwie by\u0142y zorganizowane przez nieformaln\u0105 grup\u0119 zwi\u0105zan\u0105 z Federacj\u0105 pod nazw\u0105 \u201eBia\u0142ostocki Klub Debaty Publicznej\u201d w ramach [&hellip;]\" \/>\n<meta property=\"og:url\" content=\"https:\/\/federacja.bialystok.pl\/index.php\/inne-dzialania\/kawiarenki-obywatelskie\/\" \/>\n<meta property=\"og:site_name\" content=\"Federacja Organizacji Pozarz\u0105dowych Miasta Bia\u0142ystok\" \/>\n<meta property=\"article:modified_time\" content=\"2017-11-16T13:57:26+00:00\" \/>\n<meta property=\"og:image\" content=\"https:\/\/federacja.bialystok.pl\/wp-content\/uploads\/2017\/03\/kawiarenki_blok-1024x680.jpg\" \/>\n\t<meta property=\"og:image:width\" content=\"1024\" \/>\n\t<meta property=\"og:image:height\" content=\"680\" \/>\n\t<meta property=\"og:image:type\" content=\"image\/jpeg\" \/>\n<meta name=\"twitter:card\" content=\"summary_large_image\" \/>\n<meta name=\"twitter:label1\" content=\"Szacowany czas czytania\" \/>\n\t<meta name=\"twitter:data1\" content=\"5 minut\" \/>\n<script type=\"application\/ld+json\" class=\"yoast-schema-graph\">{\"@context\":\"https:\/\/schema.org\",\"@graph\":[{\"@type\":\"WebPage\",\"@id\":\"https:\/\/federacja.bialystok.pl\/index.php\/inne-dzialania\/kawiarenki-obywatelskie\/\",\"url\":\"https:\/\/federacja.bialystok.pl\/index.php\/inne-dzialania\/kawiarenki-obywatelskie\/\",\"name\":\"Kawiarenki obywatelskie - Federacja Organizacji Pozarz\u0105dowych Miasta Bia\u0142ystok\",\"isPartOf\":{\"@id\":\"https:\/\/federacja.bialystok.pl\/#website\"},\"primaryImageOfPage\":{\"@id\":\"https:\/\/federacja.bialystok.pl\/index.php\/inne-dzialania\/kawiarenki-obywatelskie\/#primaryimage\"},\"image\":{\"@id\":\"https:\/\/federacja.bialystok.pl\/index.php\/inne-dzialania\/kawiarenki-obywatelskie\/#primaryimage\"},\"thumbnailUrl\":\"https:\/\/federacja.bialystok.pl\/wp-content\/uploads\/2017\/03\/kawiarenki_blok.jpg\",\"datePublished\":\"2017-11-16T12:46:58+00:00\",\"dateModified\":\"2017-11-16T13:57:26+00:00\",\"breadcrumb\":{\"@id\":\"https:\/\/federacja.bialystok.pl\/index.php\/inne-dzialania\/kawiarenki-obywatelskie\/#breadcrumb\"},\"inLanguage\":\"pl-PL\",\"potentialAction\":[{\"@type\":\"ReadAction\",\"target\":[\"https:\/\/federacja.bialystok.pl\/index.php\/inne-dzialania\/kawiarenki-obywatelskie\/\"]}]},{\"@type\":\"ImageObject\",\"inLanguage\":\"pl-PL\",\"@id\":\"https:\/\/federacja.bialystok.pl\/index.php\/inne-dzialania\/kawiarenki-obywatelskie\/#primaryimage\",\"url\":\"https:\/\/federacja.bialystok.pl\/wp-content\/uploads\/2017\/03\/kawiarenki_blok.jpg\",\"contentUrl\":\"https:\/\/federacja.bialystok.pl\/wp-content\/uploads\/2017\/03\/kawiarenki_blok.jpg\",\"width\":3568,\"height\":2368,\"caption\":\"SONY DSC\"},{\"@type\":\"BreadcrumbList\",\"@id\":\"https:\/\/federacja.bialystok.pl\/index.php\/inne-dzialania\/kawiarenki-obywatelskie\/#breadcrumb\",\"itemListElement\":[{\"@type\":\"ListItem\",\"position\":1,\"name\":\"Strona g\u0142\u00f3wna\",\"item\":\"https:\/\/federacja.bialystok.pl\/\"},{\"@type\":\"ListItem\",\"position\":2,\"name\":\"Inne dzia\u0142ania\",\"item\":\"https:\/\/federacja.bialystok.pl\/index.php\/inne-dzialania\/\"},{\"@type\":\"ListItem\",\"position\":3,\"name\":\"Kawiarenki obywatelskie\"}]},{\"@type\":\"WebSite\",\"@id\":\"https:\/\/federacja.bialystok.pl\/#website\",\"url\":\"https:\/\/federacja.bialystok.pl\/\",\"name\":\"Federacja Organizacji Pozarz\u0105dowych Miasta Bia\u0142ystok\",\"description\":\"\",\"publisher\":{\"@id\":\"https:\/\/federacja.bialystok.pl\/#organization\"},\"potentialAction\":[{\"@type\":\"SearchAction\",\"target\":{\"@type\":\"EntryPoint\",\"urlTemplate\":\"https:\/\/federacja.bialystok.pl\/?s={search_term_string}\"},\"query-input\":{\"@type\":\"PropertyValueSpecification\",\"valueRequired\":true,\"valueName\":\"search_term_string\"}}],\"inLanguage\":\"pl-PL\"},{\"@type\":\"Organization\",\"@id\":\"https:\/\/federacja.bialystok.pl\/#organization\",\"name\":\"Federacja Organizacji Pozarz\u0105dowych Miasta Bia\u0142ystok\",\"url\":\"https:\/\/federacja.bialystok.pl\/\",\"logo\":{\"@type\":\"ImageObject\",\"inLanguage\":\"pl-PL\",\"@id\":\"https:\/\/federacja.bialystok.pl\/#\/schema\/logo\/image\/\",\"url\":\"https:\/\/federacja.bialystok.pl\/wp-content\/uploads\/2017\/11\/cropped-logo_federacja.png\",\"contentUrl\":\"https:\/\/federacja.bialystok.pl\/wp-content\/uploads\/2017\/11\/cropped-logo_federacja.png\",\"width\":428,\"height\":147,\"caption\":\"Federacja Organizacji Pozarz\u0105dowych Miasta Bia\u0142ystok\"},\"image\":{\"@id\":\"https:\/\/federacja.bialystok.pl\/#\/schema\/logo\/image\/\"}}]}<\/script>\n<!-- \/ Yoast SEO plugin. -->","yoast_head_json":{"title":"Kawiarenki obywatelskie - Federacja Organizacji Pozarz\u0105dowych Miasta Bia\u0142ystok","robots":{"index":"index","follow":"follow","max-snippet":"max-snippet:-1","max-image-preview":"max-image-preview:large","max-video-preview":"max-video-preview:-1"},"canonical":"https:\/\/federacja.bialystok.pl\/index.php\/inne-dzialania\/kawiarenki-obywatelskie\/","og_locale":"pl_PL","og_type":"article","og_title":"Kawiarenki obywatelskie - Federacja Organizacji Pozarz\u0105dowych Miasta Bia\u0142ystok","og_description":"Federacja Organizacji Pozarz\u0105dowych jest organizatorem wielu\u00a0 Kawiarenek Obywatelskich. Odbywaj\u0105 si\u0119 one w ramach wielu projekt\u00f3w, w tym mi\u0119dzy innymi \u201eWsp\u00f3lnym g\u0142osem\u201d (lider: \u00a0O\u015brodek\u00a0 Wspierania Organizacji Pozarz\u0105dowych w Bia\u0142ymstoku, partnerzy: FOPMB \u00a0oraz Miasto Bia\u0142ystok), dwie by\u0142y zorganizowane przez nieformaln\u0105 grup\u0119 zwi\u0105zan\u0105 z Federacj\u0105 pod nazw\u0105 \u201eBia\u0142ostocki Klub Debaty Publicznej\u201d w ramach [&hellip;]","og_url":"https:\/\/federacja.bialystok.pl\/index.php\/inne-dzialania\/kawiarenki-obywatelskie\/","og_site_name":"Federacja Organizacji Pozarz\u0105dowych Miasta Bia\u0142ystok","article_modified_time":"2017-11-16T13:57:26+00:00","og_image":[{"width":1024,"height":680,"url":"https:\/\/federacja.bialystok.pl\/wp-content\/uploads\/2017\/03\/kawiarenki_blok-1024x680.jpg","type":"image\/jpeg"}],"twitter_card":"summary_large_image","twitter_misc":{"Szacowany czas czytania":"5 minut"},"schema":{"@context":"https:\/\/schema.org","@graph":[{"@type":"WebPage","@id":"https:\/\/federacja.bialystok.pl\/index.php\/inne-dzialania\/kawiarenki-obywatelskie\/","url":"https:\/\/federacja.bialystok.pl\/index.php\/inne-dzialania\/kawiarenki-obywatelskie\/","name":"Kawiarenki obywatelskie - Federacja Organizacji Pozarz\u0105dowych Miasta Bia\u0142ystok","isPartOf":{"@id":"https:\/\/federacja.bialystok.pl\/#website"},"primaryImageOfPage":{"@id":"https:\/\/federacja.bialystok.pl\/index.php\/inne-dzialania\/kawiarenki-obywatelskie\/#primaryimage"},"image":{"@id":"https:\/\/federacja.bialystok.pl\/index.php\/inne-dzialania\/kawiarenki-obywatelskie\/#primaryimage"},"thumbnailUrl":"https:\/\/federacja.bialystok.pl\/wp-content\/uploads\/2017\/03\/kawiarenki_blok.jpg","datePublished":"2017-11-16T12:46:58+00:00","dateModified":"2017-11-16T13:57:26+00:00","breadcrumb":{"@id":"https:\/\/federacja.bialystok.pl\/index.php\/inne-dzialania\/kawiarenki-obywatelskie\/#breadcrumb"},"inLanguage":"pl-PL","potentialAction":[{"@type":"ReadAction","target":["https:\/\/federacja.bialystok.pl\/index.php\/inne-dzialania\/kawiarenki-obywatelskie\/"]}]},{"@type":"ImageObject","inLanguage":"pl-PL","@id":"https:\/\/federacja.bialystok.pl\/index.php\/inne-dzialania\/kawiarenki-obywatelskie\/#primaryimage","url":"https:\/\/federacja.bialystok.pl\/wp-content\/uploads\/2017\/03\/kawiarenki_blok.jpg","contentUrl":"https:\/\/federacja.bialystok.pl\/wp-content\/uploads\/2017\/03\/kawiarenki_blok.jpg","width":3568,"height":2368,"caption":"SONY DSC"},{"@type":"BreadcrumbList","@id":"https:\/\/federacja.bialystok.pl\/index.php\/inne-dzialania\/kawiarenki-obywatelskie\/#breadcrumb","itemListElement":[{"@type":"ListItem","position":1,"name":"Strona g\u0142\u00f3wna","item":"https:\/\/federacja.bialystok.pl\/"},{"@type":"ListItem","position":2,"name":"Inne dzia\u0142ania","item":"https:\/\/federacja.bialystok.pl\/index.php\/inne-dzialania\/"},{"@type":"ListItem","position":3,"name":"Kawiarenki obywatelskie"}]},{"@type":"WebSite","@id":"https:\/\/federacja.bialystok.pl\/#website","url":"https:\/\/federacja.bialystok.pl\/","name":"Federacja Organizacji Pozarz\u0105dowych Miasta Bia\u0142ystok","description":"","publisher":{"@id":"https:\/\/federacja.bialystok.pl\/#organization"},"potentialAction":[{"@type":"SearchAction","target":{"@type":"EntryPoint","urlTemplate":"https:\/\/federacja.bialystok.pl\/?s={search_term_string}"},"query-input":{"@type":"PropertyValueSpecification","valueRequired":true,"valueName":"search_term_string"}}],"inLanguage":"pl-PL"},{"@type":"Organization","@id":"https:\/\/federacja.bialystok.pl\/#organization","name":"Federacja Organizacji Pozarz\u0105dowych Miasta Bia\u0142ystok","url":"https:\/\/federacja.bialystok.pl\/","logo":{"@type":"ImageObject","inLanguage":"pl-PL","@id":"https:\/\/federacja.bialystok.pl\/#\/schema\/logo\/image\/","url":"https:\/\/federacja.bialystok.pl\/wp-content\/uploads\/2017\/11\/cropped-logo_federacja.png","contentUrl":"https:\/\/federacja.bialystok.pl\/wp-content\/uploads\/2017\/11\/cropped-logo_federacja.png","width":428,"height":147,"caption":"Federacja Organizacji Pozarz\u0105dowych Miasta Bia\u0142ystok"},"image":{"@id":"https:\/\/federacja.bialystok.pl\/#\/schema\/logo\/image\/"}}]}},"_links":{"self":[{"href":"https:\/\/federacja.bialystok.pl\/index.php\/wp-json\/wp\/v2\/pages\/5715","targetHints":{"allow":["GET"]}}],"collection":[{"href":"https:\/\/federacja.bialystok.pl\/index.php\/wp-json\/wp\/v2\/pages"}],"about":[{"href":"https:\/\/federacja.bialystok.pl\/index.php\/wp-json\/wp\/v2\/types\/page"}],"author":[{"embeddable":true,"href":"https:\/\/federacja.bialystok.pl\/index.php\/wp-json\/wp\/v2\/users\/1"}],"replies":[{"embeddable":true,"href":"https:\/\/federacja.bialystok.pl\/index.php\/wp-json\/wp\/v2\/comments?post=5715"}],"version-history":[{"count":2,"href":"https:\/\/federacja.bialystok.pl\/index.php\/wp-json\/wp\/v2\/pages\/5715\/revisions"}],"predecessor-version":[{"id":5757,"href":"https:\/\/federacja.bialystok.pl\/index.php\/wp-json\/wp\/v2\/pages\/5715\/revisions\/5757"}],"up":[{"embeddable":true,"href":"https:\/\/federacja.bialystok.pl\/index.php\/wp-json\/wp\/v2\/pages\/5709"}],"wp:featuredmedia":[{"embeddable":true,"href":"https:\/\/federacja.bialystok.pl\/index.php\/wp-json\/wp\/v2\/media\/5604"}],"wp:attachment":[{"href":"https:\/\/federacja.bialystok.pl\/index.php\/wp-json\/wp\/v2\/media?parent=5715"}],"curies":[{"name":"wp","href":"https:\/\/api.w.org\/{rel}","templated":true}]}}