{"id":5711,"date":"2017-11-16T13:45:24","date_gmt":"2017-11-16T12:45:24","guid":{"rendered":"http:\/\/serwer1307830.home.pl\/federacja\/?page_id=5711"},"modified":"2017-11-16T14:23:18","modified_gmt":"2017-11-16T13:23:18","slug":"biuletyn-federacji","status":"publish","type":"page","link":"https:\/\/federacja.bialystok.pl\/index.php\/inne-dzialania\/biuletyn-federacji\/","title":{"rendered":"Biuletyn federacji"},"content":{"rendered":"<p style=\"text-align: justify;\">Aby wzmocni\u0107 komunikacj\u0119 FOPMB \u2013 zar\u00f3wno wewn\u0119trzn\u0105, jak i zewn\u0119trzn\u0105 \u2013 i m\u00f3c we w\u0142a\u015bciwy spos\u00f3b zaprezentowa\u0107 organizacje cz\u0142onkowskie i ich aktywno\u015b\u0107 oraz przekazywa\u0107 informacje o wa\u017cnych dla sektora tematach, b\u0119dzie tworzony Biuletyn Federacji. Udzia\u0142 organizacji cz\u0142onkowskich FOPMB w realizacji dzia\u0142ania b\u0119dzie mia\u0142 te\u017c walor edukacyjny i rozwijaj\u0105cy kompetencje samych organizacji.<\/p>\n<p style=\"text-align: justify;\">Od czerwca 2015 do listopada 2016 zostanie wydanych 10 numer\u00f3w Biuletynu \u2013 wszystkie w formie internetowej gazety w formacie pdf (\u0142atwej do przegl\u0105dania, pobrania, zapisu i dystrybucji) publikowanej na stronie FOPMB oraz dwa z nich w wersji drukowanej (500 egz., 12 stron A4) w celu promocji w\u015br\u00f3d administracji publicznej i mieszka\u0144c\u00f3w Bia\u0142egostoku. Na jego \u0142amach b\u0119d\u0105 publikowane wywiady, komentarze, opinie i zapowiedzi wydarze\u0144 wa\u017cnych dla dzia\u0142aj\u0105cych w Bia\u0142ymstoku organizacji pozarz\u0105dowych i ich otoczenia. Organizacje pozarz\u0105dowe b\u0119d\u0105 mog\u0142y dostarcza\u0107 w\u0142asne tre\u015bci do publikacji.<\/p>\n<p style=\"text-align: justify;\">Redagowaniem biuletynu zajmie si\u0119 grupa redakcyjna z\u0142o\u017cona z przedstawicieli organizacji cz\u0142onkowskich FOPMB (4 osoby + redaktor naczelny, kt\u00f3rym b\u0119dzie specjalista \/ka ds. promocji komunikacji ngo) maj\u0105cych do\u015bwiadczenie w dziennikarstwie prasowym i internetowym, osoby z umiej\u0119tno\u015bciami z zakresu redagowania, sk\u0142adu i grafiki komputerowej. Obecnie s\u0105 osoby zainteresowane wsp\u00f3\u0142prac\u0105 oraz wedle potrzeb w ramach projektu zostanie zorganizowane 1-dniowe szkolenie dla cz\u0142onk\u00f3w grupy redakcyjnej oraz innych przedstawicieli organizacji cz\u0142onkowskich FOPMB zainteresowanych komunikacj\u0105 medialn\u0105.<\/p>\n","protected":false},"excerpt":{"rendered":"<p>Aby wzmocni\u0107 komunikacj\u0119 FOPMB \u2013 zar\u00f3wno wewn\u0119trzn\u0105, jak i zewn\u0119trzn\u0105 \u2013 i m\u00f3c we w\u0142a\u015bciwy spos\u00f3b zaprezentowa\u0107 organizacje cz\u0142onkowskie i ich aktywno\u015b\u0107 oraz przekazywa\u0107 informacje o wa\u017cnych dla sektora tematach, b\u0119dzie tworzony Biuletyn Federacji. Udzia\u0142 organizacji cz\u0142onkowskich FOPMB w realizacji dzia\u0142ania b\u0119dzie mia\u0142 te\u017c walor edukacyjny i rozwijaj\u0105cy kompetencje samych [&hellip;]<\/p>\n","protected":false},"author":1,"featured_media":0,"parent":5709,"menu_order":0,"comment_status":"closed","ping_status":"closed","template":"","meta":{"om_disable_all_campaigns":false,"_monsterinsights_skip_tracking":false,"_monsterinsights_sitenote_active":false,"_monsterinsights_sitenote_note":"","_monsterinsights_sitenote_category":0,"footnotes":""},"class_list":["post-5711","page","type-page","status-publish","hentry"],"yoast_head":"<!-- This site is optimized with the Yoast SEO plugin v24.5 - https:\/\/yoast.com\/wordpress\/plugins\/seo\/ -->\n<title>Biuletyn federacji - Federacja Organizacji Pozarz\u0105dowych Miasta Bia\u0142ystok<\/title>\n<meta name=\"robots\" content=\"index, follow, max-snippet:-1, max-image-preview:large, max-video-preview:-1\" \/>\n<link rel=\"canonical\" href=\"https:\/\/federacja.bialystok.pl\/index.php\/inne-dzialania\/biuletyn-federacji\/\" \/>\n<meta property=\"og:locale\" content=\"pl_PL\" \/>\n<meta property=\"og:type\" content=\"article\" \/>\n<meta property=\"og:title\" content=\"Biuletyn federacji - Federacja Organizacji Pozarz\u0105dowych Miasta Bia\u0142ystok\" \/>\n<meta property=\"og:description\" content=\"Aby wzmocni\u0107 komunikacj\u0119 FOPMB \u2013 zar\u00f3wno wewn\u0119trzn\u0105, jak i zewn\u0119trzn\u0105 \u2013 i m\u00f3c we w\u0142a\u015bciwy spos\u00f3b zaprezentowa\u0107 organizacje cz\u0142onkowskie i ich aktywno\u015b\u0107 oraz przekazywa\u0107 informacje o wa\u017cnych dla sektora tematach, b\u0119dzie tworzony Biuletyn Federacji. Udzia\u0142 organizacji cz\u0142onkowskich FOPMB w realizacji dzia\u0142ania b\u0119dzie mia\u0142 te\u017c walor edukacyjny i rozwijaj\u0105cy kompetencje samych [&hellip;]\" \/>\n<meta property=\"og:url\" content=\"https:\/\/federacja.bialystok.pl\/index.php\/inne-dzialania\/biuletyn-federacji\/\" \/>\n<meta property=\"og:site_name\" content=\"Federacja Organizacji Pozarz\u0105dowych Miasta Bia\u0142ystok\" \/>\n<meta property=\"article:modified_time\" content=\"2017-11-16T13:23:18+00:00\" \/>\n<meta name=\"twitter:card\" content=\"summary_large_image\" \/>\n<meta name=\"twitter:label1\" content=\"Szacowany czas czytania\" \/>\n\t<meta name=\"twitter:data1\" content=\"1 minuta\" \/>\n<script type=\"application\/ld+json\" class=\"yoast-schema-graph\">{\"@context\":\"https:\/\/schema.org\",\"@graph\":[{\"@type\":\"WebPage\",\"@id\":\"https:\/\/federacja.bialystok.pl\/index.php\/inne-dzialania\/biuletyn-federacji\/\",\"url\":\"https:\/\/federacja.bialystok.pl\/index.php\/inne-dzialania\/biuletyn-federacji\/\",\"name\":\"Biuletyn federacji - Federacja Organizacji Pozarz\u0105dowych Miasta Bia\u0142ystok\",\"isPartOf\":{\"@id\":\"https:\/\/federacja.bialystok.pl\/#website\"},\"datePublished\":\"2017-11-16T12:45:24+00:00\",\"dateModified\":\"2017-11-16T13:23:18+00:00\",\"breadcrumb\":{\"@id\":\"https:\/\/federacja.bialystok.pl\/index.php\/inne-dzialania\/biuletyn-federacji\/#breadcrumb\"},\"inLanguage\":\"pl-PL\",\"potentialAction\":[{\"@type\":\"ReadAction\",\"target\":[\"https:\/\/federacja.bialystok.pl\/index.php\/inne-dzialania\/biuletyn-federacji\/\"]}]},{\"@type\":\"BreadcrumbList\",\"@id\":\"https:\/\/federacja.bialystok.pl\/index.php\/inne-dzialania\/biuletyn-federacji\/#breadcrumb\",\"itemListElement\":[{\"@type\":\"ListItem\",\"position\":1,\"name\":\"Strona g\u0142\u00f3wna\",\"item\":\"https:\/\/federacja.bialystok.pl\/\"},{\"@type\":\"ListItem\",\"position\":2,\"name\":\"Inne dzia\u0142ania\",\"item\":\"https:\/\/federacja.bialystok.pl\/index.php\/inne-dzialania\/\"},{\"@type\":\"ListItem\",\"position\":3,\"name\":\"Biuletyn federacji\"}]},{\"@type\":\"WebSite\",\"@id\":\"https:\/\/federacja.bialystok.pl\/#website\",\"url\":\"https:\/\/federacja.bialystok.pl\/\",\"name\":\"Federacja Organizacji Pozarz\u0105dowych Miasta Bia\u0142ystok\",\"description\":\"\",\"publisher\":{\"@id\":\"https:\/\/federacja.bialystok.pl\/#organization\"},\"potentialAction\":[{\"@type\":\"SearchAction\",\"target\":{\"@type\":\"EntryPoint\",\"urlTemplate\":\"https:\/\/federacja.bialystok.pl\/?s={search_term_string}\"},\"query-input\":{\"@type\":\"PropertyValueSpecification\",\"valueRequired\":true,\"valueName\":\"search_term_string\"}}],\"inLanguage\":\"pl-PL\"},{\"@type\":\"Organization\",\"@id\":\"https:\/\/federacja.bialystok.pl\/#organization\",\"name\":\"Federacja Organizacji Pozarz\u0105dowych Miasta Bia\u0142ystok\",\"url\":\"https:\/\/federacja.bialystok.pl\/\",\"logo\":{\"@type\":\"ImageObject\",\"inLanguage\":\"pl-PL\",\"@id\":\"https:\/\/federacja.bialystok.pl\/#\/schema\/logo\/image\/\",\"url\":\"https:\/\/federacja.bialystok.pl\/wp-content\/uploads\/2017\/11\/cropped-logo_federacja.png\",\"contentUrl\":\"https:\/\/federacja.bialystok.pl\/wp-content\/uploads\/2017\/11\/cropped-logo_federacja.png\",\"width\":428,\"height\":147,\"caption\":\"Federacja Organizacji Pozarz\u0105dowych Miasta Bia\u0142ystok\"},\"image\":{\"@id\":\"https:\/\/federacja.bialystok.pl\/#\/schema\/logo\/image\/\"}}]}<\/script>\n<!-- \/ Yoast SEO plugin. -->","yoast_head_json":{"title":"Biuletyn federacji - Federacja Organizacji Pozarz\u0105dowych Miasta Bia\u0142ystok","robots":{"index":"index","follow":"follow","max-snippet":"max-snippet:-1","max-image-preview":"max-image-preview:large","max-video-preview":"max-video-preview:-1"},"canonical":"https:\/\/federacja.bialystok.pl\/index.php\/inne-dzialania\/biuletyn-federacji\/","og_locale":"pl_PL","og_type":"article","og_title":"Biuletyn federacji - Federacja Organizacji Pozarz\u0105dowych Miasta Bia\u0142ystok","og_description":"Aby wzmocni\u0107 komunikacj\u0119 FOPMB \u2013 zar\u00f3wno wewn\u0119trzn\u0105, jak i zewn\u0119trzn\u0105 \u2013 i m\u00f3c we w\u0142a\u015bciwy spos\u00f3b zaprezentowa\u0107 organizacje cz\u0142onkowskie i ich aktywno\u015b\u0107 oraz przekazywa\u0107 informacje o wa\u017cnych dla sektora tematach, b\u0119dzie tworzony Biuletyn Federacji. Udzia\u0142 organizacji cz\u0142onkowskich FOPMB w realizacji dzia\u0142ania b\u0119dzie mia\u0142 te\u017c walor edukacyjny i rozwijaj\u0105cy kompetencje samych [&hellip;]","og_url":"https:\/\/federacja.bialystok.pl\/index.php\/inne-dzialania\/biuletyn-federacji\/","og_site_name":"Federacja Organizacji Pozarz\u0105dowych Miasta Bia\u0142ystok","article_modified_time":"2017-11-16T13:23:18+00:00","twitter_card":"summary_large_image","twitter_misc":{"Szacowany czas czytania":"1 minuta"},"schema":{"@context":"https:\/\/schema.org","@graph":[{"@type":"WebPage","@id":"https:\/\/federacja.bialystok.pl\/index.php\/inne-dzialania\/biuletyn-federacji\/","url":"https:\/\/federacja.bialystok.pl\/index.php\/inne-dzialania\/biuletyn-federacji\/","name":"Biuletyn federacji - Federacja Organizacji Pozarz\u0105dowych Miasta Bia\u0142ystok","isPartOf":{"@id":"https:\/\/federacja.bialystok.pl\/#website"},"datePublished":"2017-11-16T12:45:24+00:00","dateModified":"2017-11-16T13:23:18+00:00","breadcrumb":{"@id":"https:\/\/federacja.bialystok.pl\/index.php\/inne-dzialania\/biuletyn-federacji\/#breadcrumb"},"inLanguage":"pl-PL","potentialAction":[{"@type":"ReadAction","target":["https:\/\/federacja.bialystok.pl\/index.php\/inne-dzialania\/biuletyn-federacji\/"]}]},{"@type":"BreadcrumbList","@id":"https:\/\/federacja.bialystok.pl\/index.php\/inne-dzialania\/biuletyn-federacji\/#breadcrumb","itemListElement":[{"@type":"ListItem","position":1,"name":"Strona g\u0142\u00f3wna","item":"https:\/\/federacja.bialystok.pl\/"},{"@type":"ListItem","position":2,"name":"Inne dzia\u0142ania","item":"https:\/\/federacja.bialystok.pl\/index.php\/inne-dzialania\/"},{"@type":"ListItem","position":3,"name":"Biuletyn federacji"}]},{"@type":"WebSite","@id":"https:\/\/federacja.bialystok.pl\/#website","url":"https:\/\/federacja.bialystok.pl\/","name":"Federacja Organizacji Pozarz\u0105dowych Miasta Bia\u0142ystok","description":"","publisher":{"@id":"https:\/\/federacja.bialystok.pl\/#organization"},"potentialAction":[{"@type":"SearchAction","target":{"@type":"EntryPoint","urlTemplate":"https:\/\/federacja.bialystok.pl\/?s={search_term_string}"},"query-input":{"@type":"PropertyValueSpecification","valueRequired":true,"valueName":"search_term_string"}}],"inLanguage":"pl-PL"},{"@type":"Organization","@id":"https:\/\/federacja.bialystok.pl\/#organization","name":"Federacja Organizacji Pozarz\u0105dowych Miasta Bia\u0142ystok","url":"https:\/\/federacja.bialystok.pl\/","logo":{"@type":"ImageObject","inLanguage":"pl-PL","@id":"https:\/\/federacja.bialystok.pl\/#\/schema\/logo\/image\/","url":"https:\/\/federacja.bialystok.pl\/wp-content\/uploads\/2017\/11\/cropped-logo_federacja.png","contentUrl":"https:\/\/federacja.bialystok.pl\/wp-content\/uploads\/2017\/11\/cropped-logo_federacja.png","width":428,"height":147,"caption":"Federacja Organizacji Pozarz\u0105dowych Miasta Bia\u0142ystok"},"image":{"@id":"https:\/\/federacja.bialystok.pl\/#\/schema\/logo\/image\/"}}]}},"_links":{"self":[{"href":"https:\/\/federacja.bialystok.pl\/index.php\/wp-json\/wp\/v2\/pages\/5711","targetHints":{"allow":["GET"]}}],"collection":[{"href":"https:\/\/federacja.bialystok.pl\/index.php\/wp-json\/wp\/v2\/pages"}],"about":[{"href":"https:\/\/federacja.bialystok.pl\/index.php\/wp-json\/wp\/v2\/types\/page"}],"author":[{"embeddable":true,"href":"https:\/\/federacja.bialystok.pl\/index.php\/wp-json\/wp\/v2\/users\/1"}],"replies":[{"embeddable":true,"href":"https:\/\/federacja.bialystok.pl\/index.php\/wp-json\/wp\/v2\/comments?post=5711"}],"version-history":[{"count":2,"href":"https:\/\/federacja.bialystok.pl\/index.php\/wp-json\/wp\/v2\/pages\/5711\/revisions"}],"predecessor-version":[{"id":5744,"href":"https:\/\/federacja.bialystok.pl\/index.php\/wp-json\/wp\/v2\/pages\/5711\/revisions\/5744"}],"up":[{"embeddable":true,"href":"https:\/\/federacja.bialystok.pl\/index.php\/wp-json\/wp\/v2\/pages\/5709"}],"wp:attachment":[{"href":"https:\/\/federacja.bialystok.pl\/index.php\/wp-json\/wp\/v2\/media?parent=5711"}],"curies":[{"name":"wp","href":"https:\/\/api.w.org\/{rel}","templated":true}]}}