{"id":5707,"date":"2017-11-16T13:44:43","date_gmt":"2017-11-16T12:44:43","guid":{"rendered":"http:\/\/serwer1307830.home.pl\/federacja\/?page_id=5707"},"modified":"2017-11-16T14:32:09","modified_gmt":"2017-11-16T13:32:09","slug":"bardzo","status":"publish","type":"page","link":"https:\/\/federacja.bialystok.pl\/index.php\/projekty\/bardzo\/","title":{"rendered":"BARdZO"},"content":{"rendered":"<p style=\"text-align: justify;\">\u201eBARdZO\u201d \u2013 to akronim, skr\u00f3cona nazwa\u201d\u00a0 bia\u0142ostockiego akumulatora rozwoju dla zmotywowanych organizacji\u201d . Mamy na my\u015bli oczywi\u015bcie\u00a0 organizacje cz\u0142onkowskie Federacji Bia\u0142ystok. O ich rozw\u00f3j, energi\u0119\u00a0 i motywacj\u0119 do dzia\u0142ania\u00a0 nam chodzi.<\/p>\n<p style=\"text-align: justify;\">BARdDZO si\u0119 cieszymy. Nasz pierwszy federacyjny projekt FIO w\u00a0 priorytecie 4. \u201esilne organizacje pozarz\u0105dowe\u201d\u00a0 znalaz\u0142 si\u0119 na pierwszym miejscu w Polsce. Przy jego pisaniu opierali\u015bmy si\u0119 g\u0142\u00f3wnie na potrzebach zg\u0142oszonych przez nasze organizacje cz\u0142onkowskie w ankietach. Do oakley outlet listopada 2016 (projekt jest dwuletni) mamy szans\u0105 na uzyskanie szerokiego wsparcia, promocj\u0119 naszych\u00a0organizacji i zastanowienie si\u0119 nad kierunkiem rozwoju Federacji Organizacji Pozarz\u0105dowych Miasta Bia\u0142ystok<\/p>\n<p style=\"text-align: justify;\">DZIA\u0141ANIA W PROJEKCIE \u201eBARdZO\u201d czerwiec 2015 \u2013 listopad 2016:<\/p>\n<p style=\"text-align: justify;\">Forum Rozwoju Federacji \u2013 \u00a0dwa plenarne spotkania z zarz\u0105dami i przedstawicielami organizacji cz\u0142onkowskich. Pierwsze z nich, odb\u0119dzie si\u0119\u00a0 30 wrze\u015bnia 2015 r. Obok dyskusji panelowych i\u00a0 strefy hyde park z mo\u017cliwo\u015bci\u0105 swobodnej wypowiedzi o sprawach III sektora, porozmawiamy te\u017c o przysz\u0142o\u015bci federacji.\u00a0 Drugie\u00a0 forum zaplanowane na\u00a0 pa\u017adziernik 2016 i b\u0119dzie okazj\u0105 m.in.do podsumowania nie tylko rezultat\u00f3w osi\u0105gni\u0119tych dzi\u0119ki dzia\u0142aniom w projekcie, ale tak\u017ce szerzej \u2013 pi\u0119cioletniej dzia\u0142alno\u015bci Federacji.<\/p>\n<p style=\"text-align: justify;\">Wsparcie organizacji pozarz\u0105dowych:<\/p>\n<p style=\"text-align: justify;\">Akademia Federacji \u2013 cykl warsztat\u00f3w *<\/p>\n<p style=\"text-align: justify;\">Pogotowie Federacji \u2013 doradztwo realizowane przez wewn\u0119trznych ekspert\u00f3w; mo\u017cliwy jest wyb\u00f3r tematu z okre\u015blonego katalogu lub zg\u0142oszenie innych, specyficznych potrzeb doradztwa. **<\/p>\n<p style=\"text-align: justify;\">Trenerzy i doradcy zostali wybrani na podstawie ankiet zg\u0142oszeniowych z opisem do\u015bwiadcze\u0144 przes\u0142anych do Federacji do 20 czerwca 2015 r.<\/p>\n<p style=\"text-align: justify;\">Doradztwo \u2013 ruszy\u0142o\u00a0 od czerwca 2015 Jedna organizacja mo\u017ce skorzysta\u0107 maksymalnie z 10 godzin doradztwa.<\/p>\n<p style=\"text-align: justify;\">Gazeta i program telewizyjny<\/p>\n<p style=\"text-align: justify;\">Cykl \u00a010 numer\u00f3w internetowej gazety oraz 10 wyda\u0144\u00a0 internetowego magazynu telewizyjnego. Redagowaniem gazety i programu Tv zajmuje si\u0119 grupa redakcyjna z\u0142o\u017cona z przedstawicieli organizacji cz\u0142onkowskich. Wydanie pierwszego numeru gazety i programu \u2013 ju\u017c na pocz\u0105tku lipca.<\/p>\n<p style=\"text-align: justify;\">Planujemy te\u017c w ramach specjalnego drukowanego numeru gazety \u00a0zaprezentowa\u0107 dzia\u0142alno\u015b\u0107 wszystkich organizacji dzia\u0142aj\u0105cych w Federacji \u2013 na podstawie oakley sunglasses cheap informacji i zdj\u0119\u0107 przes\u0142anych do redakcji.<\/p>\n<p style=\"text-align: justify;\">Kawiarenki obywatelskie<\/p>\n<p style=\"text-align: justify;\">Pierwsza \u201eBARdZO wiosenna\u201d kawiarenka odby\u0142a si\u0119 9 czerwca. Zaplanowali\u015bmy jeszcze 7\u00a0 kawiarenek m\u00e9dicas \u00a0w r\u00f3\u017cnej formie np. moderowanych dyskusji, gier, \u00a0debat wholesale nfl jerseys oksfordzkich, s\u0105du obywatelskiego, stolik\u00f3w tematycznych i in. \u00a0Tematyka kawiarenek b\u0119dzie wynika\u0142a z aktualnych, jak te\u017c \u00a0zg\u0142oszonych do nas wcze\u015bniej Cheap Ray Ban Sunglasses potrzeb organizacji cz\u0142onkowskich. Tematem ramowym zg\u0142oszonym na wrzesie\u0144 lub pa\u017adziernik jest \u201ewolontariat\u201d. Czekamy na nast\u0119pne propozycje od Was. Wsp\u00f3\u0142organizacj\u0105 kawiarenek za \u00a0ka\u017cdym razem zajmie si\u0119 inna organizacja cz\u0142onkowska Federacji,<\/p>\n<p style=\"text-align: justify;\">Opracowanie Strategii Rozwoju Federacji na lata 2017 \u2013 2020<\/p>\n<p style=\"text-align: justify;\">W styczniu 2016 r. zostanie powo\u0142any Zesp\u00f3\u0142 ds. Strategii Federacji 2017-2020 do kt\u00f3rego zostan\u0105 zaproszeni wszyscy zainteresowani cz\u0142onkowie Federacji oraz ich przedstawiciele.\u00a0 Jego celem b\u0119dzie opracowanie Strategii Federacji na lata 2017-2020.\u00a0 Dokument zostanie zredagowany, skonsultowany z organizacjami cz\u0142onkowskim i zaprezentowany \u00a0podczas II Forum Rozwoju Federacji w pa\u017adzierniku 2016 r.<\/p>\n<p style=\"text-align: justify;\">Za realizacj\u0119 projektu \u201dBARdZO\u201d \u00a0odpowiadaj\u0105:<\/p>\n<p style=\"text-align: justify;\">Marcin Kruhlej \u2013 koordynator projektu (mkruhlej@federacjabialystok.pl)<\/p>\n<p style=\"text-align: justify;\">Agnieszka Olender \u2013 organizator wsparcia (aolender@federacjabialystok.pl)<\/p>\n<p style=\"text-align: justify;\">Bo\u017cena Bednarek \u2013 promocja i komunikacja (bbednarek@federacjabialystok.pl)<\/p>\n<p style=\"text-align: justify;\">Anna Drabarz \u2013 kierowanie pracami nad Strategi\u0105 Cheap Jordans Federacji (anna.drabarz@gmail.com<\/p>\n<p style=\"text-align: justify;\">Szczeg\u00f3\u0142y dotycz\u0105ce projektu \u201eBARdZO\u201d \u2013 na stronie www.federacjabia\u0142ystok.pl.<\/p>\n<p style=\"text-align: justify;\">*Akademia Federacji \u2013 tematyka warsztat\u00f3w i planowany\u00a0harmonogram szkole\u0144 w 2015<\/p>\n<p style=\"text-align: justify;\">Jak promowa\u0107 swoj\u0105 organizacj\u0119 \u2013 storytelling i inne dzia\u0142ania, warsztat medialny \u2013 \u00a02 dni \u00a0(24-25 lipca 2015)<\/p>\n<p style=\"text-align: justify;\">Pisanie projekt\u00f3w z powerem \u2013 POWER i inne mo\u017cliwo\u015bci pozyskiwania \u015brodk\u00f3w w nowych programach operacyjnych ) \u2013 1 dzie\u0144 (lipiec\/sierpie\u0144 2015)<\/p>\n<p style=\"text-align: justify;\">Szkolenie dla kandydat\u00f3w do Rady Dzia\u0142alno\u015bci Po\u017cytku Publicznego w Bia\u0142ymstoku \u2013 1 dzie\u0144 (wrzesie\u0144 2015)<\/p>\n<p style=\"text-align: justify;\">Ruszamy w miasto \u2013 organizowanie nietypowych wydarze\u0144 NGO i grywalizacja \u2013 1 dzie\u0144 (wrzesie\u0144\/pa\u017adziernik 2015)<\/p>\n<p style=\"text-align: justify;\">Akademia Edukator\u00f3w Federacji \u201eBARDZO\u201d \u2013 2 x 2 dni (pa\u017adziernik\/listopad 2015)<\/p>\n<p style=\"text-align: justify;\">Twoja WWW \u2013 Twoim BIP-em. Zarz\u0105dzanie tre\u015bci\u0105 na stronie www organizacji \u2013 1 dzie\u0144 (listopad\/grudzie\u0144 2015)<\/p>\n<p style=\"text-align: justify;\">**Pogotowie Federacji \u2013 zakresy doradztwa na podstawie zg\u0142oszonych propozycji organizacji cz\u0142onkowskich<\/p>\n<p style=\"text-align: justify;\">Prawo w organizacjach pozarz\u0105dowych<\/p>\n<p style=\"text-align: justify;\">Ksi\u0119gowo\u015b\u0107 i finanse<\/p>\n<p style=\"text-align: justify;\">Wsp\u00f3\u0142praca z mediami, redagowanie informacji i wizerunek organizacji<\/p>\n<p style=\"text-align: justify;\">Fundraising i crowdfunding<\/p>\n<p style=\"text-align: justify;\">Tworzenie stron internetowych i informatyka<\/p>\n<p style=\"text-align: justify;\">Zarz\u0105dzanie organizacj\u0105 i projektami, pozyskiwanie dotacji<\/p>\n<p style=\"text-align: justify;\">Zarz\u0105dzanie zasobami ludzkimi<\/p>\n<p style=\"text-align: justify;\">Dost\u0119p do informacji publicznej i dzia\u0142alno\u015b\u0107 stra\u017cnicza<\/p>\n<p style=\"text-align: justify;\">Wolontariat w organizacjach pozarz\u0105dowych<\/p>\n<p style=\"text-align: justify;\">Badania spo\u0142eczne, ewaluacja i monitoring dzia\u0142a\u0144<\/p>\n<p style=\"text-align: justify;\">Zapotrzebowanie na doradztwo i zg\u0142oszenia na warsztaty nale\u017cy kierowa\u0107 do organizatora wsparcia Agnieszki Olender: aolender@federacjabialystok.pl, tel. 691 130\u00a0005 lub koordynatora projektu Marcina Kruhleja: mkruhlej@federacjabialystok.pl<\/p>\n<p style=\"text-align: justify;\">Projekt dofinansowany ze \u015brodk\u00f3w Programu Fundusz Inicjatyw Obywatelskich oraz\u00a0przy wsparciu finansowym Urz\u0119du Marsza\u0142kowskiego Wojew\u00f3dztwa Podlaskiego.<\/p>\n","protected":false},"excerpt":{"rendered":"<p>\u201eBARdZO\u201d \u2013 to akronim, skr\u00f3cona nazwa\u201d\u00a0 bia\u0142ostockiego akumulatora rozwoju dla zmotywowanych organizacji\u201d . Mamy na my\u015bli oczywi\u015bcie\u00a0 organizacje cz\u0142onkowskie Federacji Bia\u0142ystok. O ich rozw\u00f3j, energi\u0119\u00a0 i motywacj\u0119 do dzia\u0142ania\u00a0 nam chodzi. BARdDZO si\u0119 cieszymy. Nasz pierwszy federacyjny projekt FIO w\u00a0 priorytecie 4. \u201esilne organizacje pozarz\u0105dowe\u201d\u00a0 znalaz\u0142 si\u0119 na pierwszym miejscu [&hellip;]<\/p>\n","protected":false},"author":1,"featured_media":0,"parent":5701,"menu_order":0,"comment_status":"closed","ping_status":"closed","template":"","meta":{"om_disable_all_campaigns":false,"_monsterinsights_skip_tracking":false,"_monsterinsights_sitenote_active":false,"_monsterinsights_sitenote_note":"","_monsterinsights_sitenote_category":0,"footnotes":""},"class_list":["post-5707","page","type-page","status-publish","hentry"],"yoast_head":"<!-- This site is optimized with the Yoast SEO plugin v24.5 - https:\/\/yoast.com\/wordpress\/plugins\/seo\/ -->\n<title>BARdZO - Federacja Organizacji Pozarz\u0105dowych Miasta Bia\u0142ystok<\/title>\n<meta name=\"robots\" content=\"index, follow, max-snippet:-1, max-image-preview:large, max-video-preview:-1\" \/>\n<link rel=\"canonical\" href=\"https:\/\/federacja.bialystok.pl\/index.php\/projekty\/bardzo\/\" \/>\n<meta property=\"og:locale\" content=\"pl_PL\" \/>\n<meta property=\"og:type\" content=\"article\" \/>\n<meta property=\"og:title\" content=\"BARdZO - Federacja Organizacji Pozarz\u0105dowych Miasta Bia\u0142ystok\" \/>\n<meta property=\"og:description\" content=\"\u201eBARdZO\u201d \u2013 to akronim, skr\u00f3cona nazwa\u201d\u00a0 bia\u0142ostockiego akumulatora rozwoju dla zmotywowanych organizacji\u201d . Mamy na my\u015bli oczywi\u015bcie\u00a0 organizacje cz\u0142onkowskie Federacji Bia\u0142ystok. O ich rozw\u00f3j, energi\u0119\u00a0 i motywacj\u0119 do dzia\u0142ania\u00a0 nam chodzi. BARdDZO si\u0119 cieszymy. Nasz pierwszy federacyjny projekt FIO w\u00a0 priorytecie 4. \u201esilne organizacje pozarz\u0105dowe\u201d\u00a0 znalaz\u0142 si\u0119 na pierwszym miejscu [&hellip;]\" \/>\n<meta property=\"og:url\" content=\"https:\/\/federacja.bialystok.pl\/index.php\/projekty\/bardzo\/\" \/>\n<meta property=\"og:site_name\" content=\"Federacja Organizacji Pozarz\u0105dowych Miasta Bia\u0142ystok\" \/>\n<meta property=\"article:modified_time\" content=\"2017-11-16T13:32:09+00:00\" \/>\n<meta name=\"twitter:card\" content=\"summary_large_image\" \/>\n<meta name=\"twitter:label1\" content=\"Szacowany czas czytania\" \/>\n\t<meta name=\"twitter:data1\" content=\"4 minuty\" \/>\n<script type=\"application\/ld+json\" class=\"yoast-schema-graph\">{\"@context\":\"https:\/\/schema.org\",\"@graph\":[{\"@type\":\"WebPage\",\"@id\":\"https:\/\/federacja.bialystok.pl\/index.php\/projekty\/bardzo\/\",\"url\":\"https:\/\/federacja.bialystok.pl\/index.php\/projekty\/bardzo\/\",\"name\":\"BARdZO - Federacja Organizacji Pozarz\u0105dowych Miasta Bia\u0142ystok\",\"isPartOf\":{\"@id\":\"https:\/\/federacja.bialystok.pl\/#website\"},\"datePublished\":\"2017-11-16T12:44:43+00:00\",\"dateModified\":\"2017-11-16T13:32:09+00:00\",\"breadcrumb\":{\"@id\":\"https:\/\/federacja.bialystok.pl\/index.php\/projekty\/bardzo\/#breadcrumb\"},\"inLanguage\":\"pl-PL\",\"potentialAction\":[{\"@type\":\"ReadAction\",\"target\":[\"https:\/\/federacja.bialystok.pl\/index.php\/projekty\/bardzo\/\"]}]},{\"@type\":\"BreadcrumbList\",\"@id\":\"https:\/\/federacja.bialystok.pl\/index.php\/projekty\/bardzo\/#breadcrumb\",\"itemListElement\":[{\"@type\":\"ListItem\",\"position\":1,\"name\":\"Strona g\u0142\u00f3wna\",\"item\":\"https:\/\/federacja.bialystok.pl\/\"},{\"@type\":\"ListItem\",\"position\":2,\"name\":\"Projekty\",\"item\":\"https:\/\/federacja.bialystok.pl\/index.php\/projekty\/\"},{\"@type\":\"ListItem\",\"position\":3,\"name\":\"BARdZO\"}]},{\"@type\":\"WebSite\",\"@id\":\"https:\/\/federacja.bialystok.pl\/#website\",\"url\":\"https:\/\/federacja.bialystok.pl\/\",\"name\":\"Federacja Organizacji Pozarz\u0105dowych Miasta Bia\u0142ystok\",\"description\":\"\",\"publisher\":{\"@id\":\"https:\/\/federacja.bialystok.pl\/#organization\"},\"potentialAction\":[{\"@type\":\"SearchAction\",\"target\":{\"@type\":\"EntryPoint\",\"urlTemplate\":\"https:\/\/federacja.bialystok.pl\/?s={search_term_string}\"},\"query-input\":{\"@type\":\"PropertyValueSpecification\",\"valueRequired\":true,\"valueName\":\"search_term_string\"}}],\"inLanguage\":\"pl-PL\"},{\"@type\":\"Organization\",\"@id\":\"https:\/\/federacja.bialystok.pl\/#organization\",\"name\":\"Federacja Organizacji Pozarz\u0105dowych Miasta Bia\u0142ystok\",\"url\":\"https:\/\/federacja.bialystok.pl\/\",\"logo\":{\"@type\":\"ImageObject\",\"inLanguage\":\"pl-PL\",\"@id\":\"https:\/\/federacja.bialystok.pl\/#\/schema\/logo\/image\/\",\"url\":\"https:\/\/federacja.bialystok.pl\/wp-content\/uploads\/2017\/11\/cropped-logo_federacja.png\",\"contentUrl\":\"https:\/\/federacja.bialystok.pl\/wp-content\/uploads\/2017\/11\/cropped-logo_federacja.png\",\"width\":428,\"height\":147,\"caption\":\"Federacja Organizacji Pozarz\u0105dowych Miasta Bia\u0142ystok\"},\"image\":{\"@id\":\"https:\/\/federacja.bialystok.pl\/#\/schema\/logo\/image\/\"}}]}<\/script>\n<!-- \/ Yoast SEO plugin. -->","yoast_head_json":{"title":"BARdZO - Federacja Organizacji Pozarz\u0105dowych Miasta Bia\u0142ystok","robots":{"index":"index","follow":"follow","max-snippet":"max-snippet:-1","max-image-preview":"max-image-preview:large","max-video-preview":"max-video-preview:-1"},"canonical":"https:\/\/federacja.bialystok.pl\/index.php\/projekty\/bardzo\/","og_locale":"pl_PL","og_type":"article","og_title":"BARdZO - Federacja Organizacji Pozarz\u0105dowych Miasta Bia\u0142ystok","og_description":"\u201eBARdZO\u201d \u2013 to akronim, skr\u00f3cona nazwa\u201d\u00a0 bia\u0142ostockiego akumulatora rozwoju dla zmotywowanych organizacji\u201d . Mamy na my\u015bli oczywi\u015bcie\u00a0 organizacje cz\u0142onkowskie Federacji Bia\u0142ystok. O ich rozw\u00f3j, energi\u0119\u00a0 i motywacj\u0119 do dzia\u0142ania\u00a0 nam chodzi. BARdDZO si\u0119 cieszymy. Nasz pierwszy federacyjny projekt FIO w\u00a0 priorytecie 4. \u201esilne organizacje pozarz\u0105dowe\u201d\u00a0 znalaz\u0142 si\u0119 na pierwszym miejscu [&hellip;]","og_url":"https:\/\/federacja.bialystok.pl\/index.php\/projekty\/bardzo\/","og_site_name":"Federacja Organizacji Pozarz\u0105dowych Miasta Bia\u0142ystok","article_modified_time":"2017-11-16T13:32:09+00:00","twitter_card":"summary_large_image","twitter_misc":{"Szacowany czas czytania":"4 minuty"},"schema":{"@context":"https:\/\/schema.org","@graph":[{"@type":"WebPage","@id":"https:\/\/federacja.bialystok.pl\/index.php\/projekty\/bardzo\/","url":"https:\/\/federacja.bialystok.pl\/index.php\/projekty\/bardzo\/","name":"BARdZO - Federacja Organizacji Pozarz\u0105dowych Miasta Bia\u0142ystok","isPartOf":{"@id":"https:\/\/federacja.bialystok.pl\/#website"},"datePublished":"2017-11-16T12:44:43+00:00","dateModified":"2017-11-16T13:32:09+00:00","breadcrumb":{"@id":"https:\/\/federacja.bialystok.pl\/index.php\/projekty\/bardzo\/#breadcrumb"},"inLanguage":"pl-PL","potentialAction":[{"@type":"ReadAction","target":["https:\/\/federacja.bialystok.pl\/index.php\/projekty\/bardzo\/"]}]},{"@type":"BreadcrumbList","@id":"https:\/\/federacja.bialystok.pl\/index.php\/projekty\/bardzo\/#breadcrumb","itemListElement":[{"@type":"ListItem","position":1,"name":"Strona g\u0142\u00f3wna","item":"https:\/\/federacja.bialystok.pl\/"},{"@type":"ListItem","position":2,"name":"Projekty","item":"https:\/\/federacja.bialystok.pl\/index.php\/projekty\/"},{"@type":"ListItem","position":3,"name":"BARdZO"}]},{"@type":"WebSite","@id":"https:\/\/federacja.bialystok.pl\/#website","url":"https:\/\/federacja.bialystok.pl\/","name":"Federacja Organizacji Pozarz\u0105dowych Miasta Bia\u0142ystok","description":"","publisher":{"@id":"https:\/\/federacja.bialystok.pl\/#organization"},"potentialAction":[{"@type":"SearchAction","target":{"@type":"EntryPoint","urlTemplate":"https:\/\/federacja.bialystok.pl\/?s={search_term_string}"},"query-input":{"@type":"PropertyValueSpecification","valueRequired":true,"valueName":"search_term_string"}}],"inLanguage":"pl-PL"},{"@type":"Organization","@id":"https:\/\/federacja.bialystok.pl\/#organization","name":"Federacja Organizacji Pozarz\u0105dowych Miasta Bia\u0142ystok","url":"https:\/\/federacja.bialystok.pl\/","logo":{"@type":"ImageObject","inLanguage":"pl-PL","@id":"https:\/\/federacja.bialystok.pl\/#\/schema\/logo\/image\/","url":"https:\/\/federacja.bialystok.pl\/wp-content\/uploads\/2017\/11\/cropped-logo_federacja.png","contentUrl":"https:\/\/federacja.bialystok.pl\/wp-content\/uploads\/2017\/11\/cropped-logo_federacja.png","width":428,"height":147,"caption":"Federacja Organizacji Pozarz\u0105dowych Miasta Bia\u0142ystok"},"image":{"@id":"https:\/\/federacja.bialystok.pl\/#\/schema\/logo\/image\/"}}]}},"_links":{"self":[{"href":"https:\/\/federacja.bialystok.pl\/index.php\/wp-json\/wp\/v2\/pages\/5707","targetHints":{"allow":["GET"]}}],"collection":[{"href":"https:\/\/federacja.bialystok.pl\/index.php\/wp-json\/wp\/v2\/pages"}],"about":[{"href":"https:\/\/federacja.bialystok.pl\/index.php\/wp-json\/wp\/v2\/types\/page"}],"author":[{"embeddable":true,"href":"https:\/\/federacja.bialystok.pl\/index.php\/wp-json\/wp\/v2\/users\/1"}],"replies":[{"embeddable":true,"href":"https:\/\/federacja.bialystok.pl\/index.php\/wp-json\/wp\/v2\/comments?post=5707"}],"version-history":[{"count":2,"href":"https:\/\/federacja.bialystok.pl\/index.php\/wp-json\/wp\/v2\/pages\/5707\/revisions"}],"predecessor-version":[{"id":5753,"href":"https:\/\/federacja.bialystok.pl\/index.php\/wp-json\/wp\/v2\/pages\/5707\/revisions\/5753"}],"up":[{"embeddable":true,"href":"https:\/\/federacja.bialystok.pl\/index.php\/wp-json\/wp\/v2\/pages\/5701"}],"wp:attachment":[{"href":"https:\/\/federacja.bialystok.pl\/index.php\/wp-json\/wp\/v2\/media?parent=5707"}],"curies":[{"name":"wp","href":"https:\/\/api.w.org\/{rel}","templated":true}]}}