{"id":5705,"date":"2017-11-16T13:44:27","date_gmt":"2017-11-16T12:44:27","guid":{"rendered":"http:\/\/serwer1307830.home.pl\/federacja\/?page_id=5705"},"modified":"2017-11-16T14:46:34","modified_gmt":"2017-11-16T13:46:34","slug":"na-drodze-do-wolontariatu","status":"publish","type":"page","link":"https:\/\/federacja.bialystok.pl\/index.php\/projekty\/na-drodze-do-wolontariatu\/","title":{"rendered":"Na drodze do wolontariatu"},"content":{"rendered":"<p style=\"text-align: justify;\">Dzia\u0142ania w ramach projektu to:<\/p>\n<ol style=\"text-align: justify;\">\n<li>Rekrutacja uczestnik\u00f3w projektu ze szk\u00f3\u0142 i uczelni na terenie Bia\u0142egostoku (150 os\u00f3b),<\/li>\n<li>Przeprowadzenie warsztat\u00f3w dla uczni\u00f3w i student\u00f3w,<\/li>\n<li>Organizacja Zimowej Akademii Wolontariatu<\/li>\n<li>Organizacja Gali Wolontariatu w Bia\u0142ymstoku w ramach Mi\u0119dzynarodowego Dnia Wolontariusza \u2013 podsumowanie projektu,<\/li>\n<li>Opracowanie i sporz\u0105dzenie sprawozdania\/rozliczenie zadania.<\/li>\n<\/ol>\n<p style=\"text-align: justify;\">\n<p style=\"text-align: justify;\">Projekt adresowany jest do os\u00f3b pracuj\u0105cych z wolontariuszami w bia\u0142ostockich szko\u0142ach i organizacjach pozarz\u0105dowych. W tym b\u0119d\u0105 tak\u017ce nauczyciele, kt\u00f3rzy mog\u0105 by\u0107 zainteresowani projektem prowadz\u0105 b\u0105d\u017a chc\u0105 za\u0142o\u017cy\u0107 ko\u0142a wolontariatu w swoich szko\u0142ach, szkolni psychologowie, nauczyciele wiedzy o spo\u0142ecze\u0144stwie, gdzie na lekcjach uczniowie zdobywaj\u0105 wiedz\u0119 na temat trzeciego sektora i wolontariatu. Zak\u0142adamy, \u017ce nauczyciele b\u0119d\u0105 liderami swojego \u015brodowiska, a ich rol\u0105 b\u0119dzie zdobycie wiedzy na temat idei wolontariatu, upowszechnianie jej w\u015br\u00f3d m\u0142odzie\u017cy oraz organizowanie b\u0105d\u017a udzia\u0142 w akcjach anga\u017cuj\u0105cych wolontariuszy. Przedstawiciele trzeciego sektora to osoby zainteresowanie promowaniem idei wolontariatu lub chc\u0105ce skorzysta\u0107 z pomocy wolontariuszy we w\u0142asnych organizacjach. Po zako\u0144czeniu szkole\u0144 i warsztat\u00f3w w szko\u0142ach i na uczelniach oraz Zimowej Akademii Wolontariatu jego uczestnicy przeprowadz\u0105 15 akcji wolontarystycznych.<\/p>\n<p style=\"text-align: justify;\">Drug\u0105 grup\u0105, do kt\u00f3rej kierujemy projekt jest m\u0142odzie\u017c gimnazjalna, ponadgimnazjalna i studenci. Wyb\u00f3r tej grupy nie jest przypadkowy \u2013 jak wynika z raportu Stowarzyszenia Klon\/Jawor \u2013 to w\u0142a\u015bnie osoby do 26 roku \u017cycia (26%) i dobrze wykszta\u0142cone (30%) najcz\u0119\u015bciej anga\u017cuj\u0105 si\u0119 w dzia\u0142ania wolontariatu. W grupie tej jest wi\u0119c du\u017cy potencja\u0142. Na zainteresowanie wolontariatem wskazuj\u0105 tak\u017ce do\u015bwiadczenia z ubieg\u0142orocznej edycji projektu, gdzie ilo\u015b\u0107 zg\u0142osze\u0144 grup wolontariackich by\u0142\u0105 zbyt du\u017ca, aby warsztaty mo\u017cna by\u0142o przeprowadzi\u0107, we wszystkich\u00a0 zainteresowanych szko\u0142ach. Dla zweryfikowania nabytych umiej\u0119tno\u015bci, uczestnicy szkolenia wezm\u0105 udzia\u0142 w akcjach wolontarystycznych (minimum 50 os\u00f3b).<\/p>\n<p style=\"text-align: justify;\">W ramach projektu w warsztatach we\u017amie udzia\u0142 150 os\u00f3b \u2013 uczni\u00f3w, student\u00f3w, lider\u00f3w wolontariatu.<\/p>\n","protected":false},"excerpt":{"rendered":"<p>Dzia\u0142ania w ramach projektu to: Rekrutacja uczestnik\u00f3w projektu ze szk\u00f3\u0142 i uczelni na terenie Bia\u0142egostoku (150 os\u00f3b), Przeprowadzenie warsztat\u00f3w dla uczni\u00f3w i student\u00f3w, Organizacja Zimowej Akademii Wolontariatu Organizacja Gali Wolontariatu w Bia\u0142ymstoku w ramach Mi\u0119dzynarodowego Dnia Wolontariusza \u2013 podsumowanie projektu, Opracowanie i sporz\u0105dzenie sprawozdania\/rozliczenie zadania. Projekt adresowany jest do os\u00f3b [&hellip;]<\/p>\n","protected":false},"author":1,"featured_media":0,"parent":5701,"menu_order":0,"comment_status":"closed","ping_status":"closed","template":"","meta":{"om_disable_all_campaigns":false,"_monsterinsights_skip_tracking":false,"_monsterinsights_sitenote_active":false,"_monsterinsights_sitenote_note":"","_monsterinsights_sitenote_category":0,"footnotes":""},"class_list":["post-5705","page","type-page","status-publish","hentry"],"yoast_head":"<!-- This site is optimized with the Yoast SEO plugin v24.5 - https:\/\/yoast.com\/wordpress\/plugins\/seo\/ -->\n<title>Na drodze do wolontariatu - Federacja Organizacji Pozarz\u0105dowych Miasta Bia\u0142ystok<\/title>\n<meta name=\"robots\" content=\"index, follow, max-snippet:-1, max-image-preview:large, max-video-preview:-1\" \/>\n<link rel=\"canonical\" href=\"https:\/\/federacja.bialystok.pl\/index.php\/projekty\/na-drodze-do-wolontariatu\/\" \/>\n<meta property=\"og:locale\" content=\"pl_PL\" \/>\n<meta property=\"og:type\" content=\"article\" \/>\n<meta property=\"og:title\" content=\"Na drodze do wolontariatu - Federacja Organizacji Pozarz\u0105dowych Miasta Bia\u0142ystok\" \/>\n<meta property=\"og:description\" content=\"Dzia\u0142ania w ramach projektu to: Rekrutacja uczestnik\u00f3w projektu ze szk\u00f3\u0142 i uczelni na terenie Bia\u0142egostoku (150 os\u00f3b), Przeprowadzenie warsztat\u00f3w dla uczni\u00f3w i student\u00f3w, Organizacja Zimowej Akademii Wolontariatu Organizacja Gali Wolontariatu w Bia\u0142ymstoku w ramach Mi\u0119dzynarodowego Dnia Wolontariusza \u2013 podsumowanie projektu, Opracowanie i sporz\u0105dzenie sprawozdania\/rozliczenie zadania. Projekt adresowany jest do os\u00f3b [&hellip;]\" \/>\n<meta property=\"og:url\" content=\"https:\/\/federacja.bialystok.pl\/index.php\/projekty\/na-drodze-do-wolontariatu\/\" \/>\n<meta property=\"og:site_name\" content=\"Federacja Organizacji Pozarz\u0105dowych Miasta Bia\u0142ystok\" \/>\n<meta property=\"article:modified_time\" content=\"2017-11-16T13:46:34+00:00\" \/>\n<meta name=\"twitter:card\" content=\"summary_large_image\" \/>\n<meta name=\"twitter:label1\" content=\"Szacowany czas czytania\" \/>\n\t<meta name=\"twitter:data1\" content=\"2 minuty\" \/>\n<script type=\"application\/ld+json\" class=\"yoast-schema-graph\">{\"@context\":\"https:\/\/schema.org\",\"@graph\":[{\"@type\":\"WebPage\",\"@id\":\"https:\/\/federacja.bialystok.pl\/index.php\/projekty\/na-drodze-do-wolontariatu\/\",\"url\":\"https:\/\/federacja.bialystok.pl\/index.php\/projekty\/na-drodze-do-wolontariatu\/\",\"name\":\"Na drodze do wolontariatu - Federacja Organizacji Pozarz\u0105dowych Miasta Bia\u0142ystok\",\"isPartOf\":{\"@id\":\"https:\/\/federacja.bialystok.pl\/#website\"},\"datePublished\":\"2017-11-16T12:44:27+00:00\",\"dateModified\":\"2017-11-16T13:46:34+00:00\",\"breadcrumb\":{\"@id\":\"https:\/\/federacja.bialystok.pl\/index.php\/projekty\/na-drodze-do-wolontariatu\/#breadcrumb\"},\"inLanguage\":\"pl-PL\",\"potentialAction\":[{\"@type\":\"ReadAction\",\"target\":[\"https:\/\/federacja.bialystok.pl\/index.php\/projekty\/na-drodze-do-wolontariatu\/\"]}]},{\"@type\":\"BreadcrumbList\",\"@id\":\"https:\/\/federacja.bialystok.pl\/index.php\/projekty\/na-drodze-do-wolontariatu\/#breadcrumb\",\"itemListElement\":[{\"@type\":\"ListItem\",\"position\":1,\"name\":\"Strona g\u0142\u00f3wna\",\"item\":\"https:\/\/federacja.bialystok.pl\/\"},{\"@type\":\"ListItem\",\"position\":2,\"name\":\"Projekty\",\"item\":\"https:\/\/federacja.bialystok.pl\/index.php\/projekty\/\"},{\"@type\":\"ListItem\",\"position\":3,\"name\":\"Na drodze do wolontariatu\"}]},{\"@type\":\"WebSite\",\"@id\":\"https:\/\/federacja.bialystok.pl\/#website\",\"url\":\"https:\/\/federacja.bialystok.pl\/\",\"name\":\"Federacja Organizacji Pozarz\u0105dowych Miasta Bia\u0142ystok\",\"description\":\"\",\"publisher\":{\"@id\":\"https:\/\/federacja.bialystok.pl\/#organization\"},\"potentialAction\":[{\"@type\":\"SearchAction\",\"target\":{\"@type\":\"EntryPoint\",\"urlTemplate\":\"https:\/\/federacja.bialystok.pl\/?s={search_term_string}\"},\"query-input\":{\"@type\":\"PropertyValueSpecification\",\"valueRequired\":true,\"valueName\":\"search_term_string\"}}],\"inLanguage\":\"pl-PL\"},{\"@type\":\"Organization\",\"@id\":\"https:\/\/federacja.bialystok.pl\/#organization\",\"name\":\"Federacja Organizacji Pozarz\u0105dowych Miasta Bia\u0142ystok\",\"url\":\"https:\/\/federacja.bialystok.pl\/\",\"logo\":{\"@type\":\"ImageObject\",\"inLanguage\":\"pl-PL\",\"@id\":\"https:\/\/federacja.bialystok.pl\/#\/schema\/logo\/image\/\",\"url\":\"https:\/\/federacja.bialystok.pl\/wp-content\/uploads\/2017\/11\/cropped-logo_federacja.png\",\"contentUrl\":\"https:\/\/federacja.bialystok.pl\/wp-content\/uploads\/2017\/11\/cropped-logo_federacja.png\",\"width\":428,\"height\":147,\"caption\":\"Federacja Organizacji Pozarz\u0105dowych Miasta Bia\u0142ystok\"},\"image\":{\"@id\":\"https:\/\/federacja.bialystok.pl\/#\/schema\/logo\/image\/\"}}]}<\/script>\n<!-- \/ Yoast SEO plugin. -->","yoast_head_json":{"title":"Na drodze do wolontariatu - Federacja Organizacji Pozarz\u0105dowych Miasta Bia\u0142ystok","robots":{"index":"index","follow":"follow","max-snippet":"max-snippet:-1","max-image-preview":"max-image-preview:large","max-video-preview":"max-video-preview:-1"},"canonical":"https:\/\/federacja.bialystok.pl\/index.php\/projekty\/na-drodze-do-wolontariatu\/","og_locale":"pl_PL","og_type":"article","og_title":"Na drodze do wolontariatu - Federacja Organizacji Pozarz\u0105dowych Miasta Bia\u0142ystok","og_description":"Dzia\u0142ania w ramach projektu to: Rekrutacja uczestnik\u00f3w projektu ze szk\u00f3\u0142 i uczelni na terenie Bia\u0142egostoku (150 os\u00f3b), Przeprowadzenie warsztat\u00f3w dla uczni\u00f3w i student\u00f3w, Organizacja Zimowej Akademii Wolontariatu Organizacja Gali Wolontariatu w Bia\u0142ymstoku w ramach Mi\u0119dzynarodowego Dnia Wolontariusza \u2013 podsumowanie projektu, Opracowanie i sporz\u0105dzenie sprawozdania\/rozliczenie zadania. Projekt adresowany jest do os\u00f3b [&hellip;]","og_url":"https:\/\/federacja.bialystok.pl\/index.php\/projekty\/na-drodze-do-wolontariatu\/","og_site_name":"Federacja Organizacji Pozarz\u0105dowych Miasta Bia\u0142ystok","article_modified_time":"2017-11-16T13:46:34+00:00","twitter_card":"summary_large_image","twitter_misc":{"Szacowany czas czytania":"2 minuty"},"schema":{"@context":"https:\/\/schema.org","@graph":[{"@type":"WebPage","@id":"https:\/\/federacja.bialystok.pl\/index.php\/projekty\/na-drodze-do-wolontariatu\/","url":"https:\/\/federacja.bialystok.pl\/index.php\/projekty\/na-drodze-do-wolontariatu\/","name":"Na drodze do wolontariatu - Federacja Organizacji Pozarz\u0105dowych Miasta Bia\u0142ystok","isPartOf":{"@id":"https:\/\/federacja.bialystok.pl\/#website"},"datePublished":"2017-11-16T12:44:27+00:00","dateModified":"2017-11-16T13:46:34+00:00","breadcrumb":{"@id":"https:\/\/federacja.bialystok.pl\/index.php\/projekty\/na-drodze-do-wolontariatu\/#breadcrumb"},"inLanguage":"pl-PL","potentialAction":[{"@type":"ReadAction","target":["https:\/\/federacja.bialystok.pl\/index.php\/projekty\/na-drodze-do-wolontariatu\/"]}]},{"@type":"BreadcrumbList","@id":"https:\/\/federacja.bialystok.pl\/index.php\/projekty\/na-drodze-do-wolontariatu\/#breadcrumb","itemListElement":[{"@type":"ListItem","position":1,"name":"Strona g\u0142\u00f3wna","item":"https:\/\/federacja.bialystok.pl\/"},{"@type":"ListItem","position":2,"name":"Projekty","item":"https:\/\/federacja.bialystok.pl\/index.php\/projekty\/"},{"@type":"ListItem","position":3,"name":"Na drodze do wolontariatu"}]},{"@type":"WebSite","@id":"https:\/\/federacja.bialystok.pl\/#website","url":"https:\/\/federacja.bialystok.pl\/","name":"Federacja Organizacji Pozarz\u0105dowych Miasta Bia\u0142ystok","description":"","publisher":{"@id":"https:\/\/federacja.bialystok.pl\/#organization"},"potentialAction":[{"@type":"SearchAction","target":{"@type":"EntryPoint","urlTemplate":"https:\/\/federacja.bialystok.pl\/?s={search_term_string}"},"query-input":{"@type":"PropertyValueSpecification","valueRequired":true,"valueName":"search_term_string"}}],"inLanguage":"pl-PL"},{"@type":"Organization","@id":"https:\/\/federacja.bialystok.pl\/#organization","name":"Federacja Organizacji Pozarz\u0105dowych Miasta Bia\u0142ystok","url":"https:\/\/federacja.bialystok.pl\/","logo":{"@type":"ImageObject","inLanguage":"pl-PL","@id":"https:\/\/federacja.bialystok.pl\/#\/schema\/logo\/image\/","url":"https:\/\/federacja.bialystok.pl\/wp-content\/uploads\/2017\/11\/cropped-logo_federacja.png","contentUrl":"https:\/\/federacja.bialystok.pl\/wp-content\/uploads\/2017\/11\/cropped-logo_federacja.png","width":428,"height":147,"caption":"Federacja Organizacji Pozarz\u0105dowych Miasta Bia\u0142ystok"},"image":{"@id":"https:\/\/federacja.bialystok.pl\/#\/schema\/logo\/image\/"}}]}},"_links":{"self":[{"href":"https:\/\/federacja.bialystok.pl\/index.php\/wp-json\/wp\/v2\/pages\/5705","targetHints":{"allow":["GET"]}}],"collection":[{"href":"https:\/\/federacja.bialystok.pl\/index.php\/wp-json\/wp\/v2\/pages"}],"about":[{"href":"https:\/\/federacja.bialystok.pl\/index.php\/wp-json\/wp\/v2\/types\/page"}],"author":[{"embeddable":true,"href":"https:\/\/federacja.bialystok.pl\/index.php\/wp-json\/wp\/v2\/users\/1"}],"replies":[{"embeddable":true,"href":"https:\/\/federacja.bialystok.pl\/index.php\/wp-json\/wp\/v2\/comments?post=5705"}],"version-history":[{"count":2,"href":"https:\/\/federacja.bialystok.pl\/index.php\/wp-json\/wp\/v2\/pages\/5705\/revisions"}],"predecessor-version":[{"id":5756,"href":"https:\/\/federacja.bialystok.pl\/index.php\/wp-json\/wp\/v2\/pages\/5705\/revisions\/5756"}],"up":[{"embeddable":true,"href":"https:\/\/federacja.bialystok.pl\/index.php\/wp-json\/wp\/v2\/pages\/5701"}],"wp:attachment":[{"href":"https:\/\/federacja.bialystok.pl\/index.php\/wp-json\/wp\/v2\/media?parent=5705"}],"curies":[{"name":"wp","href":"https:\/\/api.w.org\/{rel}","templated":true}]}}