{"id":5703,"date":"2017-11-16T13:44:02","date_gmt":"2017-11-16T12:44:02","guid":{"rendered":"http:\/\/serwer1307830.home.pl\/federacja\/?page_id=5703"},"modified":"2017-11-16T14:33:17","modified_gmt":"2017-11-16T13:33:17","slug":"razem-mozemy-wiecej","status":"publish","type":"page","link":"https:\/\/federacja.bialystok.pl\/index.php\/projekty\/razem-mozemy-wiecej\/","title":{"rendered":"Razem mo\u017cemy wi\u0119cej"},"content":{"rendered":"<p style=\"text-align: justify;\">PROJEKT \u201eRAZEM MO\u017bEMY WI\u0118CEJ \u2013 lokalny rogram wsparcia rodzin\u201d<\/p>\n<p style=\"text-align: justify;\">Okres realizacji: MAJ 2017 \u2013 KWIECIE\u0143 2020 (3 LATA)<\/p>\n<p style=\"text-align: justify;\">Obszar realizacji: BIA\u0141YSTOK, CHOROSZCZ, DOBRZYNIEWO, JUCHNOWIEC, SUPRA\u015aL, ZAB\u0141UD\u00d3W<\/p>\n<p style=\"text-align: justify;\">Realizatorzy: Caritas Archidiecezji Bia\u0142ostockiej, ELEOS Prawos\u0142awny O\u015brodek Mi\u0142osierdzia Dicezji Bia\u0142ostocko-Gda\u0144skiej, Fundacja Dialog, Polskie Stowarzyszenie Pedagog\u00f3w i Animaor\u00f3w KLANZA, Stowarzyszenie Pomocy Rodznie \u201eDroga\u201d oraz Federacja Bia\u0142ystok<\/p>\n<p style=\"text-align: justify;\">Cele :<\/p>\n<ol style=\"text-align: justify;\">\n<li>wdro\u017cenie sp\u00f3jnego, kompleksowego, \u015brodowiskowego systemu d\u0142ugoterminowych us\u0142ug wspierania rodzin w lokalnym \u015brodowisku (dobre praktyki)<\/li>\n<li>podniesienie poziomu aktywno\u015bci spo\u0142ecznej\u00a0 rodzic\u00f3w z sze\u015bciu gmin, dzieci i m\u0142odzie\u017cy wykluczonych b\u0105d\u017a zagro\u017conych wykluczeniem\u00a0 spo\u0142ecznym<\/li>\n<li>wzrost kompetencji pracownik\u00f3w\/wolontariuszy plac\u00f3wek i organizacji pozarz\u0105dowych<\/li>\n<li>(przez zbudowanie ich kompetencji i zaanga\u017cowanie samorz\u0105d\u00f3w, zapewnienie trwa\u0142o\u015bci us\u0142ug dla rodziny gminach)<\/li>\n<li>zmiana sposobu postrzegania rodzin \u2013 ich zaanga\u017cowanie w sprawy spo\u0142eczno\u015bci, prezentacje i wyst\u0119py kulturalne, dramy, inne aktywno\u015bci i wydarzenia przez nich organizowane<\/li>\n<\/ol>\n<p style=\"text-align: justify;\">Grupy docelowe:<\/p>\n<ul style=\"text-align: justify;\">\n<li>rodzice prze\u017cywaj\u0105cy trudno\u015bci opieku\u0144czo \u2013 wychowawcze, korzystaj\u0105cy z pomocy spo\u0142ecznej, obj\u0119ci Niebieskimi Kartami, ale te\u017c maj\u0105cy dzieci w plac\u00f3wkach dziennych i ca\u0142odobowych<\/li>\n<li>dzieci, m\u0142odzie\u017c, zagro\u017cone wykluczeniem spo\u0142ecznym, korzystaj\u0105ce ze wsparcia \u015bwietlic \u015brodowiskowych i socjoterapeutycznych oraz pieczy zast\u0119pczej<\/li>\n<li>wolontariusze jednostek wsparcia rodziny i systemu pieczy zast\u0119pczej oraz osoby sprawuj\u0105ce piecz\u0119 zast\u0119pcz\u0105.<\/li>\n<\/ul>\n<p style=\"text-align: justify;\">Dzia\u0142ania w ramach projektu:<\/p>\n<ul style=\"text-align: justify;\">\n<li>Asystenci Rodzin<\/li>\n<li>Mobilne Punkty Wsparcia w 5 gminach \u2013 dy\u017cury\u00a0specjalist\u00f3w zgodnie z zapotrzebowaniem<\/li>\n<\/ul>\n<ul>\n<li style=\"text-align: justify;\">Akademia Rodzic\u00f3w \u2013 Warsztaty Rozwoju\u00a0Umiej\u0119tno\u015bci Rodzicielskich oraz wydarzenia rodzinne<\/li>\n<li style=\"text-align: justify;\">Mediacje z nastolatkami \u2013 warsztaty jak rozmawia\u0107 z nastolatkiem skierowane do rodzic\u00f3w i opiekun\u00f3w<\/li>\n<li style=\"text-align: justify;\">Trening Zast\u0119powania Agresji \u2013 Warsztaty dla\u00a0Doros\u0142ych<\/li>\n<li style=\"text-align: justify;\">Spotkania konsultacyjne w gminach z rodzinami \u2013\u00a0budowanie wsp\u00f3lnej odpowiedzialno\u015bci<\/li>\n<li style=\"text-align: justify;\">Rozszerzenie dzia\u0142alno\u015bci\u00a0\u015bwietlic \u015brodowiskowych i socjoterapeutycznych o\u00a0dodatkowe formy pomocy dla dzieci, w tym zaj\u0119cia W. Sherborne oraz zaj\u0119cia TZA<\/li>\n<li style=\"text-align: justify;\">Trening Zast\u0119powania Agresji dla m\u0142odzie\u017cy<\/li>\n<li style=\"text-align: justify;\">Mediacje z doros\u0142ymi \u2013 warsztaty\u00a0dla m\u0142odzie\u017cy<\/li>\n<li style=\"text-align: justify;\">Wsparcie mentoringowe dla m\u0142odzie\u017cy w plac\u00f3wkach oraz pieczy zastepczej<\/li>\n<li style=\"text-align: justify;\">J\u0119zyk angielski dla m\u0142odzie\u017cy z problemami opieku\u0144czo-wychowawczymi<\/li>\n<li style=\"text-align: justify;\">M\u0142odzie\u017cowa Scena tw\u00f3rczo\u015bci w gminach BOF \u2013 zaj\u0119cia animacyjne z m\u0142odzie\u017c\u0105<\/li>\n<li style=\"text-align: justify;\">Superwizja dla asystent\u00f3w i wychowawc\u00f3w pracuj\u0105cych z rodzin\u0105 i w plac\u00f3wkach wsparcia dziennego<\/li>\n<li style=\"text-align: justify;\">Szkolenia dla kadry: Mediacje Rodzinne, Terapia\u00a0Skoncentrowana na Rozwi\u0105zaniach, Dialog\u00a0Motywacyjny, Metoda W. Sherborne i inne<\/li>\n<\/ul>\n","protected":false},"excerpt":{"rendered":"<p>PROJEKT \u201eRAZEM MO\u017bEMY WI\u0118CEJ \u2013 lokalny rogram wsparcia rodzin\u201d Okres realizacji: MAJ 2017 \u2013 KWIECIE\u0143 2020 (3 LATA) Obszar realizacji: BIA\u0141YSTOK, CHOROSZCZ, DOBRZYNIEWO, JUCHNOWIEC, SUPRA\u015aL, ZAB\u0141UD\u00d3W Realizatorzy: Caritas Archidiecezji Bia\u0142ostockiej, ELEOS Prawos\u0142awny O\u015brodek Mi\u0142osierdzia Dicezji Bia\u0142ostocko-Gda\u0144skiej, Fundacja Dialog, Polskie Stowarzyszenie Pedagog\u00f3w i Animaor\u00f3w KLANZA, Stowarzyszenie Pomocy Rodznie \u201eDroga\u201d oraz Federacja [&hellip;]<\/p>\n","protected":false},"author":1,"featured_media":0,"parent":5701,"menu_order":0,"comment_status":"closed","ping_status":"closed","template":"","meta":{"om_disable_all_campaigns":false,"_monsterinsights_skip_tracking":false,"_monsterinsights_sitenote_active":false,"_monsterinsights_sitenote_note":"","_monsterinsights_sitenote_category":0,"footnotes":""},"class_list":["post-5703","page","type-page","status-publish","hentry"],"yoast_head":"<!-- This site is optimized with the Yoast SEO plugin v24.5 - https:\/\/yoast.com\/wordpress\/plugins\/seo\/ -->\n<title>Razem mo\u017cemy wi\u0119cej - Federacja Organizacji Pozarz\u0105dowych Miasta Bia\u0142ystok<\/title>\n<meta name=\"robots\" content=\"index, follow, max-snippet:-1, max-image-preview:large, max-video-preview:-1\" \/>\n<link rel=\"canonical\" href=\"https:\/\/federacja.bialystok.pl\/index.php\/projekty\/razem-mozemy-wiecej\/\" \/>\n<meta property=\"og:locale\" content=\"pl_PL\" \/>\n<meta property=\"og:type\" content=\"article\" \/>\n<meta property=\"og:title\" content=\"Razem mo\u017cemy wi\u0119cej - Federacja Organizacji Pozarz\u0105dowych Miasta Bia\u0142ystok\" \/>\n<meta property=\"og:description\" content=\"PROJEKT \u201eRAZEM MO\u017bEMY WI\u0118CEJ \u2013 lokalny rogram wsparcia rodzin\u201d Okres realizacji: MAJ 2017 \u2013 KWIECIE\u0143 2020 (3 LATA) Obszar realizacji: BIA\u0141YSTOK, CHOROSZCZ, DOBRZYNIEWO, JUCHNOWIEC, SUPRA\u015aL, ZAB\u0141UD\u00d3W Realizatorzy: Caritas Archidiecezji Bia\u0142ostockiej, ELEOS Prawos\u0142awny O\u015brodek Mi\u0142osierdzia Dicezji Bia\u0142ostocko-Gda\u0144skiej, Fundacja Dialog, Polskie Stowarzyszenie Pedagog\u00f3w i Animaor\u00f3w KLANZA, Stowarzyszenie Pomocy Rodznie \u201eDroga\u201d oraz Federacja [&hellip;]\" \/>\n<meta property=\"og:url\" content=\"https:\/\/federacja.bialystok.pl\/index.php\/projekty\/razem-mozemy-wiecej\/\" \/>\n<meta property=\"og:site_name\" content=\"Federacja Organizacji Pozarz\u0105dowych Miasta Bia\u0142ystok\" \/>\n<meta property=\"article:modified_time\" content=\"2017-11-16T13:33:17+00:00\" \/>\n<meta name=\"twitter:card\" content=\"summary_large_image\" \/>\n<meta name=\"twitter:label1\" content=\"Szacowany czas czytania\" \/>\n\t<meta name=\"twitter:data1\" content=\"2 minuty\" \/>\n<script type=\"application\/ld+json\" class=\"yoast-schema-graph\">{\"@context\":\"https:\/\/schema.org\",\"@graph\":[{\"@type\":\"WebPage\",\"@id\":\"https:\/\/federacja.bialystok.pl\/index.php\/projekty\/razem-mozemy-wiecej\/\",\"url\":\"https:\/\/federacja.bialystok.pl\/index.php\/projekty\/razem-mozemy-wiecej\/\",\"name\":\"Razem mo\u017cemy wi\u0119cej - Federacja Organizacji Pozarz\u0105dowych Miasta Bia\u0142ystok\",\"isPartOf\":{\"@id\":\"https:\/\/federacja.bialystok.pl\/#website\"},\"datePublished\":\"2017-11-16T12:44:02+00:00\",\"dateModified\":\"2017-11-16T13:33:17+00:00\",\"breadcrumb\":{\"@id\":\"https:\/\/federacja.bialystok.pl\/index.php\/projekty\/razem-mozemy-wiecej\/#breadcrumb\"},\"inLanguage\":\"pl-PL\",\"potentialAction\":[{\"@type\":\"ReadAction\",\"target\":[\"https:\/\/federacja.bialystok.pl\/index.php\/projekty\/razem-mozemy-wiecej\/\"]}]},{\"@type\":\"BreadcrumbList\",\"@id\":\"https:\/\/federacja.bialystok.pl\/index.php\/projekty\/razem-mozemy-wiecej\/#breadcrumb\",\"itemListElement\":[{\"@type\":\"ListItem\",\"position\":1,\"name\":\"Strona g\u0142\u00f3wna\",\"item\":\"https:\/\/federacja.bialystok.pl\/\"},{\"@type\":\"ListItem\",\"position\":2,\"name\":\"Projekty\",\"item\":\"https:\/\/federacja.bialystok.pl\/index.php\/projekty\/\"},{\"@type\":\"ListItem\",\"position\":3,\"name\":\"Razem mo\u017cemy wi\u0119cej\"}]},{\"@type\":\"WebSite\",\"@id\":\"https:\/\/federacja.bialystok.pl\/#website\",\"url\":\"https:\/\/federacja.bialystok.pl\/\",\"name\":\"Federacja Organizacji Pozarz\u0105dowych Miasta Bia\u0142ystok\",\"description\":\"\",\"publisher\":{\"@id\":\"https:\/\/federacja.bialystok.pl\/#organization\"},\"potentialAction\":[{\"@type\":\"SearchAction\",\"target\":{\"@type\":\"EntryPoint\",\"urlTemplate\":\"https:\/\/federacja.bialystok.pl\/?s={search_term_string}\"},\"query-input\":{\"@type\":\"PropertyValueSpecification\",\"valueRequired\":true,\"valueName\":\"search_term_string\"}}],\"inLanguage\":\"pl-PL\"},{\"@type\":\"Organization\",\"@id\":\"https:\/\/federacja.bialystok.pl\/#organization\",\"name\":\"Federacja Organizacji Pozarz\u0105dowych Miasta Bia\u0142ystok\",\"url\":\"https:\/\/federacja.bialystok.pl\/\",\"logo\":{\"@type\":\"ImageObject\",\"inLanguage\":\"pl-PL\",\"@id\":\"https:\/\/federacja.bialystok.pl\/#\/schema\/logo\/image\/\",\"url\":\"https:\/\/federacja.bialystok.pl\/wp-content\/uploads\/2017\/11\/cropped-logo_federacja.png\",\"contentUrl\":\"https:\/\/federacja.bialystok.pl\/wp-content\/uploads\/2017\/11\/cropped-logo_federacja.png\",\"width\":428,\"height\":147,\"caption\":\"Federacja Organizacji Pozarz\u0105dowych Miasta Bia\u0142ystok\"},\"image\":{\"@id\":\"https:\/\/federacja.bialystok.pl\/#\/schema\/logo\/image\/\"}}]}<\/script>\n<!-- \/ Yoast SEO plugin. -->","yoast_head_json":{"title":"Razem mo\u017cemy wi\u0119cej - Federacja Organizacji Pozarz\u0105dowych Miasta Bia\u0142ystok","robots":{"index":"index","follow":"follow","max-snippet":"max-snippet:-1","max-image-preview":"max-image-preview:large","max-video-preview":"max-video-preview:-1"},"canonical":"https:\/\/federacja.bialystok.pl\/index.php\/projekty\/razem-mozemy-wiecej\/","og_locale":"pl_PL","og_type":"article","og_title":"Razem mo\u017cemy wi\u0119cej - Federacja Organizacji Pozarz\u0105dowych Miasta Bia\u0142ystok","og_description":"PROJEKT \u201eRAZEM MO\u017bEMY WI\u0118CEJ \u2013 lokalny rogram wsparcia rodzin\u201d Okres realizacji: MAJ 2017 \u2013 KWIECIE\u0143 2020 (3 LATA) Obszar realizacji: BIA\u0141YSTOK, CHOROSZCZ, DOBRZYNIEWO, JUCHNOWIEC, SUPRA\u015aL, ZAB\u0141UD\u00d3W Realizatorzy: Caritas Archidiecezji Bia\u0142ostockiej, ELEOS Prawos\u0142awny O\u015brodek Mi\u0142osierdzia Dicezji Bia\u0142ostocko-Gda\u0144skiej, Fundacja Dialog, Polskie Stowarzyszenie Pedagog\u00f3w i Animaor\u00f3w KLANZA, Stowarzyszenie Pomocy Rodznie \u201eDroga\u201d oraz Federacja [&hellip;]","og_url":"https:\/\/federacja.bialystok.pl\/index.php\/projekty\/razem-mozemy-wiecej\/","og_site_name":"Federacja Organizacji Pozarz\u0105dowych Miasta Bia\u0142ystok","article_modified_time":"2017-11-16T13:33:17+00:00","twitter_card":"summary_large_image","twitter_misc":{"Szacowany czas czytania":"2 minuty"},"schema":{"@context":"https:\/\/schema.org","@graph":[{"@type":"WebPage","@id":"https:\/\/federacja.bialystok.pl\/index.php\/projekty\/razem-mozemy-wiecej\/","url":"https:\/\/federacja.bialystok.pl\/index.php\/projekty\/razem-mozemy-wiecej\/","name":"Razem mo\u017cemy wi\u0119cej - Federacja Organizacji Pozarz\u0105dowych Miasta Bia\u0142ystok","isPartOf":{"@id":"https:\/\/federacja.bialystok.pl\/#website"},"datePublished":"2017-11-16T12:44:02+00:00","dateModified":"2017-11-16T13:33:17+00:00","breadcrumb":{"@id":"https:\/\/federacja.bialystok.pl\/index.php\/projekty\/razem-mozemy-wiecej\/#breadcrumb"},"inLanguage":"pl-PL","potentialAction":[{"@type":"ReadAction","target":["https:\/\/federacja.bialystok.pl\/index.php\/projekty\/razem-mozemy-wiecej\/"]}]},{"@type":"BreadcrumbList","@id":"https:\/\/federacja.bialystok.pl\/index.php\/projekty\/razem-mozemy-wiecej\/#breadcrumb","itemListElement":[{"@type":"ListItem","position":1,"name":"Strona g\u0142\u00f3wna","item":"https:\/\/federacja.bialystok.pl\/"},{"@type":"ListItem","position":2,"name":"Projekty","item":"https:\/\/federacja.bialystok.pl\/index.php\/projekty\/"},{"@type":"ListItem","position":3,"name":"Razem mo\u017cemy wi\u0119cej"}]},{"@type":"WebSite","@id":"https:\/\/federacja.bialystok.pl\/#website","url":"https:\/\/federacja.bialystok.pl\/","name":"Federacja Organizacji Pozarz\u0105dowych Miasta Bia\u0142ystok","description":"","publisher":{"@id":"https:\/\/federacja.bialystok.pl\/#organization"},"potentialAction":[{"@type":"SearchAction","target":{"@type":"EntryPoint","urlTemplate":"https:\/\/federacja.bialystok.pl\/?s={search_term_string}"},"query-input":{"@type":"PropertyValueSpecification","valueRequired":true,"valueName":"search_term_string"}}],"inLanguage":"pl-PL"},{"@type":"Organization","@id":"https:\/\/federacja.bialystok.pl\/#organization","name":"Federacja Organizacji Pozarz\u0105dowych Miasta Bia\u0142ystok","url":"https:\/\/federacja.bialystok.pl\/","logo":{"@type":"ImageObject","inLanguage":"pl-PL","@id":"https:\/\/federacja.bialystok.pl\/#\/schema\/logo\/image\/","url":"https:\/\/federacja.bialystok.pl\/wp-content\/uploads\/2017\/11\/cropped-logo_federacja.png","contentUrl":"https:\/\/federacja.bialystok.pl\/wp-content\/uploads\/2017\/11\/cropped-logo_federacja.png","width":428,"height":147,"caption":"Federacja Organizacji Pozarz\u0105dowych Miasta Bia\u0142ystok"},"image":{"@id":"https:\/\/federacja.bialystok.pl\/#\/schema\/logo\/image\/"}}]}},"_links":{"self":[{"href":"https:\/\/federacja.bialystok.pl\/index.php\/wp-json\/wp\/v2\/pages\/5703","targetHints":{"allow":["GET"]}}],"collection":[{"href":"https:\/\/federacja.bialystok.pl\/index.php\/wp-json\/wp\/v2\/pages"}],"about":[{"href":"https:\/\/federacja.bialystok.pl\/index.php\/wp-json\/wp\/v2\/types\/page"}],"author":[{"embeddable":true,"href":"https:\/\/federacja.bialystok.pl\/index.php\/wp-json\/wp\/v2\/users\/1"}],"replies":[{"embeddable":true,"href":"https:\/\/federacja.bialystok.pl\/index.php\/wp-json\/wp\/v2\/comments?post=5703"}],"version-history":[{"count":2,"href":"https:\/\/federacja.bialystok.pl\/index.php\/wp-json\/wp\/v2\/pages\/5703\/revisions"}],"predecessor-version":[{"id":5754,"href":"https:\/\/federacja.bialystok.pl\/index.php\/wp-json\/wp\/v2\/pages\/5703\/revisions\/5754"}],"up":[{"embeddable":true,"href":"https:\/\/federacja.bialystok.pl\/index.php\/wp-json\/wp\/v2\/pages\/5701"}],"wp:attachment":[{"href":"https:\/\/federacja.bialystok.pl\/index.php\/wp-json\/wp\/v2\/media?parent=5703"}],"curies":[{"name":"wp","href":"https:\/\/api.w.org\/{rel}","templated":true}]}}