{"id":5699,"date":"2017-11-16T13:43:30","date_gmt":"2017-11-16T12:43:30","guid":{"rendered":"http:\/\/serwer1307830.home.pl\/federacja\/?page_id=5699"},"modified":"2017-11-16T14:40:42","modified_gmt":"2017-11-16T13:40:42","slug":"organizacje","status":"publish","type":"page","link":"https:\/\/federacja.bialystok.pl\/index.php\/organizacje\/","title":{"rendered":"Organizacje"},"content":{"rendered":"<p><strong>Lista Organizacji Pozarz\u0105dowych zrzeszonych w Federacji:\u00a0<\/strong><\/p>\n<ul>\n<li>O\u015brodek Wspierania Organizacji Pozarz\u0105dowych<\/li>\n<li>Klub Amazonki<\/li>\n<li>Stowarzyszenie Szukamy Polski<\/li>\n<li>Fundacja na Rzecz Pomocy Dzieciom z Grodzie\u0144szczyzny<\/li>\n<li>Fundacja Dialog<\/li>\n<li>Komenda Hufca Zwi\u0105zku Harcerstwa Polskiego Bia\u0142ystok<\/li>\n<li>Fundacja Aktywizacja<\/li>\n<li>Stowarzyszenie Akademia + 50<\/li>\n<li>Podlaski Oddzia\u0142 Towarzystwa Polska-Finlandia<\/li>\n<li>Fundacja Uniwersytetu w Bia\u0142ymstoku<\/li>\n<li>Stowarzyszenie My dla Innych<\/li>\n<li>Podlaskie Stowarzyszenie W\u0142a\u015bcicielek Firm \u201eKlub Kobiet Biznesu\u201d<\/li>\n<li>Fundacja Ekonomist\u00f3w \u015arodowiska i Zasob\u00f3w Naturalnych<\/li>\n<li>Stowarzyszenie Pomocy Nies\u0142ysz\u0105cym MIG-iem<\/li>\n<li>Stowarzyszenie \u201eKu Dobrej Nadziei\u201d<\/li>\n<li>Stowarzyszenie Pomocy Rodzinie i Dzieciom \u201eSzansa\u201d<\/li>\n<li>Fundacja Laboratorium Bada\u0144 i Dzia\u0142a\u0144 Spo\u0142ecznych \u201eSoclab\u201d<\/li>\n<li>Fundacja Rozwoju Demokracji Lokalnej Podlaskie Centrum<\/li>\n<li>Stowarzyszenie Sympatyk\u00f3w Kolejnictwa \u201eKolejowe Podlasie\u201d<\/li>\n<li>Stowarzyszenie Przyjaci\u00f3\u0142 Dzieci i M\u0142odzie\u017cy Niepe\u0142nosprawnej \u201eRazem mo\u017cemy wi\u0119cej\u201d<\/li>\n<li>Stowarzyszenie \u201eAktywne Osiedle\u201d<\/li>\n<li>Fundacja Centrum Inicjatyw na rzecz Spo\u0142ecze\u0144stwa<\/li>\n<li>Polskie Stowarzyszenie Animator\u00f3w i Pedagog\u00f3w KLANZA<\/li>\n<li>Fundacja Wspierania Kultury i Sztuki \u201eTeatr Narwal\u201d<\/li>\n<li>Stowarzyszenie na rzecz Kultury i Dialogu 9\/12<\/li>\n<li>Krajowe Towarzystwo Autyzmu Oddzia\u0142 Bia\u0142ystok<\/li>\n<li>Stowarzyszenie Wspierania Aktywno\u015bci Niepe\u0142nosprawnych Intelektualnie \u201eAktywni\u201d<\/li>\n<li>Stowarzyszenie Pomocy Rubie\u017c<\/li>\n<li>Fundacja Forum Inicjatyw Rozwojowych<\/li>\n<li>Stowarzyszenie Inicjatyw Kobiecych \u201eKobieteria\u201d<\/li>\n<li>Stowarzyszenie Pomocy Rodzinie \u201eDroga\u201d<\/li>\n<li>Stowarzyszenie \u201eOkolica\u201d<\/li>\n<li>Mi\u0119dzyszkolny Osiedlowy Klub Sportowy S\u0142oneczny Stok Bia\u0142ystok<\/li>\n<li>Fundacja Polska Pomoc<\/li>\n<li>Stowarzyszenie Laboratorium Sukcesu<\/li>\n<li>Integruj\u0105ce Stowarzyszenie \u201eJeden \u015awiat\u201d im. prof. Zbigniewa Religi<\/li>\n<li>Fundacja \u201ePodlaska Inicjatywa\u201d<\/li>\n<li>Centrum Edukacji Obywatelskiej Polska-Izrael<\/li>\n<li>Stowarzyszenie \u201eFabryka Bestseller\u00f3w\u201d<\/li>\n<li>Stowarzyszenie Koliber<\/li>\n<li>Stowarzyszenie Edukacji Kulturalnej \u201eWidok\u201d<\/li>\n<li>Polski Zwi\u0105zek G\u0142uchych \u2013 Oddzia\u0142 Podlaski<\/li>\n<li>Fundacja O\u015brodek Wspierania Ekologii<\/li>\n<li>Fundacja Inicjatyw na rzecz Os\u00f3b Niepe\u0142nosprawnych \u201eImpuls\u201d<\/li>\n<li>Fundacja Okno na Wsch\u00f3d<\/li>\n<li>Towarzystwo \u201eAmicus\u201d<\/li>\n<li>Prawos\u0142awny O\u015brodek Mi\u0142osierdzia \u201eEleos\u201d<\/li>\n<li>Fundacja Business to Business<\/li>\n<li>Fundacja Cantio \u2013 Edukacja przez Sztuk\u0119<\/li>\n<li>Europejska Fundacja Integracji Spo\u0142ecznej<\/li>\n<li>Sp\u00f3\u0142dzielnia Socjalna \u201eKamienicznik\u201d<\/li>\n<li>Stowarzyszenie Pomocy Rubie\u017c<\/li>\n<li>FUNDACJA OTWARTA EDUKACJA<\/li>\n<li>FLOW SP\u00d3\u0141DZIELNIA SOCJALNA<\/li>\n<li>Stowarzyszenie Przyjaci\u00f3\u0142 V LO<\/li>\n<li>Fundacja Polska Edukacja im. Komisji Edukacji Narodowej<\/li>\n<li>Fundacja \u201eCud Mi\u00f3d Rodzina\u201d<\/li>\n<li>Narodowe Forum Doradztwa Kariery<\/li>\n<li>Fundacja Inny \u015awiat Rodziny<\/li>\n<li>Fundacja Gen Sukcesu<\/li>\n<li>Podlaskie Stowarzyszenie Pomocy Dzieciom z Pora\u017ceniem M\u00f3zgowym \u201eJasny Cel\u201d<\/li>\n<li>Stowarzyszenie Wsp\u00f3\u0142pracy Polska-Wsch\u00f3d Podlaski Oddzia\u0142 Wojew\u00f3dzki<\/li>\n<li>Stowarzyszenie Spo\u0142eczno-Kulturalne \u201eGranie Bez Granic\u201d<\/li>\n<li>Towarzystwo Przyjaci\u00f3\u0142 Ziemi \u0141om\u017cy\u0144skiej \u2013 Oddzia\u0142 Bia\u0142ystok<\/li>\n<li>CARITAS Archidiecezji Bia\u0142ostockiej<\/li>\n<li>Przedsi\u0119biorstwo Spo\u0142eczne SUKCES<\/li>\n<li>Fundacja Zwi\u0105zku Polskich Kawaler\u00f3w Malta\u0144skich Malta\u0144ska S\u0142u\u017cba Medyczna \u2013 Pomoc Malta\u0144ska<\/li>\n<li>Fundacja \u201eZdrowe Kieszonkowe\u201d<\/li>\n<li>Stowarzyszenie Na Rzecz Dzieci i M\u0142odzie\u017cy Ucz\u0105cych si\u0119 J\u0119zyka Bia\u0142oruskiego \u201eAB-BA\u201d<\/li>\n<li>Fundacja \u201eBia\u0142ystok Biega\u201d<\/li>\n<li>Fundacja Numizmatyczna \u201eDenarius\u201d<\/li>\n<\/ul>\n","protected":false},"excerpt":{"rendered":"<p>Lista Organizacji Pozarz\u0105dowych zrzeszonych w Federacji:\u00a0 O\u015brodek Wspierania Organizacji Pozarz\u0105dowych Klub Amazonki Stowarzyszenie Szukamy Polski Fundacja na Rzecz Pomocy Dzieciom z Grodzie\u0144szczyzny Fundacja Dialog Komenda Hufca Zwi\u0105zku Harcerstwa Polskiego Bia\u0142ystok Fundacja Aktywizacja Stowarzyszenie Akademia + 50 Podlaski Oddzia\u0142 Towarzystwa Polska-Finlandia Fundacja Uniwersytetu w Bia\u0142ymstoku Stowarzyszenie My dla Innych Podlaskie Stowarzyszenie [&hellip;]<\/p>\n","protected":false},"author":1,"featured_media":0,"parent":0,"menu_order":0,"comment_status":"closed","ping_status":"closed","template":"","meta":{"om_disable_all_campaigns":false,"_monsterinsights_skip_tracking":false,"_monsterinsights_sitenote_active":false,"_monsterinsights_sitenote_note":"","_monsterinsights_sitenote_category":0,"footnotes":""},"class_list":["post-5699","page","type-page","status-publish","hentry"],"yoast_head":"<!-- This site is optimized with the Yoast SEO plugin v24.5 - https:\/\/yoast.com\/wordpress\/plugins\/seo\/ -->\n<title>Organizacje - Federacja Organizacji Pozarz\u0105dowych Miasta Bia\u0142ystok<\/title>\n<meta name=\"robots\" content=\"index, follow, max-snippet:-1, max-image-preview:large, max-video-preview:-1\" \/>\n<link rel=\"canonical\" href=\"https:\/\/federacja.bialystok.pl\/index.php\/organizacje\/\" \/>\n<meta property=\"og:locale\" content=\"pl_PL\" \/>\n<meta property=\"og:type\" content=\"article\" \/>\n<meta property=\"og:title\" content=\"Organizacje - Federacja Organizacji Pozarz\u0105dowych Miasta Bia\u0142ystok\" \/>\n<meta property=\"og:description\" content=\"Lista Organizacji Pozarz\u0105dowych zrzeszonych w Federacji:\u00a0 O\u015brodek Wspierania Organizacji Pozarz\u0105dowych Klub Amazonki Stowarzyszenie Szukamy Polski Fundacja na Rzecz Pomocy Dzieciom z Grodzie\u0144szczyzny Fundacja Dialog Komenda Hufca Zwi\u0105zku Harcerstwa Polskiego Bia\u0142ystok Fundacja Aktywizacja Stowarzyszenie Akademia + 50 Podlaski Oddzia\u0142 Towarzystwa Polska-Finlandia Fundacja Uniwersytetu w Bia\u0142ymstoku Stowarzyszenie My dla Innych Podlaskie Stowarzyszenie [&hellip;]\" \/>\n<meta property=\"og:url\" content=\"https:\/\/federacja.bialystok.pl\/index.php\/organizacje\/\" \/>\n<meta property=\"og:site_name\" content=\"Federacja Organizacji Pozarz\u0105dowych Miasta Bia\u0142ystok\" \/>\n<meta property=\"article:modified_time\" content=\"2017-11-16T13:40:42+00:00\" \/>\n<meta name=\"twitter:card\" content=\"summary_large_image\" \/>\n<meta name=\"twitter:label1\" content=\"Szacowany czas czytania\" \/>\n\t<meta name=\"twitter:data1\" content=\"2 minuty\" \/>\n<script type=\"application\/ld+json\" class=\"yoast-schema-graph\">{\"@context\":\"https:\/\/schema.org\",\"@graph\":[{\"@type\":\"WebPage\",\"@id\":\"https:\/\/federacja.bialystok.pl\/index.php\/organizacje\/\",\"url\":\"https:\/\/federacja.bialystok.pl\/index.php\/organizacje\/\",\"name\":\"Organizacje - Federacja Organizacji Pozarz\u0105dowych Miasta Bia\u0142ystok\",\"isPartOf\":{\"@id\":\"https:\/\/federacja.bialystok.pl\/#website\"},\"datePublished\":\"2017-11-16T12:43:30+00:00\",\"dateModified\":\"2017-11-16T13:40:42+00:00\",\"breadcrumb\":{\"@id\":\"https:\/\/federacja.bialystok.pl\/index.php\/organizacje\/#breadcrumb\"},\"inLanguage\":\"pl-PL\",\"potentialAction\":[{\"@type\":\"ReadAction\",\"target\":[\"https:\/\/federacja.bialystok.pl\/index.php\/organizacje\/\"]}]},{\"@type\":\"BreadcrumbList\",\"@id\":\"https:\/\/federacja.bialystok.pl\/index.php\/organizacje\/#breadcrumb\",\"itemListElement\":[{\"@type\":\"ListItem\",\"position\":1,\"name\":\"Strona g\u0142\u00f3wna\",\"item\":\"https:\/\/federacja.bialystok.pl\/\"},{\"@type\":\"ListItem\",\"position\":2,\"name\":\"Organizacje\"}]},{\"@type\":\"WebSite\",\"@id\":\"https:\/\/federacja.bialystok.pl\/#website\",\"url\":\"https:\/\/federacja.bialystok.pl\/\",\"name\":\"Federacja Organizacji Pozarz\u0105dowych Miasta Bia\u0142ystok\",\"description\":\"\",\"publisher\":{\"@id\":\"https:\/\/federacja.bialystok.pl\/#organization\"},\"potentialAction\":[{\"@type\":\"SearchAction\",\"target\":{\"@type\":\"EntryPoint\",\"urlTemplate\":\"https:\/\/federacja.bialystok.pl\/?s={search_term_string}\"},\"query-input\":{\"@type\":\"PropertyValueSpecification\",\"valueRequired\":true,\"valueName\":\"search_term_string\"}}],\"inLanguage\":\"pl-PL\"},{\"@type\":\"Organization\",\"@id\":\"https:\/\/federacja.bialystok.pl\/#organization\",\"name\":\"Federacja Organizacji Pozarz\u0105dowych Miasta Bia\u0142ystok\",\"url\":\"https:\/\/federacja.bialystok.pl\/\",\"logo\":{\"@type\":\"ImageObject\",\"inLanguage\":\"pl-PL\",\"@id\":\"https:\/\/federacja.bialystok.pl\/#\/schema\/logo\/image\/\",\"url\":\"https:\/\/federacja.bialystok.pl\/wp-content\/uploads\/2017\/11\/cropped-logo_federacja.png\",\"contentUrl\":\"https:\/\/federacja.bialystok.pl\/wp-content\/uploads\/2017\/11\/cropped-logo_federacja.png\",\"width\":428,\"height\":147,\"caption\":\"Federacja Organizacji Pozarz\u0105dowych Miasta Bia\u0142ystok\"},\"image\":{\"@id\":\"https:\/\/federacja.bialystok.pl\/#\/schema\/logo\/image\/\"}}]}<\/script>\n<!-- \/ Yoast SEO plugin. -->","yoast_head_json":{"title":"Organizacje - Federacja Organizacji Pozarz\u0105dowych Miasta Bia\u0142ystok","robots":{"index":"index","follow":"follow","max-snippet":"max-snippet:-1","max-image-preview":"max-image-preview:large","max-video-preview":"max-video-preview:-1"},"canonical":"https:\/\/federacja.bialystok.pl\/index.php\/organizacje\/","og_locale":"pl_PL","og_type":"article","og_title":"Organizacje - Federacja Organizacji Pozarz\u0105dowych Miasta Bia\u0142ystok","og_description":"Lista Organizacji Pozarz\u0105dowych zrzeszonych w Federacji:\u00a0 O\u015brodek Wspierania Organizacji Pozarz\u0105dowych Klub Amazonki Stowarzyszenie Szukamy Polski Fundacja na Rzecz Pomocy Dzieciom z Grodzie\u0144szczyzny Fundacja Dialog Komenda Hufca Zwi\u0105zku Harcerstwa Polskiego Bia\u0142ystok Fundacja Aktywizacja Stowarzyszenie Akademia + 50 Podlaski Oddzia\u0142 Towarzystwa Polska-Finlandia Fundacja Uniwersytetu w Bia\u0142ymstoku Stowarzyszenie My dla Innych Podlaskie Stowarzyszenie [&hellip;]","og_url":"https:\/\/federacja.bialystok.pl\/index.php\/organizacje\/","og_site_name":"Federacja Organizacji Pozarz\u0105dowych Miasta Bia\u0142ystok","article_modified_time":"2017-11-16T13:40:42+00:00","twitter_card":"summary_large_image","twitter_misc":{"Szacowany czas czytania":"2 minuty"},"schema":{"@context":"https:\/\/schema.org","@graph":[{"@type":"WebPage","@id":"https:\/\/federacja.bialystok.pl\/index.php\/organizacje\/","url":"https:\/\/federacja.bialystok.pl\/index.php\/organizacje\/","name":"Organizacje - Federacja Organizacji Pozarz\u0105dowych Miasta Bia\u0142ystok","isPartOf":{"@id":"https:\/\/federacja.bialystok.pl\/#website"},"datePublished":"2017-11-16T12:43:30+00:00","dateModified":"2017-11-16T13:40:42+00:00","breadcrumb":{"@id":"https:\/\/federacja.bialystok.pl\/index.php\/organizacje\/#breadcrumb"},"inLanguage":"pl-PL","potentialAction":[{"@type":"ReadAction","target":["https:\/\/federacja.bialystok.pl\/index.php\/organizacje\/"]}]},{"@type":"BreadcrumbList","@id":"https:\/\/federacja.bialystok.pl\/index.php\/organizacje\/#breadcrumb","itemListElement":[{"@type":"ListItem","position":1,"name":"Strona g\u0142\u00f3wna","item":"https:\/\/federacja.bialystok.pl\/"},{"@type":"ListItem","position":2,"name":"Organizacje"}]},{"@type":"WebSite","@id":"https:\/\/federacja.bialystok.pl\/#website","url":"https:\/\/federacja.bialystok.pl\/","name":"Federacja Organizacji Pozarz\u0105dowych Miasta Bia\u0142ystok","description":"","publisher":{"@id":"https:\/\/federacja.bialystok.pl\/#organization"},"potentialAction":[{"@type":"SearchAction","target":{"@type":"EntryPoint","urlTemplate":"https:\/\/federacja.bialystok.pl\/?s={search_term_string}"},"query-input":{"@type":"PropertyValueSpecification","valueRequired":true,"valueName":"search_term_string"}}],"inLanguage":"pl-PL"},{"@type":"Organization","@id":"https:\/\/federacja.bialystok.pl\/#organization","name":"Federacja Organizacji Pozarz\u0105dowych Miasta Bia\u0142ystok","url":"https:\/\/federacja.bialystok.pl\/","logo":{"@type":"ImageObject","inLanguage":"pl-PL","@id":"https:\/\/federacja.bialystok.pl\/#\/schema\/logo\/image\/","url":"https:\/\/federacja.bialystok.pl\/wp-content\/uploads\/2017\/11\/cropped-logo_federacja.png","contentUrl":"https:\/\/federacja.bialystok.pl\/wp-content\/uploads\/2017\/11\/cropped-logo_federacja.png","width":428,"height":147,"caption":"Federacja Organizacji Pozarz\u0105dowych Miasta Bia\u0142ystok"},"image":{"@id":"https:\/\/federacja.bialystok.pl\/#\/schema\/logo\/image\/"}}]}},"_links":{"self":[{"href":"https:\/\/federacja.bialystok.pl\/index.php\/wp-json\/wp\/v2\/pages\/5699","targetHints":{"allow":["GET"]}}],"collection":[{"href":"https:\/\/federacja.bialystok.pl\/index.php\/wp-json\/wp\/v2\/pages"}],"about":[{"href":"https:\/\/federacja.bialystok.pl\/index.php\/wp-json\/wp\/v2\/types\/page"}],"author":[{"embeddable":true,"href":"https:\/\/federacja.bialystok.pl\/index.php\/wp-json\/wp\/v2\/users\/1"}],"replies":[{"embeddable":true,"href":"https:\/\/federacja.bialystok.pl\/index.php\/wp-json\/wp\/v2\/comments?post=5699"}],"version-history":[{"count":2,"href":"https:\/\/federacja.bialystok.pl\/index.php\/wp-json\/wp\/v2\/pages\/5699\/revisions"}],"predecessor-version":[{"id":5755,"href":"https:\/\/federacja.bialystok.pl\/index.php\/wp-json\/wp\/v2\/pages\/5699\/revisions\/5755"}],"wp:attachment":[{"href":"https:\/\/federacja.bialystok.pl\/index.php\/wp-json\/wp\/v2\/media?parent=5699"}],"curies":[{"name":"wp","href":"https:\/\/api.w.org\/{rel}","templated":true}]}}