{"id":5693,"date":"2017-11-16T13:42:32","date_gmt":"2017-11-16T12:42:32","guid":{"rendered":"http:\/\/serwer1307830.home.pl\/federacja\/?page_id=5693"},"modified":"2024-11-05T13:09:28","modified_gmt":"2024-11-05T12:09:28","slug":"dolacz-do-nas","status":"publish","type":"page","link":"https:\/\/federacja.bialystok.pl\/index.php\/o-nas\/dolacz-do-nas\/","title":{"rendered":"Do\u0142\u0105cz do nas"},"content":{"rendered":"<p><strong>Do\u0142\u0105cz do nas!<\/strong><\/p>\n<p>Federacja Organizacji Pozarz\u0105dowych Miasta Bia\u0142ystok serdecznie zaprasza wszystkie lokalne organizacje pozarz\u0105dowe do wsp\u00f3\u0142pracy. Tworzymy przestrze\u0144, w kt\u00f3rej wsp\u00f3lne dzia\u0142anie, wymiana do\u015bwiadcze\u0144 oraz wzajemne wsparcie umo\u017cliwiaj\u0105 organizacjom efektywne dzia\u0142anie na rzecz lokalnej spo\u0142eczno\u015bci. Nasza platforma \u0142\u0105czy lokalne inicjatywy i wspiera ich realizacj\u0119.<\/p>\n<p><strong>Dlaczego warto?<\/strong><\/p>\n<p>Cz\u0142onkostwo w Federacji przynosi szereg korzy\u015bci, kt\u00f3re wspieraj\u0105 rozw\u00f3j ka\u017cdej organizacji. Nasi cz\u0142onkowie maj\u0105 dost\u0119p do:<\/p>\n<p>&#8211; Wsp\u00f3\u0142pracy i wsparcia merytorycznego \u2013 oferujemy warsztaty, szkolenia oraz konsultacje, kt\u00f3re pomagaj\u0105 w rozwoju dzia\u0142alno\u015bci i zwi\u0119kszaj\u0105 efektywno\u015b\u0107.<\/p>\n<p>&#8211; Wymiany wiedzy i do\u015bwiadcze\u0144 \u2013 regularnie dzielimy si\u0119 wiedz\u0105 i sprawdzonymi rozwi\u0105zaniami, co pozwala naszym cz\u0142onkom na wzrost kompetencji.<\/p>\n<p>&#8211; Reprezentacji i wp\u0142ywu na decyzje \u2013 reprezentujemy interesy lokalnych organizacji, uczestniczymy w konsultacjach spo\u0142ecznych i wp\u0142ywamy na decyzje na poziomie samorz\u0105dowym.<\/p>\n<p>&#8211; Mo\u017cliwo\u015bci dofinansowania projekt\u00f3w \u2013 zapewniamy dost\u0119p do informacji o dost\u0119pnych funduszach i grantach oraz umo\u017cliwiamy udzia\u0142 we wsp\u00f3lnych projektach.<\/p>\n<p>&#8211; Rozbudowanej sieci kontakt\u00f3w \u2013 zrzeszamy organizacje o r\u00f3\u017cnych profilach dzia\u0142alno\u015bci, co umo\u017cliwia nawi\u0105zywanie nowych kontakt\u00f3w i realizacj\u0119 projekt\u00f3w mi\u0119dzysektorowych.<\/p>\n<p><strong>Je\u015bli reprezentujesz organizacj\u0119 pozarz\u0105dow\u0105 z wojew\u00f3dztwa podlaskiego, mo\u017cesz z nami wsp\u00f3\u0142pracowa\u0107 jako partner przy realizacji projekt\u00f3w. <\/strong><\/p>\n<p><strong>Jak do\u0142\u0105czy\u0107?<\/strong><\/p>\n<p>Przyst\u0105pienie do Federacji Organizacji Pozarz\u0105dowych Miasta Bia\u0142ystok jest proste! Wystarczy, \u017ce Twoja organizacja dzia\u0142a na terenie Bia\u0142egostoku i d\u0105\u017cy do realizacji cel\u00f3w spo\u0142ecznych. Aby do\u0142\u0105czy\u0107, skontaktuj si\u0119 z nami \u2013 z przyjemno\u015bci\u0105 odpowiemy na wszystkie pytania.<\/p>\n<p>Wierzymy, \u017ce wsp\u00f3lne dzia\u0142anie przynosi lepsze efekty i przyczynia si\u0119 do pozytywnych zmian w naszym mie\u015bcie. Czekamy na Ciebie i Twoj\u0105 organizacj\u0119! Wzmacniajmy razem g\u0142os sektora pozarz\u0105dowego w Bia\u0142ymstoku i regionie i rozwijajmy nasze lokalne spo\u0142eczno\u015bci.<\/p>\n<p><strong>Razem mo\u017cemy wi\u0119cej!<\/strong><\/p>\n","protected":false},"excerpt":{"rendered":"<p>Do\u0142\u0105cz do nas! Federacja Organizacji Pozarz\u0105dowych Miasta Bia\u0142ystok serdecznie zaprasza wszystkie lokalne organizacje pozarz\u0105dowe do wsp\u00f3\u0142pracy. Tworzymy przestrze\u0144, w kt\u00f3rej wsp\u00f3lne dzia\u0142anie, wymiana do\u015bwiadcze\u0144 oraz wzajemne wsparcie umo\u017cliwiaj\u0105 organizacjom efektywne dzia\u0142anie na rzecz lokalnej spo\u0142eczno\u015bci. Nasza platforma \u0142\u0105czy lokalne inicjatywy i wspiera ich realizacj\u0119. Dlaczego warto? Cz\u0142onkostwo w Federacji przynosi [&hellip;]<\/p>\n","protected":false},"author":1,"featured_media":0,"parent":5687,"menu_order":0,"comment_status":"closed","ping_status":"closed","template":"","meta":{"om_disable_all_campaigns":false,"_monsterinsights_skip_tracking":false,"_monsterinsights_sitenote_active":false,"_monsterinsights_sitenote_note":"","_monsterinsights_sitenote_category":0,"footnotes":""},"class_list":["post-5693","page","type-page","status-publish","hentry"],"yoast_head":"<!-- This site is optimized with the Yoast SEO plugin v24.5 - https:\/\/yoast.com\/wordpress\/plugins\/seo\/ -->\n<title>Do\u0142\u0105cz do nas - Federacja Organizacji Pozarz\u0105dowych Miasta Bia\u0142ystok<\/title>\n<meta name=\"robots\" content=\"index, follow, max-snippet:-1, max-image-preview:large, max-video-preview:-1\" \/>\n<link rel=\"canonical\" href=\"https:\/\/federacja.bialystok.pl\/index.php\/o-nas\/dolacz-do-nas\/\" \/>\n<meta property=\"og:locale\" content=\"pl_PL\" \/>\n<meta property=\"og:type\" content=\"article\" \/>\n<meta property=\"og:title\" content=\"Do\u0142\u0105cz do nas - Federacja Organizacji Pozarz\u0105dowych Miasta Bia\u0142ystok\" \/>\n<meta property=\"og:description\" content=\"Do\u0142\u0105cz do nas! Federacja Organizacji Pozarz\u0105dowych Miasta Bia\u0142ystok serdecznie zaprasza wszystkie lokalne organizacje pozarz\u0105dowe do wsp\u00f3\u0142pracy. Tworzymy przestrze\u0144, w kt\u00f3rej wsp\u00f3lne dzia\u0142anie, wymiana do\u015bwiadcze\u0144 oraz wzajemne wsparcie umo\u017cliwiaj\u0105 organizacjom efektywne dzia\u0142anie na rzecz lokalnej spo\u0142eczno\u015bci. Nasza platforma \u0142\u0105czy lokalne inicjatywy i wspiera ich realizacj\u0119. Dlaczego warto? Cz\u0142onkostwo w Federacji przynosi [&hellip;]\" \/>\n<meta property=\"og:url\" content=\"https:\/\/federacja.bialystok.pl\/index.php\/o-nas\/dolacz-do-nas\/\" \/>\n<meta property=\"og:site_name\" content=\"Federacja Organizacji Pozarz\u0105dowych Miasta Bia\u0142ystok\" \/>\n<meta property=\"article:modified_time\" content=\"2024-11-05T12:09:28+00:00\" \/>\n<meta name=\"twitter:card\" content=\"summary_large_image\" \/>\n<meta name=\"twitter:label1\" content=\"Szacowany czas czytania\" \/>\n\t<meta name=\"twitter:data1\" content=\"2 minuty\" \/>\n<script type=\"application\/ld+json\" class=\"yoast-schema-graph\">{\"@context\":\"https:\/\/schema.org\",\"@graph\":[{\"@type\":\"WebPage\",\"@id\":\"https:\/\/federacja.bialystok.pl\/index.php\/o-nas\/dolacz-do-nas\/\",\"url\":\"https:\/\/federacja.bialystok.pl\/index.php\/o-nas\/dolacz-do-nas\/\",\"name\":\"Do\u0142\u0105cz do nas - Federacja Organizacji Pozarz\u0105dowych Miasta Bia\u0142ystok\",\"isPartOf\":{\"@id\":\"https:\/\/federacja.bialystok.pl\/#website\"},\"datePublished\":\"2017-11-16T12:42:32+00:00\",\"dateModified\":\"2024-11-05T12:09:28+00:00\",\"breadcrumb\":{\"@id\":\"https:\/\/federacja.bialystok.pl\/index.php\/o-nas\/dolacz-do-nas\/#breadcrumb\"},\"inLanguage\":\"pl-PL\",\"potentialAction\":[{\"@type\":\"ReadAction\",\"target\":[\"https:\/\/federacja.bialystok.pl\/index.php\/o-nas\/dolacz-do-nas\/\"]}]},{\"@type\":\"BreadcrumbList\",\"@id\":\"https:\/\/federacja.bialystok.pl\/index.php\/o-nas\/dolacz-do-nas\/#breadcrumb\",\"itemListElement\":[{\"@type\":\"ListItem\",\"position\":1,\"name\":\"Strona g\u0142\u00f3wna\",\"item\":\"https:\/\/federacja.bialystok.pl\/\"},{\"@type\":\"ListItem\",\"position\":2,\"name\":\"O Nas\",\"item\":\"https:\/\/federacja.bialystok.pl\/index.php\/o-nas\/\"},{\"@type\":\"ListItem\",\"position\":3,\"name\":\"Do\u0142\u0105cz do nas\"}]},{\"@type\":\"WebSite\",\"@id\":\"https:\/\/federacja.bialystok.pl\/#website\",\"url\":\"https:\/\/federacja.bialystok.pl\/\",\"name\":\"Federacja Organizacji Pozarz\u0105dowych Miasta Bia\u0142ystok\",\"description\":\"\",\"publisher\":{\"@id\":\"https:\/\/federacja.bialystok.pl\/#organization\"},\"potentialAction\":[{\"@type\":\"SearchAction\",\"target\":{\"@type\":\"EntryPoint\",\"urlTemplate\":\"https:\/\/federacja.bialystok.pl\/?s={search_term_string}\"},\"query-input\":{\"@type\":\"PropertyValueSpecification\",\"valueRequired\":true,\"valueName\":\"search_term_string\"}}],\"inLanguage\":\"pl-PL\"},{\"@type\":\"Organization\",\"@id\":\"https:\/\/federacja.bialystok.pl\/#organization\",\"name\":\"Federacja Organizacji Pozarz\u0105dowych Miasta Bia\u0142ystok\",\"url\":\"https:\/\/federacja.bialystok.pl\/\",\"logo\":{\"@type\":\"ImageObject\",\"inLanguage\":\"pl-PL\",\"@id\":\"https:\/\/federacja.bialystok.pl\/#\/schema\/logo\/image\/\",\"url\":\"https:\/\/federacja.bialystok.pl\/wp-content\/uploads\/2017\/11\/cropped-logo_federacja.png\",\"contentUrl\":\"https:\/\/federacja.bialystok.pl\/wp-content\/uploads\/2017\/11\/cropped-logo_federacja.png\",\"width\":428,\"height\":147,\"caption\":\"Federacja Organizacji Pozarz\u0105dowych Miasta Bia\u0142ystok\"},\"image\":{\"@id\":\"https:\/\/federacja.bialystok.pl\/#\/schema\/logo\/image\/\"}}]}<\/script>\n<!-- \/ Yoast SEO plugin. -->","yoast_head_json":{"title":"Do\u0142\u0105cz do nas - Federacja Organizacji Pozarz\u0105dowych Miasta Bia\u0142ystok","robots":{"index":"index","follow":"follow","max-snippet":"max-snippet:-1","max-image-preview":"max-image-preview:large","max-video-preview":"max-video-preview:-1"},"canonical":"https:\/\/federacja.bialystok.pl\/index.php\/o-nas\/dolacz-do-nas\/","og_locale":"pl_PL","og_type":"article","og_title":"Do\u0142\u0105cz do nas - Federacja Organizacji Pozarz\u0105dowych Miasta Bia\u0142ystok","og_description":"Do\u0142\u0105cz do nas! Federacja Organizacji Pozarz\u0105dowych Miasta Bia\u0142ystok serdecznie zaprasza wszystkie lokalne organizacje pozarz\u0105dowe do wsp\u00f3\u0142pracy. Tworzymy przestrze\u0144, w kt\u00f3rej wsp\u00f3lne dzia\u0142anie, wymiana do\u015bwiadcze\u0144 oraz wzajemne wsparcie umo\u017cliwiaj\u0105 organizacjom efektywne dzia\u0142anie na rzecz lokalnej spo\u0142eczno\u015bci. Nasza platforma \u0142\u0105czy lokalne inicjatywy i wspiera ich realizacj\u0119. Dlaczego warto? Cz\u0142onkostwo w Federacji przynosi [&hellip;]","og_url":"https:\/\/federacja.bialystok.pl\/index.php\/o-nas\/dolacz-do-nas\/","og_site_name":"Federacja Organizacji Pozarz\u0105dowych Miasta Bia\u0142ystok","article_modified_time":"2024-11-05T12:09:28+00:00","twitter_card":"summary_large_image","twitter_misc":{"Szacowany czas czytania":"2 minuty"},"schema":{"@context":"https:\/\/schema.org","@graph":[{"@type":"WebPage","@id":"https:\/\/federacja.bialystok.pl\/index.php\/o-nas\/dolacz-do-nas\/","url":"https:\/\/federacja.bialystok.pl\/index.php\/o-nas\/dolacz-do-nas\/","name":"Do\u0142\u0105cz do nas - Federacja Organizacji Pozarz\u0105dowych Miasta Bia\u0142ystok","isPartOf":{"@id":"https:\/\/federacja.bialystok.pl\/#website"},"datePublished":"2017-11-16T12:42:32+00:00","dateModified":"2024-11-05T12:09:28+00:00","breadcrumb":{"@id":"https:\/\/federacja.bialystok.pl\/index.php\/o-nas\/dolacz-do-nas\/#breadcrumb"},"inLanguage":"pl-PL","potentialAction":[{"@type":"ReadAction","target":["https:\/\/federacja.bialystok.pl\/index.php\/o-nas\/dolacz-do-nas\/"]}]},{"@type":"BreadcrumbList","@id":"https:\/\/federacja.bialystok.pl\/index.php\/o-nas\/dolacz-do-nas\/#breadcrumb","itemListElement":[{"@type":"ListItem","position":1,"name":"Strona g\u0142\u00f3wna","item":"https:\/\/federacja.bialystok.pl\/"},{"@type":"ListItem","position":2,"name":"O Nas","item":"https:\/\/federacja.bialystok.pl\/index.php\/o-nas\/"},{"@type":"ListItem","position":3,"name":"Do\u0142\u0105cz do nas"}]},{"@type":"WebSite","@id":"https:\/\/federacja.bialystok.pl\/#website","url":"https:\/\/federacja.bialystok.pl\/","name":"Federacja Organizacji Pozarz\u0105dowych Miasta Bia\u0142ystok","description":"","publisher":{"@id":"https:\/\/federacja.bialystok.pl\/#organization"},"potentialAction":[{"@type":"SearchAction","target":{"@type":"EntryPoint","urlTemplate":"https:\/\/federacja.bialystok.pl\/?s={search_term_string}"},"query-input":{"@type":"PropertyValueSpecification","valueRequired":true,"valueName":"search_term_string"}}],"inLanguage":"pl-PL"},{"@type":"Organization","@id":"https:\/\/federacja.bialystok.pl\/#organization","name":"Federacja Organizacji Pozarz\u0105dowych Miasta Bia\u0142ystok","url":"https:\/\/federacja.bialystok.pl\/","logo":{"@type":"ImageObject","inLanguage":"pl-PL","@id":"https:\/\/federacja.bialystok.pl\/#\/schema\/logo\/image\/","url":"https:\/\/federacja.bialystok.pl\/wp-content\/uploads\/2017\/11\/cropped-logo_federacja.png","contentUrl":"https:\/\/federacja.bialystok.pl\/wp-content\/uploads\/2017\/11\/cropped-logo_federacja.png","width":428,"height":147,"caption":"Federacja Organizacji Pozarz\u0105dowych Miasta Bia\u0142ystok"},"image":{"@id":"https:\/\/federacja.bialystok.pl\/#\/schema\/logo\/image\/"}}]}},"_links":{"self":[{"href":"https:\/\/federacja.bialystok.pl\/index.php\/wp-json\/wp\/v2\/pages\/5693","targetHints":{"allow":["GET"]}}],"collection":[{"href":"https:\/\/federacja.bialystok.pl\/index.php\/wp-json\/wp\/v2\/pages"}],"about":[{"href":"https:\/\/federacja.bialystok.pl\/index.php\/wp-json\/wp\/v2\/types\/page"}],"author":[{"embeddable":true,"href":"https:\/\/federacja.bialystok.pl\/index.php\/wp-json\/wp\/v2\/users\/1"}],"replies":[{"embeddable":true,"href":"https:\/\/federacja.bialystok.pl\/index.php\/wp-json\/wp\/v2\/comments?post=5693"}],"version-history":[{"count":3,"href":"https:\/\/federacja.bialystok.pl\/index.php\/wp-json\/wp\/v2\/pages\/5693\/revisions"}],"predecessor-version":[{"id":6194,"href":"https:\/\/federacja.bialystok.pl\/index.php\/wp-json\/wp\/v2\/pages\/5693\/revisions\/6194"}],"up":[{"embeddable":true,"href":"https:\/\/federacja.bialystok.pl\/index.php\/wp-json\/wp\/v2\/pages\/5687"}],"wp:attachment":[{"href":"https:\/\/federacja.bialystok.pl\/index.php\/wp-json\/wp\/v2\/media?parent=5693"}],"curies":[{"name":"wp","href":"https:\/\/api.w.org\/{rel}","templated":true}]}}