{"id":5685,"date":"2017-11-16T13:41:04","date_gmt":"2017-11-16T12:41:04","guid":{"rendered":"http:\/\/serwer1307830.home.pl\/federacja\/?page_id=5685"},"modified":"2025-02-20T16:21:39","modified_gmt":"2025-02-20T15:21:39","slug":"misja-i-cele","status":"publish","type":"page","link":"https:\/\/federacja.bialystok.pl\/index.php\/o-nas\/misja-i-cele\/","title":{"rendered":"Misja i Cele"},"content":{"rendered":"<p style=\"text-align: justify;\">Misja: WSP\u00d3LNY G\u0141OS TRZECIEGO SEKTORA SZANS\u0104 NA ROZW\u00d3J SPO\u0141ECZNO\u015aCI LOKALNEJ.<\/p>\n<p style=\"text-align: justify;\">Celem Federacji jest budowanie jedno\u015bci, kszta\u0142towanie \u015bwiadomo\u015bci oraz rzecznictwo dobra wsp\u00f3lnego w rozwoju spo\u0142ecze\u0144stwa obywatelskiego w szczeg\u00f3lno\u015bci:<\/p>\n<ul style=\"text-align: justify;\">\n<li>wzmocnienie potencja\u0142u organizacji pozarz\u0105dowych zrzeszonych w Federacji;<\/li>\n<li>zwi\u0119kszenie udzia\u0142u organizacji pozarz\u0105dowych w kszta\u0142towaniu i realizacji polityk publicznych;<\/li>\n<li>reprezentowanie interes\u00f3w trzeciego sektora;<\/li>\n<li>integracja \u015brodowiska i konsolidacja wok\u00f3\u0142 problem\u00f3w wa\u017cnych spo\u0142ecznie;<\/li>\n<li>budowanie pozytywnego wizerunku organizacji pozarz\u0105dowych;<\/li>\n<li>animowanie i rozwijanie aktywno\u015bci obywatelskiej.<\/li>\n<\/ul>\n<p style=\"text-align: justify;\">Federacja realizuje swoje cele poprzez:<\/p>\n<ul>\n<li style=\"text-align: justify;\">tworzenie platformy wsp\u00f3\u0142pracy i wymiany informacji;<\/li>\n<li style=\"text-align: justify;\">badanie potrzeb cz\u0142onk\u00f3w Federacji i ich otoczenia;<\/li>\n<li style=\"text-align: justify;\">opiniowanie prawodawstwa na szczeblu lokalnym, regionalnym i krajowym, wypracowywanie wsp\u00f3lnych stanowisk i uczestnictwo w konsultacjach;<\/li>\n<li style=\"text-align: justify;\">tworzenie model\u00f3w i standard\u00f3w dzia\u0142a\u0144;<\/li>\n<li style=\"text-align: justify;\">wspieranie cz\u0142onk\u00f3w Federacji, m.in. poprzez organizacj\u0119 wymiany zasob\u00f3w mi\u0119dzy nimi;<\/li>\n<li style=\"text-align: justify;\">prowadzenie szkole\u0144, organizowanie konferencji i seminari\u00f3w;<\/li>\n<li style=\"text-align: justify;\">upowszechnianie wiedzy o sektorze organizacji pozarz\u0105dowych;<\/li>\n<li style=\"text-align: justify;\">prowadzenie dzia\u0142a\u0144 promocyjnych;<\/li>\n<li style=\"text-align: justify;\">wsp\u00f3\u0142prac\u0119 z innymi organizacjami pozarz\u0105dowymi, organami i instytucjami administracji publicznej oraz wszelkimi osobami i instytucjami o podobnych celach dzia\u0142ania;<\/li>\n<li style=\"text-align: justify;\">inne dzia\u0142ania s\u0142u\u017c\u0105ce realizacji cel\u00f3w statutowych.<\/li>\n<\/ul>\n<p>Na chwil\u0119 obecn\u0105 Federacja Organizacji Pozarz\u0105dowych Miasta Bia\u0142ystok realizuje projekt &#8222;Koszyk Us\u0142ug Spo\u0142ecznych&#8221;, kt\u00f3rego celem jest u\u0142atwienie mieszka\u0144com dost\u0119pu do wysokiej jako\u015bci us\u0142ug spo\u0142ecznych, wspieranie organizacji pozarz\u0105dowych w ich dzia\u0142aniach oraz budowanie trwa\u0142ego systemu wsp\u00f3\u0142pracy na rzecz spo\u0142eczno\u015bci lokalnych. Partnerem Strategicznym Koszyka Us\u0142ug Spo\u0142ecznych jest Wojew\u00f3dztwo Podlaskie.<\/p>\n<p><img loading=\"lazy\" decoding=\"async\" class=\"alignnone size-medium wp-image-6226 aligncenter\" src=\"https:\/\/federacja.bialystok.pl\/wp-content\/uploads\/2025\/02\/1296x600-300x139.jpg\" alt=\"\" width=\"300\" height=\"139\" srcset=\"https:\/\/federacja.bialystok.pl\/wp-content\/uploads\/2025\/02\/1296x600-300x139.jpg 300w, https:\/\/federacja.bialystok.pl\/wp-content\/uploads\/2025\/02\/1296x600-1024x474.jpg 1024w, https:\/\/federacja.bialystok.pl\/wp-content\/uploads\/2025\/02\/1296x600-430x199.jpg 430w, https:\/\/federacja.bialystok.pl\/wp-content\/uploads\/2025\/02\/1296x600-860x398.jpg 860w, https:\/\/federacja.bialystok.pl\/wp-content\/uploads\/2025\/02\/1296x600-600x278.jpg 600w, https:\/\/federacja.bialystok.pl\/wp-content\/uploads\/2025\/02\/1296x600.jpg 1296w\" sizes=\"auto, (max-width: 300px) 100vw, 300px\" \/><\/p>\n","protected":false},"excerpt":{"rendered":"<p>Misja: WSP\u00d3LNY G\u0141OS TRZECIEGO SEKTORA SZANS\u0104 NA ROZW\u00d3J SPO\u0141ECZNO\u015aCI LOKALNEJ. Celem Federacji jest budowanie jedno\u015bci, kszta\u0142towanie \u015bwiadomo\u015bci oraz rzecznictwo dobra wsp\u00f3lnego w rozwoju spo\u0142ecze\u0144stwa obywatelskiego w szczeg\u00f3lno\u015bci: wzmocnienie potencja\u0142u organizacji pozarz\u0105dowych zrzeszonych w Federacji; zwi\u0119kszenie udzia\u0142u organizacji pozarz\u0105dowych w kszta\u0142towaniu i realizacji polityk publicznych; reprezentowanie interes\u00f3w trzeciego sektora; integracja \u015brodowiska [&hellip;]<\/p>\n","protected":false},"author":1,"featured_media":0,"parent":5687,"menu_order":0,"comment_status":"closed","ping_status":"closed","template":"","meta":{"om_disable_all_campaigns":false,"_monsterinsights_skip_tracking":false,"_monsterinsights_sitenote_active":false,"_monsterinsights_sitenote_note":"","_monsterinsights_sitenote_category":0,"footnotes":""},"class_list":["post-5685","page","type-page","status-publish","hentry"],"yoast_head":"<!-- This site is optimized with the Yoast SEO plugin v24.5 - https:\/\/yoast.com\/wordpress\/plugins\/seo\/ -->\n<title>Misja i Cele - Federacja Organizacji Pozarz\u0105dowych Miasta Bia\u0142ystok<\/title>\n<meta name=\"robots\" content=\"index, follow, max-snippet:-1, max-image-preview:large, max-video-preview:-1\" \/>\n<link rel=\"canonical\" href=\"https:\/\/federacja.bialystok.pl\/index.php\/o-nas\/misja-i-cele\/\" \/>\n<meta property=\"og:locale\" content=\"pl_PL\" \/>\n<meta property=\"og:type\" content=\"article\" \/>\n<meta property=\"og:title\" content=\"Misja i Cele - Federacja Organizacji Pozarz\u0105dowych Miasta Bia\u0142ystok\" \/>\n<meta property=\"og:description\" content=\"Misja: WSP\u00d3LNY G\u0141OS TRZECIEGO SEKTORA SZANS\u0104 NA ROZW\u00d3J SPO\u0141ECZNO\u015aCI LOKALNEJ. Celem Federacji jest budowanie jedno\u015bci, kszta\u0142towanie \u015bwiadomo\u015bci oraz rzecznictwo dobra wsp\u00f3lnego w rozwoju spo\u0142ecze\u0144stwa obywatelskiego w szczeg\u00f3lno\u015bci: wzmocnienie potencja\u0142u organizacji pozarz\u0105dowych zrzeszonych w Federacji; zwi\u0119kszenie udzia\u0142u organizacji pozarz\u0105dowych w kszta\u0142towaniu i realizacji polityk publicznych; reprezentowanie interes\u00f3w trzeciego sektora; integracja \u015brodowiska [&hellip;]\" \/>\n<meta property=\"og:url\" content=\"https:\/\/federacja.bialystok.pl\/index.php\/o-nas\/misja-i-cele\/\" \/>\n<meta property=\"og:site_name\" content=\"Federacja Organizacji Pozarz\u0105dowych Miasta Bia\u0142ystok\" \/>\n<meta property=\"article:modified_time\" content=\"2025-02-20T15:21:39+00:00\" \/>\n<meta property=\"og:image\" content=\"https:\/\/federacja.bialystok.pl\/wp-content\/uploads\/2025\/02\/1296x600.jpg\" \/>\n\t<meta property=\"og:image:width\" content=\"1296\" \/>\n\t<meta property=\"og:image:height\" content=\"600\" \/>\n\t<meta property=\"og:image:type\" content=\"image\/jpeg\" \/>\n<meta name=\"twitter:card\" content=\"summary_large_image\" \/>\n<meta name=\"twitter:label1\" content=\"Szacowany czas czytania\" \/>\n\t<meta name=\"twitter:data1\" content=\"2 minuty\" \/>\n<script type=\"application\/ld+json\" class=\"yoast-schema-graph\">{\"@context\":\"https:\/\/schema.org\",\"@graph\":[{\"@type\":\"WebPage\",\"@id\":\"https:\/\/federacja.bialystok.pl\/index.php\/o-nas\/misja-i-cele\/\",\"url\":\"https:\/\/federacja.bialystok.pl\/index.php\/o-nas\/misja-i-cele\/\",\"name\":\"Misja i Cele - Federacja Organizacji Pozarz\u0105dowych Miasta Bia\u0142ystok\",\"isPartOf\":{\"@id\":\"https:\/\/federacja.bialystok.pl\/#website\"},\"primaryImageOfPage\":{\"@id\":\"https:\/\/federacja.bialystok.pl\/index.php\/o-nas\/misja-i-cele\/#primaryimage\"},\"image\":{\"@id\":\"https:\/\/federacja.bialystok.pl\/index.php\/o-nas\/misja-i-cele\/#primaryimage\"},\"thumbnailUrl\":\"https:\/\/federacja.bialystok.pl\/wp-content\/uploads\/2025\/02\/1296x600-300x139.jpg\",\"datePublished\":\"2017-11-16T12:41:04+00:00\",\"dateModified\":\"2025-02-20T15:21:39+00:00\",\"breadcrumb\":{\"@id\":\"https:\/\/federacja.bialystok.pl\/index.php\/o-nas\/misja-i-cele\/#breadcrumb\"},\"inLanguage\":\"pl-PL\",\"potentialAction\":[{\"@type\":\"ReadAction\",\"target\":[\"https:\/\/federacja.bialystok.pl\/index.php\/o-nas\/misja-i-cele\/\"]}]},{\"@type\":\"ImageObject\",\"inLanguage\":\"pl-PL\",\"@id\":\"https:\/\/federacja.bialystok.pl\/index.php\/o-nas\/misja-i-cele\/#primaryimage\",\"url\":\"https:\/\/federacja.bialystok.pl\/wp-content\/uploads\/2025\/02\/1296x600.jpg\",\"contentUrl\":\"https:\/\/federacja.bialystok.pl\/wp-content\/uploads\/2025\/02\/1296x600.jpg\",\"width\":1296,\"height\":600},{\"@type\":\"BreadcrumbList\",\"@id\":\"https:\/\/federacja.bialystok.pl\/index.php\/o-nas\/misja-i-cele\/#breadcrumb\",\"itemListElement\":[{\"@type\":\"ListItem\",\"position\":1,\"name\":\"Strona g\u0142\u00f3wna\",\"item\":\"https:\/\/federacja.bialystok.pl\/\"},{\"@type\":\"ListItem\",\"position\":2,\"name\":\"O Nas\",\"item\":\"https:\/\/federacja.bialystok.pl\/index.php\/o-nas\/\"},{\"@type\":\"ListItem\",\"position\":3,\"name\":\"Misja i Cele\"}]},{\"@type\":\"WebSite\",\"@id\":\"https:\/\/federacja.bialystok.pl\/#website\",\"url\":\"https:\/\/federacja.bialystok.pl\/\",\"name\":\"Federacja Organizacji Pozarz\u0105dowych Miasta Bia\u0142ystok\",\"description\":\"\",\"publisher\":{\"@id\":\"https:\/\/federacja.bialystok.pl\/#organization\"},\"potentialAction\":[{\"@type\":\"SearchAction\",\"target\":{\"@type\":\"EntryPoint\",\"urlTemplate\":\"https:\/\/federacja.bialystok.pl\/?s={search_term_string}\"},\"query-input\":{\"@type\":\"PropertyValueSpecification\",\"valueRequired\":true,\"valueName\":\"search_term_string\"}}],\"inLanguage\":\"pl-PL\"},{\"@type\":\"Organization\",\"@id\":\"https:\/\/federacja.bialystok.pl\/#organization\",\"name\":\"Federacja Organizacji Pozarz\u0105dowych Miasta Bia\u0142ystok\",\"url\":\"https:\/\/federacja.bialystok.pl\/\",\"logo\":{\"@type\":\"ImageObject\",\"inLanguage\":\"pl-PL\",\"@id\":\"https:\/\/federacja.bialystok.pl\/#\/schema\/logo\/image\/\",\"url\":\"https:\/\/federacja.bialystok.pl\/wp-content\/uploads\/2017\/11\/cropped-logo_federacja.png\",\"contentUrl\":\"https:\/\/federacja.bialystok.pl\/wp-content\/uploads\/2017\/11\/cropped-logo_federacja.png\",\"width\":428,\"height\":147,\"caption\":\"Federacja Organizacji Pozarz\u0105dowych Miasta Bia\u0142ystok\"},\"image\":{\"@id\":\"https:\/\/federacja.bialystok.pl\/#\/schema\/logo\/image\/\"}}]}<\/script>\n<!-- \/ Yoast SEO plugin. -->","yoast_head_json":{"title":"Misja i Cele - Federacja Organizacji Pozarz\u0105dowych Miasta Bia\u0142ystok","robots":{"index":"index","follow":"follow","max-snippet":"max-snippet:-1","max-image-preview":"max-image-preview:large","max-video-preview":"max-video-preview:-1"},"canonical":"https:\/\/federacja.bialystok.pl\/index.php\/o-nas\/misja-i-cele\/","og_locale":"pl_PL","og_type":"article","og_title":"Misja i Cele - Federacja Organizacji Pozarz\u0105dowych Miasta Bia\u0142ystok","og_description":"Misja: WSP\u00d3LNY G\u0141OS TRZECIEGO SEKTORA SZANS\u0104 NA ROZW\u00d3J SPO\u0141ECZNO\u015aCI LOKALNEJ. Celem Federacji jest budowanie jedno\u015bci, kszta\u0142towanie \u015bwiadomo\u015bci oraz rzecznictwo dobra wsp\u00f3lnego w rozwoju spo\u0142ecze\u0144stwa obywatelskiego w szczeg\u00f3lno\u015bci: wzmocnienie potencja\u0142u organizacji pozarz\u0105dowych zrzeszonych w Federacji; zwi\u0119kszenie udzia\u0142u organizacji pozarz\u0105dowych w kszta\u0142towaniu i realizacji polityk publicznych; reprezentowanie interes\u00f3w trzeciego sektora; integracja \u015brodowiska [&hellip;]","og_url":"https:\/\/federacja.bialystok.pl\/index.php\/o-nas\/misja-i-cele\/","og_site_name":"Federacja Organizacji Pozarz\u0105dowych Miasta Bia\u0142ystok","article_modified_time":"2025-02-20T15:21:39+00:00","og_image":[{"width":1296,"height":600,"url":"https:\/\/federacja.bialystok.pl\/wp-content\/uploads\/2025\/02\/1296x600.jpg","type":"image\/jpeg"}],"twitter_card":"summary_large_image","twitter_misc":{"Szacowany czas czytania":"2 minuty"},"schema":{"@context":"https:\/\/schema.org","@graph":[{"@type":"WebPage","@id":"https:\/\/federacja.bialystok.pl\/index.php\/o-nas\/misja-i-cele\/","url":"https:\/\/federacja.bialystok.pl\/index.php\/o-nas\/misja-i-cele\/","name":"Misja i Cele - Federacja Organizacji Pozarz\u0105dowych Miasta Bia\u0142ystok","isPartOf":{"@id":"https:\/\/federacja.bialystok.pl\/#website"},"primaryImageOfPage":{"@id":"https:\/\/federacja.bialystok.pl\/index.php\/o-nas\/misja-i-cele\/#primaryimage"},"image":{"@id":"https:\/\/federacja.bialystok.pl\/index.php\/o-nas\/misja-i-cele\/#primaryimage"},"thumbnailUrl":"https:\/\/federacja.bialystok.pl\/wp-content\/uploads\/2025\/02\/1296x600-300x139.jpg","datePublished":"2017-11-16T12:41:04+00:00","dateModified":"2025-02-20T15:21:39+00:00","breadcrumb":{"@id":"https:\/\/federacja.bialystok.pl\/index.php\/o-nas\/misja-i-cele\/#breadcrumb"},"inLanguage":"pl-PL","potentialAction":[{"@type":"ReadAction","target":["https:\/\/federacja.bialystok.pl\/index.php\/o-nas\/misja-i-cele\/"]}]},{"@type":"ImageObject","inLanguage":"pl-PL","@id":"https:\/\/federacja.bialystok.pl\/index.php\/o-nas\/misja-i-cele\/#primaryimage","url":"https:\/\/federacja.bialystok.pl\/wp-content\/uploads\/2025\/02\/1296x600.jpg","contentUrl":"https:\/\/federacja.bialystok.pl\/wp-content\/uploads\/2025\/02\/1296x600.jpg","width":1296,"height":600},{"@type":"BreadcrumbList","@id":"https:\/\/federacja.bialystok.pl\/index.php\/o-nas\/misja-i-cele\/#breadcrumb","itemListElement":[{"@type":"ListItem","position":1,"name":"Strona g\u0142\u00f3wna","item":"https:\/\/federacja.bialystok.pl\/"},{"@type":"ListItem","position":2,"name":"O Nas","item":"https:\/\/federacja.bialystok.pl\/index.php\/o-nas\/"},{"@type":"ListItem","position":3,"name":"Misja i Cele"}]},{"@type":"WebSite","@id":"https:\/\/federacja.bialystok.pl\/#website","url":"https:\/\/federacja.bialystok.pl\/","name":"Federacja Organizacji Pozarz\u0105dowych Miasta Bia\u0142ystok","description":"","publisher":{"@id":"https:\/\/federacja.bialystok.pl\/#organization"},"potentialAction":[{"@type":"SearchAction","target":{"@type":"EntryPoint","urlTemplate":"https:\/\/federacja.bialystok.pl\/?s={search_term_string}"},"query-input":{"@type":"PropertyValueSpecification","valueRequired":true,"valueName":"search_term_string"}}],"inLanguage":"pl-PL"},{"@type":"Organization","@id":"https:\/\/federacja.bialystok.pl\/#organization","name":"Federacja Organizacji Pozarz\u0105dowych Miasta Bia\u0142ystok","url":"https:\/\/federacja.bialystok.pl\/","logo":{"@type":"ImageObject","inLanguage":"pl-PL","@id":"https:\/\/federacja.bialystok.pl\/#\/schema\/logo\/image\/","url":"https:\/\/federacja.bialystok.pl\/wp-content\/uploads\/2017\/11\/cropped-logo_federacja.png","contentUrl":"https:\/\/federacja.bialystok.pl\/wp-content\/uploads\/2017\/11\/cropped-logo_federacja.png","width":428,"height":147,"caption":"Federacja Organizacji Pozarz\u0105dowych Miasta Bia\u0142ystok"},"image":{"@id":"https:\/\/federacja.bialystok.pl\/#\/schema\/logo\/image\/"}}]}},"_links":{"self":[{"href":"https:\/\/federacja.bialystok.pl\/index.php\/wp-json\/wp\/v2\/pages\/5685","targetHints":{"allow":["GET"]}}],"collection":[{"href":"https:\/\/federacja.bialystok.pl\/index.php\/wp-json\/wp\/v2\/pages"}],"about":[{"href":"https:\/\/federacja.bialystok.pl\/index.php\/wp-json\/wp\/v2\/types\/page"}],"author":[{"embeddable":true,"href":"https:\/\/federacja.bialystok.pl\/index.php\/wp-json\/wp\/v2\/users\/1"}],"replies":[{"embeddable":true,"href":"https:\/\/federacja.bialystok.pl\/index.php\/wp-json\/wp\/v2\/comments?post=5685"}],"version-history":[{"count":4,"href":"https:\/\/federacja.bialystok.pl\/index.php\/wp-json\/wp\/v2\/pages\/5685\/revisions"}],"predecessor-version":[{"id":6234,"href":"https:\/\/federacja.bialystok.pl\/index.php\/wp-json\/wp\/v2\/pages\/5685\/revisions\/6234"}],"up":[{"embeddable":true,"href":"https:\/\/federacja.bialystok.pl\/index.php\/wp-json\/wp\/v2\/pages\/5687"}],"wp:attachment":[{"href":"https:\/\/federacja.bialystok.pl\/index.php\/wp-json\/wp\/v2\/media?parent=5685"}],"curies":[{"name":"wp","href":"https:\/\/api.w.org\/{rel}","templated":true}]}}