{"id":22,"date":"2017-03-15T10:12:43","date_gmt":"2017-03-15T10:12:43","guid":{"rendered":"http:\/\/demo.wpzoom.com\/balance\/?page_id=22"},"modified":"2025-02-27T08:44:41","modified_gmt":"2025-02-27T07:44:41","slug":"home","status":"publish","type":"page","link":"https:\/\/federacja.bialystok.pl\/","title":{"rendered":"Home"},"content":{"rendered":"<p><section class=\" fw-main-row-custom fw-main-row-top fw-section-no-padding\" style=\" \" >\n\t<div class=\"fw-container\">\n\t\t<div class=\"fw-row\">\n\t<div class=\"fw-col-xs-12\">\n\t\n\t<div class=\"fw-divider-space\" style=\"padding-top: 60px;\"><\/div>\n<h2 style=\"text-align: center;\">Federacja Organizacji Pozarz\u0105dowych Miasta Bia\u0142ystok.<\/h2>\n\t<div class=\"fw-divider-space\" style=\"padding-top: 60px;\"><\/div>\n<\/div>\n<\/div>\n\n\t<\/div>\n<\/section><section class=\" fw-main-row-custom fw-section-no-padding\" style=\" \" >\n\t<div class=\"fw-container-fluid\">\n\t\t<div class=\"fw-row\">\n\t<div class=\"fw-col-xs-12 fw-col-sm-6\">\n\t\n<div class=\"fw-category-image\" style=\"background-image: url(https:\/\/federacja.bialystok.pl\/wp-content\/uploads\/2025\/02\/1296x600-800x800.jpg);\">\n\n    <a href=\"https:\/\/federacja.bialystok.pl\/index.php\/inne-dzialania\/koszyk-uslug-spolecznych\/\" target=\"_self\">\n    \t<div class=\"fw-category-inner\">\n    \t\t<div class=\"fw-category-name\">\n    \t\t\t<h3>Koszyk Us\u0142ug Spo\u0142ecznych<\/h3>\n    \t\t<\/div>\n    \t\t<div class=\"fw-category-text\">\n    \t\t\t<p><\/p>\n    \t\t<\/div>\n\n            \n                <div class=\"wpz-btn-center\">\n                    <span class=\"wpz-btn wpz-btn-white\">\n                    Czytaj wi\u0119cej...                    <\/span>\n                <\/div>\n\n            \n    \t<\/div>\n\n    <\/a><\/div>\n<\/div>\n<div class=\"fw-col-xs-12 fw-col-sm-6\">\n\t\n<div class=\"fw-category-image\" style=\"background-image: url(\/\/federacja.bialystok.pl\/wp-content\/uploads\/2017\/03\/kawiarenki_blok.jpg);\">\n\n    <a href=\"http:\/\/federacja.bialystok.pl\/index.php\/inne-dzialania\/kawiarenki-obywatelskie\/\" target=\"_self\">\n    \t<div class=\"fw-category-inner\">\n    \t\t<div class=\"fw-category-name\">\n    \t\t\t<h3>Kawiarenki Obywatelskie<\/h3>\n    \t\t<\/div>\n    \t\t<div class=\"fw-category-text\">\n    \t\t\t<p><\/p>\n    \t\t<\/div>\n\n            \n                <div class=\"wpz-btn-center\">\n                    <span class=\"wpz-btn wpz-btn-white\">\n                    Czytaj wi\u0119cej...                    <\/span>\n                <\/div>\n\n            \n    \t<\/div>\n\n    <\/a><\/div>\n<\/div>\n<\/div>\n\n\t<\/div>\n<\/section><section class=\" fw-main-row-custom fw-section-no-padding\" style=\" \" >\n\t<div class=\"fw-container\">\n\t\t<div class=\"fw-row\">\n\t<div class=\"fw-col-xs-12\">\n\t\n\t<div class=\"fw-divider-space\" style=\"padding-top: 50px;\"><\/div>\n<div class=\"fw-heading fw-heading-center\" >\n\t\t<h2 class='fw-special-title'>Nasze dzia\u0142ania<\/h2>\t<\/div>\n\t<div class=\"fw-divider-space\" style=\"padding-top: 50px;\"><\/div>\n<\/div>\n<\/div>\n\n<div class=\"fw-row\">\n\t<div class=\"fw-col-xs-12 fw-col-sm-4\">\n\t<img decoding=\"async\" src=\"\/\/federacja.dfirma.pl\/wp-content\/uploads\/2017\/03\/wsparcie_blok.jpg\" alt=\"\/\/federacja.dfirma.pl\/wp-content\/uploads\/2017\/03\/wsparcie_blok.jpg\" \/><div class=\"fw-heading\" >\n\t\t<h3 class='fw-special-title'>Wsparcie<\/h3>\t<\/div><p style=\"text-align: justify;\">Dzia\u0142ania na rzecz wspierania sektora pozarz\u0105dowego w Bia\u0142ymstoku<\/p>\n\t<div class=\"fw-divider-space\" style=\"padding-top: 30px;\"><\/div>\n\n    <a href=\"http:\/\/federacja.bialystok.pl\/index.php\/wsparcie\/\" target=\"_self\" class=\"wpz-btn wpz-btn-1 \">\n    \t<span>Czytaj wi\u0119cej<\/span>\n    <\/a>\n\n\t<div class=\"fw-divider-space\" style=\"padding-top: 30px;\"><\/div>\n<\/div>\n<div class=\"fw-col-xs-12 fw-col-sm-4\">\n\t<img decoding=\"async\" src=\"\/\/federacja.dfirma.pl\/wp-content\/uploads\/2017\/03\/rzecznictwo_blok.jpg\" alt=\"\/\/federacja.dfirma.pl\/wp-content\/uploads\/2017\/03\/rzecznictwo_blok.jpg\" \/><div class=\"fw-heading\" >\n\t\t<h3 class='fw-special-title'>Rzecznictwo<\/h3>\t<\/div><p style=\"text-align: justify;\">Udzia\u0142 w tworzeniu i realizacji polityk<br \/>publicznych.<\/p>\n\t<div class=\"fw-divider-space\" style=\"padding-top: 30px;\"><\/div>\n\n    <a href=\"http:\/\/federacja.bialystok.pl\/index.php\/rzecznictwo\/\" target=\"_self\" class=\"wpz-btn wpz-btn-1 \">\n    \t<span>Czytaj wi\u0119cej...<\/span>\n    <\/a>\n\n\t<div class=\"fw-divider-space\" style=\"padding-top: 30px;\"><\/div>\n<\/div>\n<div class=\"fw-col-xs-12 fw-col-sm-4\">\n\t<img decoding=\"async\" src=\"\/\/federacja.dfirma.pl\/wp-content\/uploads\/2017\/03\/Integracja2.jpg\" alt=\"\/\/federacja.dfirma.pl\/wp-content\/uploads\/2017\/03\/Integracja2.jpg\" \/><div class=\"fw-heading\" >\n\t\t<h3 class='fw-special-title'>Integracja<\/h3>\t<\/div><p style=\"text-align: justify;\">Integracja \u015brodowiska i konsolidacja wok\u00f3\u0142 problem\u00f3w wa\u017cnych spo\u0142ecznie<\/p>\n\t<div class=\"fw-divider-space\" style=\"padding-top: 30px;\"><\/div>\n\n    <a href=\"http:\/\/federacja.bialystok.pl\/index.php\/integracja\/\" target=\"_self\" class=\"wpz-btn wpz-btn-1 \">\n    \t<span>Czytaj wi\u0119cej...<\/span>\n    <\/a>\n\n\t<div class=\"fw-divider-space\" style=\"padding-top: 30px;\"><\/div>\n<\/div>\n<\/div>\n\n<div class=\"fw-row\">\n\t<div class=\"fw-col-xs-12\">\n\t\n\t<div class=\"fw-divider-space\" style=\"padding-top: 50px;\"><\/div>\n<\/div>\n<\/div>\n\n\t<\/div>\n<\/section><section class=\" fw-main-row-custom fw-section-image fw-section-no-padding\" style=\" background-image:url(https:\/\/federacja.dfirma.pl\/wp-content\/uploads\/2017\/03\/helloquence-51716.jpg);\" >\n\t<div class=\"fw-container-fluid\">\n\t\t<div class=\"fw-row\">\n\t<div class=\"fw-col-xs-12 fw-col-sm-3\">\n\t<\/div>\n<div class=\"fw-col-xs-12 fw-col-sm-6\">\n\t\n\t<div class=\"fw-divider-space\" style=\"padding-top: 60px;\"><\/div>\n<div class=\"fw-heading fw-heading-center\" >\n\t\t<h2 class='fw-special-title'>O Nas<\/h2>\t<\/div><p style=\"text-align: center;\">Federacja Organizacji Pozarz\u0105dowych Miasta Bia\u0142ystok<\/p>\n\t<div class=\"fw-divider-space\" style=\"padding-top: 40px;\"><\/div>\n\n<div class=\"wpz-btn-center\">\n    <a href=\"http:\/\/federacja.bialystok.pl\/index.php\/o-nas\/misja-i-cele\/\" target=\"_self\" class=\"wpz-btn wpz-btn-1 \">\n    \t<span>Czytaj wi\u0119cej...<\/span>\n    <\/a>\n<\/div>\n\n\t<div class=\"fw-divider-space\" style=\"padding-top: 60px;\"><\/div>\n<\/div>\n<div class=\"fw-col-xs-12 fw-col-sm-3\">\n\t<\/div>\n<\/div>\n\n\t<\/div>\n<\/section><section class=\" fw-main-row-custom fw-section-no-padding\" style=\" \" >\n\t<div class=\"fw-container\">\n\t\t<div class=\"fw-row\">\n\t<div class=\"fw-col-xs-12\">\n\t\n\t<div class=\"fw-divider-space\" style=\"padding-top: 50px;\"><\/div>\n<div class=\"fw-heading fw-heading-center\" >\n\t\t<h2 class='fw-special-title'>Aktualno\u015bci<\/h2>\t<\/div>\n\t<div class=\"fw-divider-space\" style=\"padding-top: 40px;\"><\/div>\n\n\n    \n    \n            <ul class=\"feature-posts-list\">\n\n                \n                    <li>\n\n                        \n                            <div class=\"post-thumb\">\n                                <a href=\"https:\/\/federacja.bialystok.pl\/index.php\/2026\/01\/01\/szczesliwego-nowego-roku\/\"><img loading=\"lazy\" decoding=\"async\" width=\"360\" height=\"240\" src=\"https:\/\/federacja.bialystok.pl\/wp-content\/uploads\/2025\/12\/Jesli-dzialasz-w-NGO-w-Bialymstoku-albo-chcesz-zaczac-\u2014-odezwij-sie.-Zrobmy-cos-dobrego-razem-w-2026.-Szczesliwego-Nowego-Roku-\ud83e\udd42-360x240.png\" class=\"attachment-recent-thumbnail size-recent-thumbnail wp-post-image\" alt=\"Na czarnym tle fajerwerki na nocnym niebie. Napis: \u20181 stycznia\u2019 oraz \u2018Szcz\u0119\u015bliwego Nowego Roku!\u2019. Poni\u017cej tekst: \u2018Je\u015bli dzia\u0142asz w NGO w Bia\u0142ymstoku (albo chcesz zacz\u0105\u0107) \u2014 odezwij si\u0119. Zr\u00f3bmy co\u015b dobrego w 2026.\u2019 Na dole logo Federacji Organizacji Pozarz\u0105dowych Miasta Bia\u0142ystok.\" srcset=\"https:\/\/federacja.bialystok.pl\/wp-content\/uploads\/2025\/12\/Jesli-dzialasz-w-NGO-w-Bialymstoku-albo-chcesz-zaczac-\u2014-odezwij-sie.-Zrobmy-cos-dobrego-razem-w-2026.-Szczesliwego-Nowego-Roku-\ud83e\udd42-360x240.png 360w, https:\/\/federacja.bialystok.pl\/wp-content\/uploads\/2025\/12\/Jesli-dzialasz-w-NGO-w-Bialymstoku-albo-chcesz-zaczac-\u2014-odezwij-sie.-Zrobmy-cos-dobrego-razem-w-2026.-Szczesliwego-Nowego-Roku-\ud83e\udd42-720x480.png 720w\" sizes=\"auto, (max-width: 360px) 100vw, 360px\" \/><\/a>\n                            <\/div>\n\n                        \n\n                        <span class=\"entry-meta\">1 stycznia 2026<\/span>\n\n                        <h3><a href=\"https:\/\/federacja.bialystok.pl\/index.php\/2026\/01\/01\/szczesliwego-nowego-roku\/\" rel=\"bookmark\">Szcz\u0119\u015bliwego Nowego Roku!<\/a><\/h3>\n                                                    <p>Nowy Rok zaczynamy od wdzi\u0119czno\u015bci i nadziei. Dzi\u0119kujemy wszystkim organizacjom, spo\u0142eczniczkom i spo\u0142eczniczkom, wolontariuszkom i wolontariuszom oraz mieszka\u0144com Bia\u0142egostoku \u2013 za dzia\u0142ania, kt\u00f3re codziennie zmieniaj\u0105 miasto na lepsze. \u200b W 2026 \u017cyczymy Wam: energii do podejmowania m\u0105drych inicjatyw i dobrych partnerstw oraz czasu na odpoczynek, bo troska o innych zaczyna [&hellip;]<\/p>\n                        \n\n                        \n\n                    <\/li>\n\n                \n                    <li>\n\n                        \n                            <div class=\"post-thumb\">\n                                <a href=\"https:\/\/federacja.bialystok.pl\/index.php\/2025\/12\/29\/kierunki-rozwoju-sektora-obywatelskiego\/\"><img loading=\"lazy\" decoding=\"async\" width=\"360\" height=\"240\" src=\"https:\/\/federacja.bialystok.pl\/wp-content\/uploads\/2025\/12\/WPRES-obowiazujacy-360x240.png\" class=\"attachment-recent-thumbnail size-recent-thumbnail wp-post-image\" alt=\"Ok\u0142adka dokumentu &quot;Wieloletni Program Rozwoju Ekonomii Spo\u0142ecznej i Solidarno\u015bciowej w wojew\u00f3dztwie podlaskim do roku 2027 \u2013 aktualizacja&quot;. Logo Unii Europejskiej, Funduszu Europejskiego na rzecz Sp\u00f3jno\u015bci i logo wojew\u00f3dztwa podlaskiego. Tytu\u0142 programu z naciskiem na Bia\u0142ystok 2025, stopka z adresem www.podlaskiekonomiaspoleczna.pl.\" srcset=\"https:\/\/federacja.bialystok.pl\/wp-content\/uploads\/2025\/12\/WPRES-obowiazujacy-360x240.png 360w, https:\/\/federacja.bialystok.pl\/wp-content\/uploads\/2025\/12\/WPRES-obowiazujacy-720x480.png 720w\" sizes=\"auto, (max-width: 360px) 100vw, 360px\" \/><\/a>\n                            <\/div>\n\n                        \n\n                        <span class=\"entry-meta\">29 grudnia 2025<\/span>\n\n                        <h3><a href=\"https:\/\/federacja.bialystok.pl\/index.php\/2025\/12\/29\/kierunki-rozwoju-sektora-obywatelskiego\/\" rel=\"bookmark\">Kierunki rozwoju sektora obywatelskiego<\/a><\/h3>\n                                                    <p>Koniec roku to tradycyjnie czas podsumowa\u0144, ale w Federacji patrzymy przede wszystkim w przysz\u0142o\u015b\u0107! Analizuj\u0105c kierunki rozwoju sektora obywatelskiego w naszym regionie, widzimy wyra\u017an\u0105 zmian\u0119. Obecna strategia rozwoju ekonomii spo\u0142ecznej w wojew\u00f3dztwie podlaskim do roku 2027 stawia przed bia\u0142ostockimi NGO zupe\u0142nie nowe wyzwania, kt\u00f3re r\u00f3\u017cni\u0105 si\u0119 od tego, co znali\u015bmy [&hellip;]<\/p>\n                        \n\n                        \n\n                    <\/li>\n\n                \n                    <li>\n\n                        \n                            <div class=\"post-thumb\">\n                                <a href=\"https:\/\/federacja.bialystok.pl\/index.php\/2025\/12\/20\/wesolych-swiat-i-szczesliwego-nowego-roku\/\"><img loading=\"lazy\" decoding=\"async\" width=\"360\" height=\"240\" src=\"https:\/\/federacja.bialystok.pl\/wp-content\/uploads\/2025\/12\/i-szczesliwego-nowego-roku-360x240.png\" class=\"attachment-recent-thumbnail size-recent-thumbnail wp-post-image\" alt=\"Grafika o charakterze okoliczno\u015bciowym na be\u017cowym tle. W g\u00f3rnej cz\u0119\u015bci znajduje si\u0119 logo Federacji Organizacji Pozarz\u0105dowych Miasta Bia\u0142ystok. Poni\u017cej widnieje du\u017cy, ozdobny napis w kolorze ciemnoczerwonym: \u201eWeso\u0142ych \u015awi\u0105t\u201d, a pod nim mniejszym drukiem: \u201eI SZCZ\u0118\u015aLIWEGO NOWEGO ROKU\u201d. Doln\u0105 kraw\u0119d\u017a obrazu wype\u0142nia rz\u0105d r\u00f3\u017cnorodnych prezent\u00f3w w kolorach czerwonym, zielonym, bia\u0142ym i pomara\u0144czowym, ozdobionych geometrycznymi wzorami i wst\u0105\u017ckami. T\u0142o uzupe\u0142niaj\u0105 delikatne bia\u0142e kropki imituj\u0105ce \u015bnieg oraz minimalistyczne, stylizowane gwiazdki.\" srcset=\"https:\/\/federacja.bialystok.pl\/wp-content\/uploads\/2025\/12\/i-szczesliwego-nowego-roku-360x240.png 360w, https:\/\/federacja.bialystok.pl\/wp-content\/uploads\/2025\/12\/i-szczesliwego-nowego-roku-720x480.png 720w\" sizes=\"auto, (max-width: 360px) 100vw, 360px\" \/><\/a>\n                            <\/div>\n\n                        \n\n                        <span class=\"entry-meta\">20 grudnia 2025<\/span>\n\n                        <h3><a href=\"https:\/\/federacja.bialystok.pl\/index.php\/2025\/12\/20\/wesolych-swiat-i-szczesliwego-nowego-roku\/\" rel=\"bookmark\">Weso\u0142ych \u015awi\u0105t i Szcz\u0119\u015bliwego Nowego Roku!<\/a><\/h3>\n                                                    <p>Drogie Kole\u017canki i Drodzy Koledzy, Z okazji zbli\u017caj\u0105cych si\u0119 \u015awi\u0105t Bo\u017cego Narodzenia oraz Nowego Roku 2026 pragniemy z\u0142o\u017cy\u0107 Wam najserdeczniejsze \u017cyczenia. Niech ten wyj\u0105tkowy czas przyniesie Wam spok\u00f3j, rado\u015b\u0107 i mo\u017cliwo\u015b\u0107 odpoczynku w gronie najbli\u017cszych. Niech \u015bwiat\u0142o betlejemskiej gwiazdy rozja\u015bni Wasze serca, a magiczna atmosfera \u015awi\u0105t nape\u0142ni domy ciep\u0142em i [&hellip;]<\/p>\n                        \n\n                        \n\n                    <\/li>\n\n                \n                    <li>\n\n                        \n                            <div class=\"post-thumb\">\n                                <a href=\"https:\/\/federacja.bialystok.pl\/index.php\/2025\/10\/14\/forum-inicjatyw-spolecznych-organizacji-pozarzadowych-miasta-bialystok-2025\/\"><img loading=\"lazy\" decoding=\"async\" width=\"360\" height=\"240\" src=\"https:\/\/federacja.bialystok.pl\/wp-content\/uploads\/2025\/10\/Tekst-akapitu-1-360x240.png\" class=\"attachment-recent-thumbnail size-recent-thumbnail wp-post-image\" alt=\"\" srcset=\"https:\/\/federacja.bialystok.pl\/wp-content\/uploads\/2025\/10\/Tekst-akapitu-1-360x240.png 360w, https:\/\/federacja.bialystok.pl\/wp-content\/uploads\/2025\/10\/Tekst-akapitu-1-720x480.png 720w\" sizes=\"auto, (max-width: 360px) 100vw, 360px\" \/><\/a>\n                            <\/div>\n\n                        \n\n                        <span class=\"entry-meta\">14 pa\u017adziernika 2025<\/span>\n\n                        <h3><a href=\"https:\/\/federacja.bialystok.pl\/index.php\/2025\/10\/14\/forum-inicjatyw-spolecznych-organizacji-pozarzadowych-miasta-bialystok-2025\/\" rel=\"bookmark\">Forum Inicjatyw Spo\u0142ecznych organizacji pozarz\u0105dowych Miasta Bia\u0142ystok 2025<\/a><\/h3>\n                                                    <p>Forum Inicjatyw Spo\u0142ecznych Miasta Bia\u0142ystok 2025 \u201eSukcesja w NGO \u2013 jak m\u0105drze przekazywa\u0107 stery i budowa\u0107 trwa\u0142o\u015b\u0107 organizacji\u201d 17\u201318 pa\u017adziernika 2025 r., Centrum Aktywno\u015bci Spo\u0142ecznej, ul. \u015bw. Rocha 3, Bia\u0142ystok Federacja Organizacji Pozarz\u0105dowych Miasta Bia\u0142ystok wsp\u00f3lnie z Prezydentem Miasta Bia\u0142ystok oraz O\u015brodkiem Wspierania Organizacji Pozarz\u0105dowych a tak\u017ce\u00a0 Centrum Aktywno\u015bci Spo\u0142ecznej [&hellip;]<\/p>\n                        \n\n                        \n\n                    <\/li>\n\n                \n            <\/ul>\n\n    \n\t<div class=\"fw-divider-space\" style=\"padding-top: 50px;\"><\/div>\n<\/div>\n<\/div>\n\n\t<\/div>\n<\/section><\/p>\n","protected":false},"excerpt":{"rendered":"<p>Forum Inicjatyw Spo\u0142ecznych Miasta Bia\u0142ystok 2025 \u201eSukcesja w NGO \u2013 jak m\u0105drze przekazywa\u0107 stery i budowa\u0107 trwa\u0142o\u015b\u0107 organizacji\u201d 17\u201318 pa\u017adziernika 2025 r., Centrum Aktywno\u015bci Spo\u0142ecznej, ul. \u015bw. Rocha 3, Bia\u0142ystok Federacja Organizacji Pozarz\u0105dowych Miasta Bia\u0142ystok wsp\u00f3lnie z Prezydentem Miasta Bia\u0142ystok oraz O\u015brodkiem Wspierania Organizacji Pozarz\u0105dowych a tak\u017ce\u00a0 Centrum Aktywno\u015bci Spo\u0142ecznej [&hellip;]<\/p>\n","protected":false},"author":1,"featured_media":0,"parent":0,"menu_order":0,"comment_status":"closed","ping_status":"closed","template":"page-templates\/homepage-builder.php","meta":{"om_disable_all_campaigns":false,"_monsterinsights_skip_tracking":false,"_monsterinsights_sitenote_active":false,"_monsterinsights_sitenote_note":"","_monsterinsights_sitenote_category":0,"footnotes":""},"class_list":["post-22","page","type-page","status-publish","hentry"],"yoast_head":"<!-- This site is optimized with the Yoast SEO plugin v24.5 - https:\/\/yoast.com\/wordpress\/plugins\/seo\/ -->\n<title>Home - Federacja Organizacji Pozarz\u0105dowych Miasta Bia\u0142ystok<\/title>\n<meta name=\"robots\" content=\"index, follow, max-snippet:-1, max-image-preview:large, max-video-preview:-1\" \/>\n<link rel=\"canonical\" href=\"https:\/\/federacja.bialystok.pl\/\" \/>\n<meta property=\"og:locale\" content=\"pl_PL\" \/>\n<meta property=\"og:type\" content=\"article\" \/>\n<meta property=\"og:title\" content=\"Home - Federacja Organizacji Pozarz\u0105dowych Miasta Bia\u0142ystok\" \/>\n<meta property=\"og:description\" content=\"Forum Inicjatyw Spo\u0142ecznych Miasta Bia\u0142ystok 2025 \u201eSukcesja w NGO \u2013 jak m\u0105drze przekazywa\u0107 stery i budowa\u0107 trwa\u0142o\u015b\u0107 organizacji\u201d 17\u201318 pa\u017adziernika 2025 r., Centrum Aktywno\u015bci Spo\u0142ecznej, ul. \u015bw. Rocha 3, Bia\u0142ystok Federacja Organizacji Pozarz\u0105dowych Miasta Bia\u0142ystok wsp\u00f3lnie z Prezydentem Miasta Bia\u0142ystok oraz O\u015brodkiem Wspierania Organizacji Pozarz\u0105dowych a tak\u017ce\u00a0 Centrum Aktywno\u015bci Spo\u0142ecznej [&hellip;]\" \/>\n<meta property=\"og:url\" content=\"https:\/\/federacja.bialystok.pl\/\" \/>\n<meta property=\"og:site_name\" content=\"Federacja Organizacji Pozarz\u0105dowych Miasta Bia\u0142ystok\" \/>\n<meta property=\"article:modified_time\" content=\"2025-02-27T07:44:41+00:00\" \/>\n<meta property=\"og:image\" content=\"https:\/\/federacja.bialystok.pl\/wp-content\/uploads\/2024\/10\/Zrzut-ekranu-2024-10-16-072332-360x240.png\" \/>\n<meta name=\"twitter:card\" content=\"summary_large_image\" \/>\n<meta name=\"twitter:label1\" content=\"Szacowany czas czytania\" \/>\n\t<meta name=\"twitter:data1\" content=\"5 minut\" \/>\n<script type=\"application\/ld+json\" class=\"yoast-schema-graph\">{\"@context\":\"https:\/\/schema.org\",\"@graph\":[{\"@type\":\"WebPage\",\"@id\":\"https:\/\/federacja.bialystok.pl\/\",\"url\":\"https:\/\/federacja.bialystok.pl\/\",\"name\":\"Home - Federacja Organizacji Pozarz\u0105dowych Miasta Bia\u0142ystok\",\"isPartOf\":{\"@id\":\"https:\/\/federacja.bialystok.pl\/#website\"},\"primaryImageOfPage\":{\"@id\":\"https:\/\/federacja.bialystok.pl\/#primaryimage\"},\"image\":{\"@id\":\"https:\/\/federacja.bialystok.pl\/#primaryimage\"},\"thumbnailUrl\":\"https:\/\/federacja.bialystok.pl\/wp-content\/uploads\/2024\/10\/Zrzut-ekranu-2024-10-16-072332-360x240.png\",\"datePublished\":\"2017-03-15T10:12:43+00:00\",\"dateModified\":\"2025-02-27T07:44:41+00:00\",\"breadcrumb\":{\"@id\":\"https:\/\/federacja.bialystok.pl\/#breadcrumb\"},\"inLanguage\":\"pl-PL\",\"potentialAction\":[{\"@type\":\"ReadAction\",\"target\":[\"https:\/\/federacja.bialystok.pl\/\"]}]},{\"@type\":\"ImageObject\",\"inLanguage\":\"pl-PL\",\"@id\":\"https:\/\/federacja.bialystok.pl\/#primaryimage\",\"url\":\"https:\/\/federacja.bialystok.pl\/wp-content\/uploads\/2024\/10\/Zrzut-ekranu-2024-10-16-072332.png\",\"contentUrl\":\"https:\/\/federacja.bialystok.pl\/wp-content\/uploads\/2024\/10\/Zrzut-ekranu-2024-10-16-072332.png\",\"width\":2287,\"height\":1081,\"caption\":\"Zrzut ekranu Koszyka Us\u0142ug Spo\u0142ecznych\"},{\"@type\":\"BreadcrumbList\",\"@id\":\"https:\/\/federacja.bialystok.pl\/#breadcrumb\",\"itemListElement\":[{\"@type\":\"ListItem\",\"position\":1,\"name\":\"Strona g\u0142\u00f3wna\",\"item\":\"https:\/\/federacja.bialystok.pl\/\"},{\"@type\":\"ListItem\",\"position\":2,\"name\":\"Home\"}]},{\"@type\":\"WebSite\",\"@id\":\"https:\/\/federacja.bialystok.pl\/#website\",\"url\":\"https:\/\/federacja.bialystok.pl\/\",\"name\":\"Federacja Organizacji Pozarz\u0105dowych Miasta Bia\u0142ystok\",\"description\":\"\",\"publisher\":{\"@id\":\"https:\/\/federacja.bialystok.pl\/#organization\"},\"potentialAction\":[{\"@type\":\"SearchAction\",\"target\":{\"@type\":\"EntryPoint\",\"urlTemplate\":\"https:\/\/federacja.bialystok.pl\/?s={search_term_string}\"},\"query-input\":{\"@type\":\"PropertyValueSpecification\",\"valueRequired\":true,\"valueName\":\"search_term_string\"}}],\"inLanguage\":\"pl-PL\"},{\"@type\":\"Organization\",\"@id\":\"https:\/\/federacja.bialystok.pl\/#organization\",\"name\":\"Federacja Organizacji Pozarz\u0105dowych Miasta Bia\u0142ystok\",\"url\":\"https:\/\/federacja.bialystok.pl\/\",\"logo\":{\"@type\":\"ImageObject\",\"inLanguage\":\"pl-PL\",\"@id\":\"https:\/\/federacja.bialystok.pl\/#\/schema\/logo\/image\/\",\"url\":\"https:\/\/federacja.bialystok.pl\/wp-content\/uploads\/2017\/11\/cropped-logo_federacja.png\",\"contentUrl\":\"https:\/\/federacja.bialystok.pl\/wp-content\/uploads\/2017\/11\/cropped-logo_federacja.png\",\"width\":428,\"height\":147,\"caption\":\"Federacja Organizacji Pozarz\u0105dowych Miasta Bia\u0142ystok\"},\"image\":{\"@id\":\"https:\/\/federacja.bialystok.pl\/#\/schema\/logo\/image\/\"}}]}<\/script>\n<!-- \/ Yoast SEO plugin. -->","yoast_head_json":{"title":"Home - Federacja Organizacji Pozarz\u0105dowych Miasta Bia\u0142ystok","robots":{"index":"index","follow":"follow","max-snippet":"max-snippet:-1","max-image-preview":"max-image-preview:large","max-video-preview":"max-video-preview:-1"},"canonical":"https:\/\/federacja.bialystok.pl\/","og_locale":"pl_PL","og_type":"article","og_title":"Home - Federacja Organizacji Pozarz\u0105dowych Miasta Bia\u0142ystok","og_description":"Forum Inicjatyw Spo\u0142ecznych Miasta Bia\u0142ystok 2025 \u201eSukcesja w NGO \u2013 jak m\u0105drze przekazywa\u0107 stery i budowa\u0107 trwa\u0142o\u015b\u0107 organizacji\u201d 17\u201318 pa\u017adziernika 2025 r., Centrum Aktywno\u015bci Spo\u0142ecznej, ul. \u015bw. Rocha 3, Bia\u0142ystok Federacja Organizacji Pozarz\u0105dowych Miasta Bia\u0142ystok wsp\u00f3lnie z Prezydentem Miasta Bia\u0142ystok oraz O\u015brodkiem Wspierania Organizacji Pozarz\u0105dowych a tak\u017ce\u00a0 Centrum Aktywno\u015bci Spo\u0142ecznej [&hellip;]","og_url":"https:\/\/federacja.bialystok.pl\/","og_site_name":"Federacja Organizacji Pozarz\u0105dowych Miasta Bia\u0142ystok","article_modified_time":"2025-02-27T07:44:41+00:00","og_image":[{"url":"https:\/\/federacja.bialystok.pl\/wp-content\/uploads\/2024\/10\/Zrzut-ekranu-2024-10-16-072332-360x240.png","type":"","width":"","height":""}],"twitter_card":"summary_large_image","twitter_misc":{"Szacowany czas czytania":"5 minut"},"schema":{"@context":"https:\/\/schema.org","@graph":[{"@type":"WebPage","@id":"https:\/\/federacja.bialystok.pl\/","url":"https:\/\/federacja.bialystok.pl\/","name":"Home - Federacja Organizacji Pozarz\u0105dowych Miasta Bia\u0142ystok","isPartOf":{"@id":"https:\/\/federacja.bialystok.pl\/#website"},"primaryImageOfPage":{"@id":"https:\/\/federacja.bialystok.pl\/#primaryimage"},"image":{"@id":"https:\/\/federacja.bialystok.pl\/#primaryimage"},"thumbnailUrl":"https:\/\/federacja.bialystok.pl\/wp-content\/uploads\/2024\/10\/Zrzut-ekranu-2024-10-16-072332-360x240.png","datePublished":"2017-03-15T10:12:43+00:00","dateModified":"2025-02-27T07:44:41+00:00","breadcrumb":{"@id":"https:\/\/federacja.bialystok.pl\/#breadcrumb"},"inLanguage":"pl-PL","potentialAction":[{"@type":"ReadAction","target":["https:\/\/federacja.bialystok.pl\/"]}]},{"@type":"ImageObject","inLanguage":"pl-PL","@id":"https:\/\/federacja.bialystok.pl\/#primaryimage","url":"https:\/\/federacja.bialystok.pl\/wp-content\/uploads\/2024\/10\/Zrzut-ekranu-2024-10-16-072332.png","contentUrl":"https:\/\/federacja.bialystok.pl\/wp-content\/uploads\/2024\/10\/Zrzut-ekranu-2024-10-16-072332.png","width":2287,"height":1081,"caption":"Zrzut ekranu Koszyka Us\u0142ug Spo\u0142ecznych"},{"@type":"BreadcrumbList","@id":"https:\/\/federacja.bialystok.pl\/#breadcrumb","itemListElement":[{"@type":"ListItem","position":1,"name":"Strona g\u0142\u00f3wna","item":"https:\/\/federacja.bialystok.pl\/"},{"@type":"ListItem","position":2,"name":"Home"}]},{"@type":"WebSite","@id":"https:\/\/federacja.bialystok.pl\/#website","url":"https:\/\/federacja.bialystok.pl\/","name":"Federacja Organizacji Pozarz\u0105dowych Miasta Bia\u0142ystok","description":"","publisher":{"@id":"https:\/\/federacja.bialystok.pl\/#organization"},"potentialAction":[{"@type":"SearchAction","target":{"@type":"EntryPoint","urlTemplate":"https:\/\/federacja.bialystok.pl\/?s={search_term_string}"},"query-input":{"@type":"PropertyValueSpecification","valueRequired":true,"valueName":"search_term_string"}}],"inLanguage":"pl-PL"},{"@type":"Organization","@id":"https:\/\/federacja.bialystok.pl\/#organization","name":"Federacja Organizacji Pozarz\u0105dowych Miasta Bia\u0142ystok","url":"https:\/\/federacja.bialystok.pl\/","logo":{"@type":"ImageObject","inLanguage":"pl-PL","@id":"https:\/\/federacja.bialystok.pl\/#\/schema\/logo\/image\/","url":"https:\/\/federacja.bialystok.pl\/wp-content\/uploads\/2017\/11\/cropped-logo_federacja.png","contentUrl":"https:\/\/federacja.bialystok.pl\/wp-content\/uploads\/2017\/11\/cropped-logo_federacja.png","width":428,"height":147,"caption":"Federacja Organizacji Pozarz\u0105dowych Miasta Bia\u0142ystok"},"image":{"@id":"https:\/\/federacja.bialystok.pl\/#\/schema\/logo\/image\/"}}]}},"_links":{"self":[{"href":"https:\/\/federacja.bialystok.pl\/index.php\/wp-json\/wp\/v2\/pages\/22","targetHints":{"allow":["GET"]}}],"collection":[{"href":"https:\/\/federacja.bialystok.pl\/index.php\/wp-json\/wp\/v2\/pages"}],"about":[{"href":"https:\/\/federacja.bialystok.pl\/index.php\/wp-json\/wp\/v2\/types\/page"}],"author":[{"embeddable":true,"href":"https:\/\/federacja.bialystok.pl\/index.php\/wp-json\/wp\/v2\/users\/1"}],"replies":[{"embeddable":true,"href":"https:\/\/federacja.bialystok.pl\/index.php\/wp-json\/wp\/v2\/comments?post=22"}],"version-history":[{"count":9,"href":"https:\/\/federacja.bialystok.pl\/index.php\/wp-json\/wp\/v2\/pages\/22\/revisions"}],"predecessor-version":[{"id":6243,"href":"https:\/\/federacja.bialystok.pl\/index.php\/wp-json\/wp\/v2\/pages\/22\/revisions\/6243"}],"wp:attachment":[{"href":"https:\/\/federacja.bialystok.pl\/index.php\/wp-json\/wp\/v2\/media?parent=22"}],"curies":[{"name":"wp","href":"https:\/\/api.w.org\/{rel}","templated":true}]}}